{"id":663,"date":"2025-09-09T22:19:41","date_gmt":"2025-09-09T19:19:41","guid":{"rendered":"https:\/\/goktas.net\/?page_id=663"},"modified":"2025-09-13T00:26:16","modified_gmt":"2025-09-12T21:26:16","slug":"mali-muhur-nedir","status":"publish","type":"page","link":"https:\/\/goktas.net\/en\/mali-muhur-nedir\/","title":{"rendered":"What is a Financial Seal?"},"content":{"rendered":"<div data-elementor-type=\"wp-page\" data-elementor-id=\"663\" class=\"elementor elementor-663\">\n\t\t\t\t<div class=\"elementor-element elementor-element-eed6de6 e-flex e-con-boxed e-con e-parent\" data-id=\"eed6de6\" data-element_type=\"container\" data-settings=\"{&quot;background_background&quot;:&quot;classic&quot;,&quot;jet_parallax_layout_list&quot;:[]}\">\n\t\t\t\t\t<div class=\"e-con-inner\">\n\t\t<div class=\"elementor-element elementor-element-a0a7bea e-con-full e-flex e-con e-child\" data-id=\"a0a7bea\" data-element_type=\"container\" data-settings=\"{&quot;jet_parallax_layout_list&quot;:[]}\">\n\t\t\t\t<div class=\"elementor-element elementor-element-a77573d elementor-widget elementor-widget-heading\" data-id=\"a77573d\" data-element_type=\"widget\" data-widget_type=\"heading.default\">\n\t\t\t\t\t<h2 class=\"elementor-heading-title elementor-size-default\">What is a Financial Seal?<\/h2>\t\t\t\t<\/div>\n\t\t\t\t<\/div>\n\t\t\t\t\t<\/div>\n\t\t\t\t<\/div>\n\t\t<div class=\"elementor-element elementor-element-a5f358b e-flex e-con-boxed elementor-invisible e-con e-parent\" data-id=\"a5f358b\" data-element_type=\"container\" data-settings=\"{&quot;jet_parallax_layout_list&quot;:[],&quot;animation&quot;:&quot;fadeInUp&quot;}\">\n\t\t\t\t\t<div class=\"e-con-inner\">\n\t\t<div class=\"elementor-element elementor-element-c1029d4 e-con-full e-flex e-con e-child\" data-id=\"c1029d4\" data-element_type=\"container\" data-settings=\"{&quot;jet_parallax_layout_list&quot;:[]}\">\n\t\t\t\t<div class=\"elementor-element elementor-element-655cc60 elementor-widget elementor-widget-html\" data-id=\"655cc60\" data-element_type=\"widget\" data-widget_type=\"html.default\">\n\t\t\t\t\t<!-- Mali M\u00fch\u00fcr Nedir \u2013 ikonlu kart (inline, same system) -->\r\n<section style=\"--max:1100px; --pad:22px; --gap:18px; --radius:16px; --ring:#e5e7eb; --text:#0f172a; --muted:#334155; --shadow:0 16px 30px rgba(0,0,0,.12); --wash:#f8fafc; --acc1:#3b82f6; --acc2:#22c55e; font-family:system-ui,-apple-system,Segoe UI,Roboto,Arial,sans-serif; color:var(--text);\">\r\n\r\n  <style>\r\n    .card{max-width:var(--max); margin:0 auto 18px; background:#fff; border:1px solid var(--ring); border-radius:var(--radius); box-shadow:var(--shadow); overflow:hidden;}\r\n    .card .topline{height:4px; background:linear-gradient(90deg,var(--acc1),var(--acc2)); opacity:.85;}\r\n    .card .inner{display:grid; grid-template-columns:84px 1fr; gap:var(--gap); align-items:flex-start; padding:var(--pad);}\r\n    .ico-wrap{display:flex; align-items:center; justify-content:center; width:84px; height:84px; border-radius:14px; background:var(--wash); border:1px solid var(--ring);}\r\n    .title{margin:0 0 10px; font-size:24px; line-height:1.25; background:linear-gradient(transparent calc(100% - 5px), rgba(34,197,94,.14)); display:inline; box-decoration-break:clone;}\r\n    .text{color:var(--muted); line-height:1.85; margin:0;}\r\n    @media (max-width: 820px){\r\n      .card .inner{grid-template-columns:1fr; gap:12px;}\r\n      .ico-wrap{width:72px; height:72px;}\r\n      .title{font-size:22px;}\r\n    }\r\n  <\/style>\r\n\r\n  <!-- Mali M\u00fch\u00fcr Nedir? -->\r\n  <article class=\"card\">\r\n    <div class=\"topline\"><\/div>\r\n    <div class=\"inner\">\r\n      <!-- \u0130KON: M\u00fch\u00fcr \/ rozet + kilit -->\r\n      <div class=\"ico-wrap\" aria-hidden=\"true\">\r\n        <svg width=\"40\" height=\"40\" viewbox=\"0 0 24 24\" fill=\"none\">\r\n          <!-- rozet -->\r\n          <path d=\"M12 3l2.1 3.9 4.4.6-3.2 3.1.8 4.4L12 13.8 7.9 15l.8-4.4L5.6 7.5l4.4-.6L12 3z\" fill=\"#3b82f6\" opacity=\".25\"\/>\r\n          <!-- kilit g\u00f6vdesi -->\r\n          <rect x=\"8\" y=\"12.4\" width=\"8\" height=\"6.6\" rx=\"1.4\" stroke=\"#0f172a\" stroke-width=\"1.4\"\/>\r\n          <!-- kilit kemeri -->\r\n          <path d=\"M10 12.4v-1a2.2 2.2 0 1 1 4.4 0v1\" stroke=\"#22c55e\" stroke-width=\"1.4\" stroke-linecap=\"round\"\/>\r\n          <!-- k\u00fc\u00e7\u00fck onay -->\r\n          <circle cx=\"16.5\" cy=\"17.7\" r=\"1.4\" fill=\"#22c55e\"\/>\r\n        <\/svg>\r\n      <\/div>\r\n      <div>\r\n        <h2 class=\"title\">What is a Financial Seal?<\/h2>\r\n        <p class=\"text\">A fiscal seal is an electronic certificate that legal entities, namely companies, are required to use in their e-document applications. Mandatory for the signing and verification of e-invoices, e-ledgers, and similar official documents, the fiscal seal provides authorization to sign on behalf of the company.<\/p>\r\n        <p class=\"text\">A fiscal seal should not be confused with an e-signature. While an e-signature is valid for individuals, a fiscal seal is used for the legal identity of companies. Therefore, a company must obtain a fiscal seal to transition to an e-invoicing system. A fiscal seal device is typically issued in the form of a smart card or USB token. This device is used to sign e-documents and securely transmit them to the Revenue Administration system.<\/p>\r\n        <p class=\"text\">The fiscal seal verifies the source of issued e-invoices, guarantees document security, and prevents potential fraud. Furthermore, the fiscal seal provides legal validity for all financial transactions conducted electronically by companies.<\/p>\r\n        <p class=\"text\">Today, a financial seal is a necessity for every company participating in the e-transformation process. You can apply for a financial seal as the first step in your business&#039;s digitalization process. For more information, please visit our &quot;What is a Financial Seal&quot; page.<\/p>\r\n      <\/div>\r\n    <\/div>\r\n  <\/article>\r\n\r\n<\/section>\r\n\t\t\t\t<\/div>\n\t\t\t\t<\/div>\n\t\t\t\t\t<\/div>\n\t\t\t\t<\/div>\n\t\t\t\t<\/div>","protected":false},"excerpt":{"rendered":"<p>What is a Financial Seal? What is a Financial Seal? A financial seal is an electronic certificate that legal entities, namely companies, are required to use in their e-document applications. Mandatory for the signing and verification of e-invoices, e-ledgers, and similar official documents, a financial seal grants the authority to sign on behalf of the company. A financial seal should not be confused with an e-signature. While an e-signature is valid for individuals, a financial seal is used for the legal identity of companies [\u2026]<\/p>","protected":false},"author":1,"featured_media":641,"parent":0,"menu_order":0,"comment_status":"closed","ping_status":"closed","template":"elementor_header_footer","meta":{"_acf_changed":false,"footnotes":""},"class_list":["post-663","page","type-page","status-publish","has-post-thumbnail","hentry"],"acf":[],"yoast_head":"<!-- This site is optimized with the Yoast SEO plugin v25.6 - https:\/\/yoast.com\/wordpress\/plugins\/seo\/ -->\n<title>Mali M\u00fch\u00fcr Nedir - G\u00f6kta\u015f Bilgisayar<\/title>\n<meta name=\"robots\" content=\"index, follow, max-snippet:-1, max-image-preview:large, max-video-preview:-1\" \/>\n<link rel=\"canonical\" href=\"https:\/\/goktas.net\/en\/mali-muhur-nedir\/\" \/>\n<meta property=\"og:locale\" content=\"en_US\" \/>\n<meta property=\"og:type\" content=\"article\" \/>\n<meta property=\"og:title\" content=\"Mali M\u00fch\u00fcr Nedir - G\u00f6kta\u015f Bilgisayar\" \/>\n<meta property=\"og:description\" content=\"Mali M\u00fch\u00fcr Nedir Mali M\u00fch\u00fcr Nedir? Mali m\u00fch\u00fcr, t\u00fczel ki\u015filiklerin yani \u015firketlerin e-belge uygulamalar\u0131nda kullanmak zorunda olduklar\u0131 elektronik sertifikad\u0131r. E-fatura, e-defter ve benzeri resmi belgelerin imzalanmas\u0131 ve do\u011frulanmas\u0131 i\u00e7in zorunlu olan mali m\u00fch\u00fcr, \u015firket ad\u0131na imzalama yetkisi sa\u011flar. Mali m\u00fch\u00fcr, e-imza ile kar\u0131\u015ft\u0131r\u0131lmamal\u0131d\u0131r. E-imza ger\u00e7ek ki\u015filer i\u00e7in ge\u00e7erli iken, mali m\u00fch\u00fcr \u015firketlerin t\u00fczel kimlikleri i\u00e7in [&hellip;]\" \/>\n<meta property=\"og:url\" content=\"https:\/\/goktas.net\/en\/mali-muhur-nedir\/\" \/>\n<meta property=\"og:site_name\" content=\"G\u00f6kta\u015f Bilgisayar\" \/>\n<meta property=\"article:modified_time\" content=\"2025-09-12T21:26:16+00:00\" \/>\n<meta property=\"og:image\" content=\"https:\/\/goktas.net\/wp-content\/uploads\/2025\/09\/1-1.png\" \/>\n\t<meta property=\"og:image:width\" content=\"500\" \/>\n\t<meta property=\"og:image:height\" content=\"500\" \/>\n\t<meta property=\"og:image:type\" content=\"image\/png\" \/>\n<meta name=\"twitter:card\" content=\"summary_large_image\" \/>\n<meta name=\"twitter:label1\" content=\"Est. reading time\" \/>\n\t<meta name=\"twitter:data1\" content=\"1 minute\" \/>\n<script type=\"application\/ld+json\" class=\"yoast-schema-graph\">{\"@context\":\"https:\/\/schema.org\",\"@graph\":[{\"@type\":\"WebPage\",\"@id\":\"https:\/\/goktas.net\/mali-muhur-nedir\/\",\"url\":\"https:\/\/goktas.net\/mali-muhur-nedir\/\",\"name\":\"Mali M\u00fch\u00fcr Nedir - G\u00f6kta\u015f Bilgisayar\",\"isPartOf\":{\"@id\":\"https:\/\/goktas.net\/#website\"},\"primaryImageOfPage\":{\"@id\":\"https:\/\/goktas.net\/mali-muhur-nedir\/#primaryimage\"},\"image\":{\"@id\":\"https:\/\/goktas.net\/mali-muhur-nedir\/#primaryimage\"},\"thumbnailUrl\":\"https:\/\/goktas.net\/wp-content\/uploads\/2025\/09\/1-1.png\",\"datePublished\":\"2025-09-09T19:19:41+00:00\",\"dateModified\":\"2025-09-12T21:26:16+00:00\",\"breadcrumb\":{\"@id\":\"https:\/\/goktas.net\/mali-muhur-nedir\/#breadcrumb\"},\"inLanguage\":\"en-US\",\"potentialAction\":[{\"@type\":\"ReadAction\",\"target\":[\"https:\/\/goktas.net\/mali-muhur-nedir\/\"]}]},{\"@type\":\"ImageObject\",\"inLanguage\":\"en-US\",\"@id\":\"https:\/\/goktas.net\/mali-muhur-nedir\/#primaryimage\",\"url\":\"https:\/\/goktas.net\/wp-content\/uploads\/2025\/09\/1-1.png\",\"contentUrl\":\"https:\/\/goktas.net\/wp-content\/uploads\/2025\/09\/1-1.png\",\"width\":500,\"height\":500},{\"@type\":\"BreadcrumbList\",\"@id\":\"https:\/\/goktas.net\/mali-muhur-nedir\/#breadcrumb\",\"itemListElement\":[{\"@type\":\"ListItem\",\"position\":1,\"name\":\"Anasayfa\",\"item\":\"https:\/\/goktas.net\/\"},{\"@type\":\"ListItem\",\"position\":2,\"name\":\"Mali M\u00fch\u00fcr Nedir\"}]},{\"@type\":\"WebSite\",\"@id\":\"https:\/\/goktas.net\/#website\",\"url\":\"https:\/\/goktas.net\/\",\"name\":\"G\u00f6kta\u015f Bilgisayar\",\"description\":\"G\u00f6kta\u015f Bilgisayar\",\"potentialAction\":[{\"@type\":\"SearchAction\",\"target\":{\"@type\":\"EntryPoint\",\"urlTemplate\":\"https:\/\/goktas.net\/?s={search_term_string}\"},\"query-input\":{\"@type\":\"PropertyValueSpecification\",\"valueRequired\":true,\"valueName\":\"search_term_string\"}}],\"inLanguage\":\"en-US\"}]}<\/script>\n<!-- \/ Yoast SEO plugin. -->","yoast_head_json":{"title":"Mali M\u00fch\u00fcr Nedir - G\u00f6kta\u015f Bilgisayar","robots":{"index":"index","follow":"follow","max-snippet":"max-snippet:-1","max-image-preview":"max-image-preview:large","max-video-preview":"max-video-preview:-1"},"canonical":"https:\/\/goktas.net\/en\/mali-muhur-nedir\/","og_locale":"en_US","og_type":"article","og_title":"Mali M\u00fch\u00fcr Nedir - G\u00f6kta\u015f Bilgisayar","og_description":"Mali M\u00fch\u00fcr Nedir Mali M\u00fch\u00fcr Nedir? Mali m\u00fch\u00fcr, t\u00fczel ki\u015filiklerin yani \u015firketlerin e-belge uygulamalar\u0131nda kullanmak zorunda olduklar\u0131 elektronik sertifikad\u0131r. E-fatura, e-defter ve benzeri resmi belgelerin imzalanmas\u0131 ve do\u011frulanmas\u0131 i\u00e7in zorunlu olan mali m\u00fch\u00fcr, \u015firket ad\u0131na imzalama yetkisi sa\u011flar. Mali m\u00fch\u00fcr, e-imza ile kar\u0131\u015ft\u0131r\u0131lmamal\u0131d\u0131r. E-imza ger\u00e7ek ki\u015filer i\u00e7in ge\u00e7erli iken, mali m\u00fch\u00fcr \u015firketlerin t\u00fczel kimlikleri i\u00e7in [&hellip;]","og_url":"https:\/\/goktas.net\/en\/mali-muhur-nedir\/","og_site_name":"G\u00f6kta\u015f Bilgisayar","article_modified_time":"2025-09-12T21:26:16+00:00","og_image":[{"width":500,"height":500,"url":"https:\/\/goktas.net\/wp-content\/uploads\/2025\/09\/1-1.png","type":"image\/png"}],"twitter_card":"summary_large_image","twitter_misc":{"Est. reading time":"1 minute"},"schema":{"@context":"https:\/\/schema.org","@graph":[{"@type":"WebPage","@id":"https:\/\/goktas.net\/mali-muhur-nedir\/","url":"https:\/\/goktas.net\/mali-muhur-nedir\/","name":"Mali M\u00fch\u00fcr Nedir - G\u00f6kta\u015f Bilgisayar","isPartOf":{"@id":"https:\/\/goktas.net\/#website"},"primaryImageOfPage":{"@id":"https:\/\/goktas.net\/mali-muhur-nedir\/#primaryimage"},"image":{"@id":"https:\/\/goktas.net\/mali-muhur-nedir\/#primaryimage"},"thumbnailUrl":"https:\/\/goktas.net\/wp-content\/uploads\/2025\/09\/1-1.png","datePublished":"2025-09-09T19:19:41+00:00","dateModified":"2025-09-12T21:26:16+00:00","breadcrumb":{"@id":"https:\/\/goktas.net\/mali-muhur-nedir\/#breadcrumb"},"inLanguage":"en-US","potentialAction":[{"@type":"ReadAction","target":["https:\/\/goktas.net\/mali-muhur-nedir\/"]}]},{"@type":"ImageObject","inLanguage":"en-US","@id":"https:\/\/goktas.net\/mali-muhur-nedir\/#primaryimage","url":"https:\/\/goktas.net\/wp-content\/uploads\/2025\/09\/1-1.png","contentUrl":"https:\/\/goktas.net\/wp-content\/uploads\/2025\/09\/1-1.png","width":500,"height":500},{"@type":"BreadcrumbList","@id":"https:\/\/goktas.net\/mali-muhur-nedir\/#breadcrumb","itemListElement":[{"@type":"ListItem","position":1,"name":"Anasayfa","item":"https:\/\/goktas.net\/"},{"@type":"ListItem","position":2,"name":"Mali M\u00fch\u00fcr Nedir"}]},{"@type":"WebSite","@id":"https:\/\/goktas.net\/#website","url":"https:\/\/goktas.net\/","name":"G\u00f6kta\u015f Bilgisayar","description":"G\u00f6kta\u015f Bilgisayar","potentialAction":[{"@type":"SearchAction","target":{"@type":"EntryPoint","urlTemplate":"https:\/\/goktas.net\/?s={search_term_string}"},"query-input":{"@type":"PropertyValueSpecification","valueRequired":true,"valueName":"search_term_string"}}],"inLanguage":"en-US"}]}},"_links":{"self":[{"href":"https:\/\/goktas.net\/en\/wp-json\/wp\/v2\/pages\/663","targetHints":{"allow":["GET"]}}],"collection":[{"href":"https:\/\/goktas.net\/en\/wp-json\/wp\/v2\/pages"}],"about":[{"href":"https:\/\/goktas.net\/en\/wp-json\/wp\/v2\/types\/page"}],"author":[{"embeddable":true,"href":"https:\/\/goktas.net\/en\/wp-json\/wp\/v2\/users\/1"}],"replies":[{"embeddable":true,"href":"https:\/\/goktas.net\/en\/wp-json\/wp\/v2\/comments?post=663"}],"version-history":[{"count":7,"href":"https:\/\/goktas.net\/en\/wp-json\/wp\/v2\/pages\/663\/revisions"}],"predecessor-version":[{"id":845,"href":"https:\/\/goktas.net\/en\/wp-json\/wp\/v2\/pages\/663\/revisions\/845"}],"wp:featuredmedia":[{"embeddable":true,"href":"https:\/\/goktas.net\/en\/wp-json\/wp\/v2\/media\/641"}],"wp:attachment":[{"href":"https:\/\/goktas.net\/en\/wp-json\/wp\/v2\/media?parent=663"}],"curies":[{"name":"wp","href":"https:\/\/api.w.org\/{rel}","templated":true}]}}