{"id":672,"date":"2025-09-09T22:21:27","date_gmt":"2025-09-09T19:21:27","guid":{"rendered":"https:\/\/goktas.net\/?page_id=672"},"modified":"2025-09-13T00:35:36","modified_gmt":"2025-09-12T21:35:36","slug":"otel-yonetimi","status":"publish","type":"page","link":"https:\/\/goktas.net\/de\/otel-yonetimi\/","title":{"rendered":"Hotelmanagement"},"content":{"rendered":"<div data-elementor-type=\"wp-page\" data-elementor-id=\"672\" class=\"elementor elementor-672\">\n\t\t\t\t<div class=\"elementor-element elementor-element-9485e43 e-flex e-con-boxed e-con e-parent\" data-id=\"9485e43\" data-element_type=\"container\" data-settings=\"{&quot;background_background&quot;:&quot;classic&quot;,&quot;jet_parallax_layout_list&quot;:[]}\">\n\t\t\t\t\t<div class=\"e-con-inner\">\n\t\t<div class=\"elementor-element elementor-element-415698f e-con-full e-flex e-con e-child\" data-id=\"415698f\" data-element_type=\"container\" data-settings=\"{&quot;jet_parallax_layout_list&quot;:[]}\">\n\t\t\t\t<div class=\"elementor-element elementor-element-f5e2e44 elementor-widget elementor-widget-heading\" data-id=\"f5e2e44\" data-element_type=\"widget\" data-widget_type=\"heading.default\">\n\t\t\t\t\t<h2 class=\"elementor-heading-title elementor-size-default\">Hotelmanagement<\/h2>\t\t\t\t<\/div>\n\t\t\t\t<\/div>\n\t\t\t\t\t<\/div>\n\t\t\t\t<\/div>\n\t\t<div class=\"elementor-element elementor-element-a0b0e07 e-flex e-con-boxed elementor-invisible e-con e-parent\" data-id=\"a0b0e07\" data-element_type=\"container\" data-settings=\"{&quot;jet_parallax_layout_list&quot;:[],&quot;animation&quot;:&quot;fadeInUp&quot;}\">\n\t\t\t\t\t<div class=\"e-con-inner\">\n\t\t<div class=\"elementor-element elementor-element-b4df7a5 e-con-full e-flex e-con e-child\" data-id=\"b4df7a5\" data-element_type=\"container\" data-settings=\"{&quot;jet_parallax_layout_list&quot;:[]}\">\n\t\t\t\t<div class=\"elementor-element elementor-element-c149aba elementor-widget elementor-widget-html\" data-id=\"c149aba\" data-element_type=\"widget\" data-widget_type=\"html.default\">\n\t\t\t\t\t<!-- Otel Y\u00f6netimi \u2013 g\u00f6rseller b\u00fcy\u00fct\u00fclm\u00fc\u015f ve sa\u011fa al\u0131nm\u0131\u015f s\u00fcr\u00fcm -->\r\n<section style=\"--max:1100px; --pad:22px; --gap:18px; --radius:16px; --ring:#e5e7eb; --text:#0f172a; --muted:#334155; --shadow:0 16px 30px rgba(0,0,0,.12); --wash:#f8fafc; --acc1:#3b82f6; --acc2:#22c55e; font-family:system-ui,-apple-system,Segoe UI,Roboto,Arial,sans-serif; color:var(--text);\">\r\n\r\n  <style>\r\n    .card{max-width:var(--max); margin:0 auto 18px; background:#fff; border:1px solid var(--ring); border-radius:var(--radius); box-shadow:var(--shadow); overflow:hidden;}\r\n    .card .topline{height:4px; background:linear-gradient(90deg,var(--acc1),var(--acc2)); opacity:.85;}\r\n    \/* Masa\u00fcst\u00fc: metin 1fr, g\u00f6rsel 360px ve sa\u011fda *\/\r\n    .card .inner{display:grid; grid-template-columns:1fr 360px; gap:var(--gap); align-items:start; padding:var(--pad);}\r\n    .title{margin:0 0 10px; font-size:24px; line-height:1.25; background:linear-gradient(transparent calc(100% - 5px), rgba(59,130,246,.14)); display:inline; box-decoration-break:clone;}\r\n    .text{color:var(--muted); line-height:1.85; margin:0;}\r\n    ul.bullets{margin:10px 0 0; padding-left:20px; color:var(--muted); line-height:1.85;}\r\n\r\n    \/* G\u00f6rsel kutusu \u2014 b\u00fcy\u00fck ve sa\u011fda; 4:3 oran, kenar yuvarlatma *\/\r\n    .media-wrap{border:1px solid var(--ring); border-radius:16px; background:var(--wash); overflow:hidden; aspect-ratio:4\/3;}\r\n    .media-wrap img{width:100%; height:100%; object-fit:cover; display:block;}\r\n\r\n    \/* Mobil: tek s\u00fctun, \u00f6nce metin sonra g\u00f6rsel *\/\r\n    @media (max-width: 820px){\r\n      .card .inner{grid-template-columns:1fr; gap:12px;}\r\n      .title{font-size:22px;}\r\n      .media-wrap{aspect-ratio:16\/9;} \/* mobilde biraz daha yatay oran *\/\r\n    }\r\n  <\/style>\r\n\r\n  <!-- 1) Otel Y\u00f6netimi (metin solda, g\u00f6rsel sa\u011fda) -->\r\n  <article class=\"card\">\r\n    <div class=\"topline\"><\/div>\r\n    <div class=\"inner\">\r\n      <div>\r\n        <h2 class=\"title\">Hotelmanagement<\/h2>\r\n        <p class=\"text\">Hotelmanagement ist die geplante, systematische und professionelle Umsetzung aller Prozesse in einem Hotel, um das Urlaubs- oder Gesch\u00e4ftsreiseerlebnis der G\u00e4ste zu optimieren. Es umfasst heute nicht nur den Empfangsbereich und die Zimmervergabe, sondern auch zahlreiche weitere Elemente, vom Reservierungsmanagement und der Finanzplanung bis hin zu Mitarbeiterschulungen und digitalem Marketing. Ein gut umgesetztes Hotelmanagement steigert sowohl die Kundenzufriedenheit als auch die Rentabilit\u00e4t des Unternehmens.<\/p>\r\n        <p class=\"text\">In der modernen Hotellerie beschr\u00e4nkt sich Hotelmanagement nicht mehr nur auf die Beherbergung. Die Erf\u00fcllung spezifischer G\u00e4stebed\u00fcrfnisse, die Bereitstellung personalisierter Erlebnisse, die sofortige Auswertung von Feedback und die kontinuierliche Verbesserung der Servicequalit\u00e4t sind zu wesentlichen Bestandteilen des Hotelmanagements geworden. Dar\u00fcber hinaus wirkt sich die konsequente Umsetzung von Sauberkeits-, Wartungs- und Hygienestandards direkt auf den Markenwert und die Kundenbindung eines Hotels aus.<\/p>\r\n      <\/div>\r\n      <div class=\"media-wrap\">\r\n        <img decoding=\"async\" src=\"https:\/\/goktas.net\/wp-content\/uploads\/2025\/09\/1-9.png\" alt=\"Otel y\u00f6netimi g\u00f6rseli\">\r\n      <\/div>\r\n    <\/div>\r\n  <\/article>\r\n\r\n  <!-- 2) Rezervasyon ve Operasyon Y\u00f6netimi -->\r\n  <article class=\"card\">\r\n    <div class=\"topline\"><\/div>\r\n    <div class=\"inner\">\r\n      <div>\r\n        <h2 class=\"title\">Reservierungs- und Betriebsmanagement<\/h2>\r\n        <p class=\"text\">Reservierungsprozesse sind einer der wichtigsten Aspekte des Hotelmanagements. Ein effektives Reservierungssystem verhindert Doppelbuchungen und erm\u00f6glicht G\u00e4sten einen reibungslosen Check-in-Prozess. Der Erfolg eines Hotels wird heute nicht nur an der Auslastung, sondern auch am ordnungsgem\u00e4\u00dfen Reservierungsmanagement gemessen. Professionelles Management von Themen wie Zimmerzuteilung, Preisgestaltung und Verf\u00fcgbarkeit steigert die Kundenzufriedenheit.<\/p>\r\n        <p class=\"text\">Auch die Rolle des Personals im Betriebsmanagement ist entscheidend. Ein geschultes, motiviertes und klar zugeordnetes Team sorgt f\u00fcr einen reibungslosen Service im t\u00e4glichen Hotelbetrieb. Vom Housekeeping und K\u00fcchenmanagement \u00fcber das technische Wartungsteam bis hin zur Rezeption tr\u00e4gt jede Abteilung zum Erfolg des Hotelmanagements bei.<\/p>\r\n      <\/div>\r\n      <div class=\"media-wrap\">\r\n        <img decoding=\"async\" src=\"https:\/\/goktas.net\/wp-content\/uploads\/2025\/09\/2-6.png\" alt=\"Rezervasyon ve operasyon g\u00f6rseli\">\r\n      <\/div>\r\n    <\/div>\r\n  <\/article>\r\n\r\n  <!-- 3) Finansal Y\u00f6netim ve K\u00e2rl\u0131l\u0131k -->\r\n  <article class=\"card\">\r\n    <div class=\"topline\"><\/div>\r\n    <div class=\"inner\">\r\n      <div>\r\n        <h2 class=\"title\">Finanzmanagement und Rentabilit\u00e4t<\/h2>\r\n        <p class=\"text\">Ein gutes Finanzmanagement ist f\u00fcr den langfristigen Erfolg eines Hotels unerl\u00e4sslich. Budgetplanung, Einnahmen-Ausgaben-Bilanz, Kostenkontrolle und Rentabilit\u00e4tsanalysen m\u00fcssen regelm\u00e4\u00dfig durchgef\u00fchrt werden. Moderne Hotelsoftware erstellt Finanzberichte in Echtzeit und erm\u00f6glicht es Managern, schnell die richtigen Entscheidungen zu treffen. Die Automatisierung von Abrechnungs- und Buchhaltungsprozessen sorgt f\u00fcr finanzielle Transparenz und einfache Auditierung.<\/p>\r\n      <\/div>\r\n      <div class=\"media-wrap\">\r\n        <img decoding=\"async\" src=\"https:\/\/goktas.net\/wp-content\/uploads\/2025\/09\/3-5.png\" alt=\"Finansal y\u00f6netim g\u00f6rseli\">\r\n      <\/div>\r\n    <\/div>\r\n  <\/article>\r\n\r\n  <!-- 4) ElektraWeb ile Dijital Otel Y\u00f6netimi -->\r\n  <article class=\"card\">\r\n    <div class=\"topline\"><\/div>\r\n    <div class=\"inner\">\r\n      <div>\r\n        <h2 class=\"title\">Digitales Hotelmanagement mit ElektraWeb<\/h2>\r\n        <p class=\"text\">Das ElektraWeb Hotel Management System von G\u00f6kta\u015f Bilgisayar vereint alle Hotelbetriebsprozesse unter einem Dach. Dank seiner Cloud-basierten Architektur erfordert es keine zus\u00e4tzlichen Serverinvestitionen und kann von jedem internetf\u00e4higen Ger\u00e4t aus genutzt werden. Dank seiner benutzerfreundlichen Oberfl\u00e4che ist das System f\u00fcr Mitarbeiter leicht zu erlernen und zu implementieren und beschleunigt so die digitale Transformation von Unternehmen.<\/p>\r\n      <\/div>\r\n      <div class=\"media-wrap\">\r\n        <img decoding=\"async\" src=\"https:\/\/goktas.net\/wp-content\/uploads\/2025\/09\/4-4.png\" alt=\"ElektraWeb ile dijital y\u00f6netim g\u00f6rseli\">\r\n      <\/div>\r\n    <\/div>\r\n  <\/article>\r\n\r\n  <!-- 5) ElektraWeb\u2019in sa\u011flad\u0131\u011f\u0131 ba\u015fl\u0131ca avantajlar -->\r\n  <article class=\"card\">\r\n    <div class=\"topline\"><\/div>\r\n    <div class=\"inner\">\r\n      <div>\r\n        <h2 class=\"title\">Hauptvorteile von ElektraWeb<\/h2>\r\n        <ul class=\"bullets\">\r\n          <li>Front Office und Reservierungsverwaltung k\u00f6nnen \u00fcber ein einziges Panel erfolgen<\/li>\r\n          <li>Kompatibel mit Plattformen wie Booking und Expedia mit Channel-Management-Integration<\/li>\r\n          <li>Zentralisierte Steuerung der Restaurant-POS-, Bar- und K\u00fcchenbestellsysteme<\/li>\r\n          <li>Erfassen Sie die Pr\u00e4ferenzen Ihrer G\u00e4ste und bieten Sie mit fortschrittlichen CRM-Tools einen personalisierten Service<\/li>\r\n          <li>Transparente Finanzprozesse mit E-Rechnung und Buchhaltungsintegration<\/li>\r\n          <li>G\u00e4steorientierte digitale L\u00f6sungen wie mobiler Check-in, Online-Zahlung und QR-Men\u00fc<\/li>\r\n        <\/ul>\r\n      <\/div>\r\n      <div class=\"media-wrap\">\r\n        <img decoding=\"async\" src=\"https:\/\/goktas.net\/wp-content\/uploads\/2025\/09\/5-2.png\" alt=\"ElektraWeb avantajlar\u0131 g\u00f6rseli\">\r\n      <\/div>\r\n    <\/div>\r\n  <\/article>\r\n\r\n  <!-- 6) M\u00fc\u015fteri Deneyimi ve Geri Bildirim (\u015fimdilik ikonlu; g\u00f6rsel verirsen de\u011fi\u015ftiririm) -->\r\n  <article class=\"card\">\r\n    <div class=\"topline\"><\/div>\r\n    <div class=\"inner\">\r\n      <div>\r\n        <h2 class=\"title\">Kundenerfahrung und Feedback<\/h2>\r\n        <p class=\"text\">Erfolgreiches Hotelmanagement misst sich an der Kundenzufriedenheit. Schnelles Reagieren auf die Bed\u00fcrfnisse der G\u00e4ste w\u00e4hrend ihres Aufenthalts, die Ber\u00fccksichtigung ihres Feedbacks und kontinuierliche Verbesserungen steigern den Unternehmenswert. Das ElektraWeb-System erm\u00f6glicht die sofortige Kommunikation mit den G\u00e4sten und die Analyse ihres Feedbacks zur Verbesserung der Servicequalit\u00e4t.<\/p>\r\n      <\/div>\r\n      <div class=\"media-wrap\" aria-hidden=\"true\" style=\"display:flex; align-items:center; justify-content:center;\">\r\n        <!-- yer tutucu ikon -->\r\n        <svg width=\"72\" height=\"72\" viewbox=\"0 0 24 24\" fill=\"none\">\r\n          <path d=\"M4 5h12a4 4 0 0 1 4 4v2a4 4 0 0 1-4 4H9l-4 4v-4a4 4 0 0 1-1-3V9a4 4 0 0 1 4-4z\" stroke=\"#3b82f6\" stroke-width=\"1.6\"\/>\r\n          <path d=\"M13.2 10.2c.9-1 2.6-1 3.5 0 .9 1-1.8 3-1.8 3s-2.7-2-1.7-3z\" fill=\"#22c55e\" opacity=\".9\"\/>\r\n        <\/svg>\r\n      <\/div>\r\n    <\/div>\r\n  <\/article>\r\n\r\n  <!-- 7) Pazarlama ve Dijital G\u00f6r\u00fcn\u00fcrl\u00fck (\u015fimdilik ikonlu) -->\r\n  <article class=\"card\">\r\n    <div class=\"topline\"><\/div>\r\n    <div class=\"inner\">\r\n      <div>\r\n        <h2 class=\"title\">Marketing und digitale Sichtbarkeit<\/h2>\r\n        <p class=\"text\">In der heutigen Hotelbranche werden Marketingaktivit\u00e4ten \u00fcber digitale Kan\u00e4le abgewickelt. Soziale Medien, Online-Buchungsseiten, Google Ads und E-Mail-Marketing erh\u00f6hen die Sichtbarkeit von Hotels. ElektraWeb unterst\u00fctzt Hotelmarketingstrategien mit Reporting- und Analysetools, die die Erfolgsmessung von Kampagnen vereinfachen. So erreichen Unternehmen eine breitere Kundenbasis und steigern ihre Umsatzleistung.<\/p>\r\n      <\/div>\r\n      <div class=\"media-wrap\" aria-hidden=\"true\" style=\"display:flex; align-items:center; justify-content:center;\">\r\n        <svg width=\"72\" height=\"72\" viewbox=\"0 0 24 24\" fill=\"none\">\r\n          <path d=\"M3 10l10-4v12L3 14V10z\" stroke=\"#3b82f6\" stroke-width=\"1.6\" stroke-linejoin=\"round\"\/>\r\n          <path d=\"M13 8l6-2v12l-6-2\" stroke=\"#22c55e\" stroke-width=\"1.6\" stroke-linejoin=\"round\"\/>\r\n          <path d=\"M7 15v2a2 2 0 0 0 2 2h2\" stroke=\"#0f172a\" stroke-width=\"1.4\"\/>\r\n        <\/svg>\r\n      <\/div>\r\n    <\/div>\r\n  <\/article>\r\n\r\n  <!-- 8) Sonu\u00e7 (\u015fimdilik ikonlu) -->\r\n  <article class=\"card\">\r\n    <div class=\"topline\"><\/div>\r\n    <div class=\"inner\">\r\n      <div>\r\n        <h2 class=\"title\">Abschluss<\/h2>\r\n        <p class=\"text\">Hotelmanagement ist ein umfassender Managementansatz, der betriebliche Prozesse, Kundenzufriedenheit, finanzielle Stabilit\u00e4t und digitale Transformation erfordert. Mit dem ElektraWeb Hotelmanagementsystem k\u00f6nnen Hotels all diese Prozesse optimieren, die Effizienz steigern und sich einen Wettbewerbsvorteil in der Branche verschaffen. Als G\u00f6kta\u015f Bilgisayar bieten wir Hotelbetrieben in den Regionen Alanya und Antalya professionelle Dienstleistungen in jeder Phase, von der Installation und Schulung bis hin zu technischem Support und Beratung.<\/p>\r\n      <\/div>\r\n      <div class=\"media-wrap\" aria-hidden=\"true\" style=\"display:flex; align-items:center; justify-content:center;\">\r\n        <svg width=\"72\" height=\"72\" viewbox=\"0 0 24 24\" fill=\"none\">\r\n          <circle cx=\"12\" cy=\"12\" r=\"7\" stroke=\"#3b82f6\" stroke-width=\"1.6\"\/>\r\n          <circle cx=\"12\" cy=\"12\" r=\"3\" stroke=\"#22c55e\" stroke-width=\"1.6\"\/>\r\n          <path d=\"M12 5V3M5 12H3M12 21v2M21 12h2\" stroke=\"#0f172a\" stroke-width=\"1.2\" stroke-linecap=\"round\"\/>\r\n        <\/svg>\r\n      <\/div>\r\n    <\/div>\r\n  <\/article>\r\n\r\n<\/section>\r\n\t\t\t\t<\/div>\n\t\t\t\t<\/div>\n\t\t\t\t\t<\/div>\n\t\t\t\t<\/div>\n\t\t\t\t<\/div>","protected":false},"excerpt":{"rendered":"<p>Hotelmanagement ist die geplante, systematische und professionelle Durchf\u00fchrung aller Prozesse innerhalb eines Hotels, um das Urlaubs- oder Gesch\u00e4ftsreiseerlebnis der G\u00e4ste zu optimieren. Heute umfasst es nicht nur den Empfangsbetrieb und die Zimmervergabe, sondern auch viele weitere Elemente, von der Reservierungsverwaltung und Finanzplanung bis hin zur Mitarbeiterschulung und dem digitalen Marketing. Ein fachgerecht umgesetztes Hotelmanagement ist sowohl [\u2026]<\/p>","protected":false},"author":1,"featured_media":633,"parent":0,"menu_order":0,"comment_status":"closed","ping_status":"closed","template":"elementor_header_footer","meta":{"_acf_changed":false,"footnotes":""},"class_list":["post-672","page","type-page","status-publish","has-post-thumbnail","hentry"],"acf":[],"yoast_head":"<!-- This site is optimized with the Yoast SEO plugin v25.6 - https:\/\/yoast.com\/wordpress\/plugins\/seo\/ -->\n<title>Otel Y\u00f6netimi - G\u00f6kta\u015f Bilgisayar<\/title>\n<meta name=\"robots\" content=\"index, follow, max-snippet:-1, max-image-preview:large, max-video-preview:-1\" \/>\n<link rel=\"canonical\" href=\"https:\/\/goktas.net\/de\/otel-yonetimi\/\" \/>\n<meta property=\"og:locale\" content=\"de_DE\" \/>\n<meta property=\"og:type\" content=\"article\" \/>\n<meta property=\"og:title\" content=\"Otel Y\u00f6netimi - G\u00f6kta\u015f Bilgisayar\" \/>\n<meta property=\"og:description\" content=\"Otel Y\u00f6netimi Otel Y\u00f6netimi Otel y\u00f6netimi, misafirlerin tatil ya da i\u015f seyahati deneyimlerini en iyi seviyeye ta\u015f\u0131mak i\u00e7in otel i\u00e7erisindeki t\u00fcm s\u00fcre\u00e7lerin planl\u0131, sistemli ve profesyonel \u015fekilde y\u00fcr\u00fct\u00fclmesidir. G\u00fcn\u00fcm\u00fczde yaln\u0131zca resepsiyon i\u015flemlerini veya oda tahsislerini de\u011fil; rezervasyon y\u00f6netiminden finansal planlamaya, personel e\u011fitiminden dijital pazarlamaya kadar pek \u00e7ok unsuru kapsar. Do\u011fru \u015fekilde uygulanan otel y\u00f6netimi, hem [&hellip;]\" \/>\n<meta property=\"og:url\" content=\"https:\/\/goktas.net\/de\/otel-yonetimi\/\" \/>\n<meta property=\"og:site_name\" content=\"G\u00f6kta\u015f Bilgisayar\" \/>\n<meta property=\"article:modified_time\" content=\"2025-09-12T21:35:36+00:00\" \/>\n<meta property=\"og:image\" content=\"https:\/\/goktas.net\/wp-content\/uploads\/2025\/09\/cropped-1.png\" \/>\n\t<meta property=\"og:image:width\" content=\"512\" \/>\n\t<meta property=\"og:image:height\" content=\"512\" \/>\n\t<meta property=\"og:image:type\" content=\"image\/png\" \/>\n<meta name=\"twitter:card\" content=\"summary_large_image\" \/>\n<meta name=\"twitter:label1\" content=\"Gesch\u00e4tzte Lesezeit\" \/>\n\t<meta name=\"twitter:data1\" content=\"5\u00a0Minuten\" \/>\n<script type=\"application\/ld+json\" class=\"yoast-schema-graph\">{\"@context\":\"https:\/\/schema.org\",\"@graph\":[{\"@type\":\"WebPage\",\"@id\":\"https:\/\/goktas.net\/otel-yonetimi\/\",\"url\":\"https:\/\/goktas.net\/otel-yonetimi\/\",\"name\":\"Otel Y\u00f6netimi - G\u00f6kta\u015f Bilgisayar\",\"isPartOf\":{\"@id\":\"https:\/\/goktas.net\/#website\"},\"primaryImageOfPage\":{\"@id\":\"https:\/\/goktas.net\/otel-yonetimi\/#primaryimage\"},\"image\":{\"@id\":\"https:\/\/goktas.net\/otel-yonetimi\/#primaryimage\"},\"thumbnailUrl\":\"https:\/\/goktas.net\/wp-content\/uploads\/2025\/09\/cropped-1.png\",\"datePublished\":\"2025-09-09T19:21:27+00:00\",\"dateModified\":\"2025-09-12T21:35:36+00:00\",\"breadcrumb\":{\"@id\":\"https:\/\/goktas.net\/otel-yonetimi\/#breadcrumb\"},\"inLanguage\":\"de\",\"potentialAction\":[{\"@type\":\"ReadAction\",\"target\":[\"https:\/\/goktas.net\/otel-yonetimi\/\"]}]},{\"@type\":\"ImageObject\",\"inLanguage\":\"de\",\"@id\":\"https:\/\/goktas.net\/otel-yonetimi\/#primaryimage\",\"url\":\"https:\/\/goktas.net\/wp-content\/uploads\/2025\/09\/cropped-1.png\",\"contentUrl\":\"https:\/\/goktas.net\/wp-content\/uploads\/2025\/09\/cropped-1.png\",\"width\":512,\"height\":512},{\"@type\":\"BreadcrumbList\",\"@id\":\"https:\/\/goktas.net\/otel-yonetimi\/#breadcrumb\",\"itemListElement\":[{\"@type\":\"ListItem\",\"position\":1,\"name\":\"Anasayfa\",\"item\":\"https:\/\/goktas.net\/\"},{\"@type\":\"ListItem\",\"position\":2,\"name\":\"Otel Y\u00f6netimi\"}]},{\"@type\":\"WebSite\",\"@id\":\"https:\/\/goktas.net\/#website\",\"url\":\"https:\/\/goktas.net\/\",\"name\":\"G\u00f6kta\u015f Bilgisayar\",\"description\":\"G\u00f6kta\u015f Bilgisayar\",\"potentialAction\":[{\"@type\":\"SearchAction\",\"target\":{\"@type\":\"EntryPoint\",\"urlTemplate\":\"https:\/\/goktas.net\/?s={search_term_string}\"},\"query-input\":{\"@type\":\"PropertyValueSpecification\",\"valueRequired\":true,\"valueName\":\"search_term_string\"}}],\"inLanguage\":\"de\"}]}<\/script>\n<!-- \/ Yoast SEO plugin. -->","yoast_head_json":{"title":"Otel Y\u00f6netimi - G\u00f6kta\u015f Bilgisayar","robots":{"index":"index","follow":"follow","max-snippet":"max-snippet:-1","max-image-preview":"max-image-preview:large","max-video-preview":"max-video-preview:-1"},"canonical":"https:\/\/goktas.net\/de\/otel-yonetimi\/","og_locale":"de_DE","og_type":"article","og_title":"Otel Y\u00f6netimi - G\u00f6kta\u015f Bilgisayar","og_description":"Otel Y\u00f6netimi Otel Y\u00f6netimi Otel y\u00f6netimi, misafirlerin tatil ya da i\u015f seyahati deneyimlerini en iyi seviyeye ta\u015f\u0131mak i\u00e7in otel i\u00e7erisindeki t\u00fcm s\u00fcre\u00e7lerin planl\u0131, sistemli ve profesyonel \u015fekilde y\u00fcr\u00fct\u00fclmesidir. G\u00fcn\u00fcm\u00fczde yaln\u0131zca resepsiyon i\u015flemlerini veya oda tahsislerini de\u011fil; rezervasyon y\u00f6netiminden finansal planlamaya, personel e\u011fitiminden dijital pazarlamaya kadar pek \u00e7ok unsuru kapsar. Do\u011fru \u015fekilde uygulanan otel y\u00f6netimi, hem [&hellip;]","og_url":"https:\/\/goktas.net\/de\/otel-yonetimi\/","og_site_name":"G\u00f6kta\u015f Bilgisayar","article_modified_time":"2025-09-12T21:35:36+00:00","og_image":[{"width":512,"height":512,"url":"https:\/\/goktas.net\/wp-content\/uploads\/2025\/09\/cropped-1.png","type":"image\/png"}],"twitter_card":"summary_large_image","twitter_misc":{"Gesch\u00e4tzte Lesezeit":"5\u00a0Minuten"},"schema":{"@context":"https:\/\/schema.org","@graph":[{"@type":"WebPage","@id":"https:\/\/goktas.net\/otel-yonetimi\/","url":"https:\/\/goktas.net\/otel-yonetimi\/","name":"Otel Y\u00f6netimi - G\u00f6kta\u015f Bilgisayar","isPartOf":{"@id":"https:\/\/goktas.net\/#website"},"primaryImageOfPage":{"@id":"https:\/\/goktas.net\/otel-yonetimi\/#primaryimage"},"image":{"@id":"https:\/\/goktas.net\/otel-yonetimi\/#primaryimage"},"thumbnailUrl":"https:\/\/goktas.net\/wp-content\/uploads\/2025\/09\/cropped-1.png","datePublished":"2025-09-09T19:21:27+00:00","dateModified":"2025-09-12T21:35:36+00:00","breadcrumb":{"@id":"https:\/\/goktas.net\/otel-yonetimi\/#breadcrumb"},"inLanguage":"de","potentialAction":[{"@type":"ReadAction","target":["https:\/\/goktas.net\/otel-yonetimi\/"]}]},{"@type":"ImageObject","inLanguage":"de","@id":"https:\/\/goktas.net\/otel-yonetimi\/#primaryimage","url":"https:\/\/goktas.net\/wp-content\/uploads\/2025\/09\/cropped-1.png","contentUrl":"https:\/\/goktas.net\/wp-content\/uploads\/2025\/09\/cropped-1.png","width":512,"height":512},{"@type":"BreadcrumbList","@id":"https:\/\/goktas.net\/otel-yonetimi\/#breadcrumb","itemListElement":[{"@type":"ListItem","position":1,"name":"Anasayfa","item":"https:\/\/goktas.net\/"},{"@type":"ListItem","position":2,"name":"Otel Y\u00f6netimi"}]},{"@type":"WebSite","@id":"https:\/\/goktas.net\/#website","url":"https:\/\/goktas.net\/","name":"G\u00f6kta\u015f Bilgisayar","description":"G\u00f6kta\u015f Bilgisayar","potentialAction":[{"@type":"SearchAction","target":{"@type":"EntryPoint","urlTemplate":"https:\/\/goktas.net\/?s={search_term_string}"},"query-input":{"@type":"PropertyValueSpecification","valueRequired":true,"valueName":"search_term_string"}}],"inLanguage":"de"}]}},"_links":{"self":[{"href":"https:\/\/goktas.net\/de\/wp-json\/wp\/v2\/pages\/672","targetHints":{"allow":["GET"]}}],"collection":[{"href":"https:\/\/goktas.net\/de\/wp-json\/wp\/v2\/pages"}],"about":[{"href":"https:\/\/goktas.net\/de\/wp-json\/wp\/v2\/types\/page"}],"author":[{"embeddable":true,"href":"https:\/\/goktas.net\/de\/wp-json\/wp\/v2\/users\/1"}],"replies":[{"embeddable":true,"href":"https:\/\/goktas.net\/de\/wp-json\/wp\/v2\/comments?post=672"}],"version-history":[{"count":7,"href":"https:\/\/goktas.net\/de\/wp-json\/wp\/v2\/pages\/672\/revisions"}],"predecessor-version":[{"id":856,"href":"https:\/\/goktas.net\/de\/wp-json\/wp\/v2\/pages\/672\/revisions\/856"}],"wp:featuredmedia":[{"embeddable":true,"href":"https:\/\/goktas.net\/de\/wp-json\/wp\/v2\/media\/633"}],"wp:attachment":[{"href":"https:\/\/goktas.net\/de\/wp-json\/wp\/v2\/media?parent=672"}],"curies":[{"name":"wp","href":"https:\/\/api.w.org\/{rel}","templated":true}]}}