{"id":669,"date":"2025-09-09T22:20:54","date_gmt":"2025-09-09T19:20:54","guid":{"rendered":"https:\/\/goktas.net\/?page_id=669"},"modified":"2025-09-13T00:29:30","modified_gmt":"2025-09-12T21:29:30","slug":"ubl-kodlari","status":"publish","type":"page","link":"https:\/\/goktas.net\/de\/ubl-kodlari\/","title":{"rendered":"UBL-Codes"},"content":{"rendered":"<div data-elementor-type=\"wp-page\" data-elementor-id=\"669\" class=\"elementor elementor-669\">\n\t\t\t\t<div class=\"elementor-element elementor-element-b4899a2 e-flex e-con-boxed e-con e-parent\" data-id=\"b4899a2\" data-element_type=\"container\" data-settings=\"{&quot;background_background&quot;:&quot;classic&quot;,&quot;jet_parallax_layout_list&quot;:[]}\">\n\t\t\t\t\t<div class=\"e-con-inner\">\n\t\t<div class=\"elementor-element elementor-element-532c6c5 e-con-full e-flex e-con e-child\" data-id=\"532c6c5\" data-element_type=\"container\" data-settings=\"{&quot;jet_parallax_layout_list&quot;:[]}\">\n\t\t\t\t<div class=\"elementor-element elementor-element-ffcfe43 elementor-widget elementor-widget-heading\" data-id=\"ffcfe43\" data-element_type=\"widget\" data-widget_type=\"heading.default\">\n\t\t\t\t\t<h2 class=\"elementor-heading-title elementor-size-default\">Was sind UBL-Codes?<\/h2>\t\t\t\t<\/div>\n\t\t\t\t<\/div>\n\t\t\t\t\t<\/div>\n\t\t\t\t<\/div>\n\t\t<div class=\"elementor-element elementor-element-eef62d5 e-flex e-con-boxed elementor-invisible e-con e-parent\" data-id=\"eef62d5\" data-element_type=\"container\" data-settings=\"{&quot;jet_parallax_layout_list&quot;:[],&quot;animation&quot;:&quot;fadeInUp&quot;}\">\n\t\t\t\t\t<div class=\"e-con-inner\">\n\t\t<div class=\"elementor-element elementor-element-c79eb7c e-con-full e-flex e-con e-child\" data-id=\"c79eb7c\" data-element_type=\"container\" data-settings=\"{&quot;jet_parallax_layout_list&quot;:[]}\">\n\t\t\t\t<div class=\"elementor-element elementor-element-4406b0d elementor-widget elementor-widget-html\" data-id=\"4406b0d\" data-element_type=\"widget\" data-widget_type=\"html.default\">\n\t\t\t\t\t<!-- UBL Kodlar\u0131 Nedir \u2013 ikonlu kart (inline, same system) -->\r\n<section style=\"--max:1100px; --pad:22px; --gap:18px; --radius:16px; --ring:#e5e7eb; --text:#0f172a; --muted:#334155; --shadow:0 16px 30px rgba(0,0,0,.12); --wash:#f8fafc; --acc1:#3b82f6; --acc2:#22c55e; font-family:system-ui,-apple-system,Segoe UI,Roboto,Arial,sans-serif; color:var(--text);\">\r\n\r\n  <style>\r\n    .card{max-width:var(--max); margin:0 auto 18px; background:#fff; border:1px solid var(--ring); border-radius:var(--radius); box-shadow:var(--shadow); overflow:hidden;}\r\n    .card .topline{height:4px; background:linear-gradient(90deg,var(--acc1),var(--acc2)); opacity:.85;}\r\n    .card .inner{display:grid; grid-template-columns:84px 1fr; gap:var(--gap); align-items:flex-start; padding:var(--pad);}\r\n    .ico-wrap{display:flex; align-items:center; justify-content:center; width:84px; height:84px; border-radius:14px; background:var(--wash); border:1px solid var(--ring);}\r\n    .title{margin:0 0 10px; font-size:24px; line-height:1.25; background:linear-gradient(transparent calc(100% - 5px), rgba(59,130,246,.14)); display:inline; box-decoration-break:clone;}\r\n    .text{color:var(--muted); line-height:1.85; margin:0;}\r\n    @media (max-width: 820px){\r\n      .card .inner{grid-template-columns:1fr; gap:12px;}\r\n      .ico-wrap{width:72px; height:72px;}\r\n      .title{font-size:22px;}\r\n    }\r\n  <\/style>\r\n\r\n  <!-- UBL Kodlar\u0131 Nedir -->\r\n  <article class=\"card\">\r\n    <div class=\"topline\"><\/div>\r\n    <div class=\"inner\">\r\n      <!-- \u0130KON: \u015eema \/ <> k\u00f6\u015feli ayra\u00e7 + veri bloklar\u0131 -->\r\n      <div class=\"ico-wrap\" aria-hidden=\"true\">\r\n        <svg width=\"40\" height=\"40\" viewbox=\"0 0 24 24\" fill=\"none\">\r\n          <!-- <> i\u015faretleri -->\r\n          <path d=\"M8 6l-4 6 4 6\" stroke=\"#3b82f6\" stroke-width=\"1.6\" stroke-linecap=\"round\" stroke-linejoin=\"round\"\/>\r\n          <path d=\"M16 6l4 6-4 6\" stroke=\"#22c55e\" stroke-width=\"1.6\" stroke-linecap=\"round\" stroke-linejoin=\"round\"\/>\r\n          <!-- orta blok -->\r\n          <rect x=\"10\" y=\"4\" width=\"4\" height=\"16\" rx=\"1.2\" fill=\"#3b82f6\" opacity=\".15\"\/>\r\n          <!-- k\u00fc\u00e7\u00fck d\u00fc\u011f\u00fcmler -->\r\n          <circle cx=\"12\" cy=\"8\" r=\"1.1\" fill=\"#3b82f6\"\/>\r\n          <circle cx=\"12\" cy=\"12\" r=\"1.1\" fill=\"#22c55e\"\/>\r\n          <circle cx=\"12\" cy=\"16\" r=\"1.1\" fill=\"#3b82f6\"\/>\r\n        <\/svg>\r\n      <\/div>\r\n      <div>\r\n        <h2 class=\"title\">Was sind UBL-Codes?<\/h2>\r\n        <p class=\"text\">UBL (Universal Business Language) ist eine internationale Gesch\u00e4ftssprache, die die Erstellung elektronischer Rechnungen in einem Standardformat und deren nahtlose system\u00fcbergreifende Verarbeitung erm\u00f6glicht. Das elektronische Rechnungsstellungssystem in der T\u00fcrkei verwendet das von der Steuerbeh\u00f6rde definierte UBL-TR-Format.<\/p>\r\n        <p class=\"text\">Dank UBL-Codes enthalten Rechnungen standardisierte Informationen wie Absender, Empf\u00e4nger, Produkt, Menge und Steuersatz. Dieser Standard gew\u00e4hrleistet nicht nur die Kompatibilit\u00e4t zwischen verschiedenen Softwareprogrammen, sondern vereinfacht auch die Rechnungspr\u00fcfung und -pr\u00fcfung. So erm\u00f6glichen UBL-Codes beispielsweise die korrekte Verarbeitung von Feldern wie \u201eMehrwertsteuerbefreiungscode\u201c oder \u201eEinbehaltungscode\u201c in einer E-Rechnung.<\/p>\r\n        <p class=\"text\">UBL-Codes verhindern Fehler bei der elektronischen Rechnungsstellung und verhindern Datenabweichungen auf Rechnungen. Dieses international anerkannte System vereinfacht zudem die internationalen Handelsgesch\u00e4fte von Unternehmen.<\/p>\r\n        <p class=\"text\">In der zunehmend digitalen Gesch\u00e4ftswelt muss jedes Unternehmen, das E-Rechnungen ausstellt, UBL-Codes kennen und korrekt anwenden. Weitere Informationen zu UBL-Codes und ihrer Verwendung finden Sie auf unserer Seite zu UBL-Codes.<\/p>\r\n      <\/div>\r\n    <\/div>\r\n  <\/article>\r\n\r\n<\/section>\r\n\t\t\t\t<\/div>\n\t\t\t\t<\/div>\n\t\t\t\t\t<\/div>\n\t\t\t\t<\/div>\n\t\t\t\t<\/div>","protected":false},"excerpt":{"rendered":"<p>Was sind UBL-Codes? UBL (Universal Business Language) ist eine internationale Gesch\u00e4ftssprache, die es erm\u00f6glicht, elektronische Rechnungen in einem Standardformat zu erstellen und nahtlos zwischen verschiedenen Systemen zu verarbeiten. In der T\u00fcrkei verwendet das System f\u00fcr elektronische Rechnungen das von der Steuerverwaltung festgelegte UBL-TR-Format. Dank der UBL-Codes enthalten Rechnungen Informationen wie Absender, Empf\u00e4nger, Produkt, Menge und Steuersatz in einem einheitlichen Standardformat. [\u2026]<\/p>","protected":false},"author":1,"featured_media":641,"parent":0,"menu_order":0,"comment_status":"closed","ping_status":"closed","template":"elementor_header_footer","meta":{"_acf_changed":false,"footnotes":""},"class_list":["post-669","page","type-page","status-publish","has-post-thumbnail","hentry"],"acf":[],"yoast_head":"<!-- This site is optimized with the Yoast SEO plugin v25.6 - https:\/\/yoast.com\/wordpress\/plugins\/seo\/ -->\n<title>UBL Kodlar\u0131 - G\u00f6kta\u015f Bilgisayar<\/title>\n<meta name=\"robots\" content=\"index, follow, max-snippet:-1, max-image-preview:large, max-video-preview:-1\" \/>\n<link rel=\"canonical\" href=\"https:\/\/goktas.net\/de\/ubl-kodlari\/\" \/>\n<meta property=\"og:locale\" content=\"de_DE\" \/>\n<meta property=\"og:type\" content=\"article\" \/>\n<meta property=\"og:title\" content=\"UBL Kodlar\u0131 - G\u00f6kta\u015f Bilgisayar\" \/>\n<meta property=\"og:description\" content=\"UBL Kodlar\u0131 Nedir UBL Kodlar\u0131 Nedir UBL, yani Universal Business Language, e-faturalar\u0131n standart bir formatta haz\u0131rlanmas\u0131n\u0131 ve sistemler aras\u0131nda sorunsuz \u015fekilde i\u015flenmesini sa\u011flayan uluslararas\u0131 bir i\u015f dilidir. T\u00fcrkiye\u2019de kullan\u0131lan e-fatura sisteminde, Gelir \u0130daresi Ba\u015fkanl\u0131\u011f\u0131 taraf\u0131ndan belirlenen UBL-TR format\u0131 kullan\u0131lmaktad\u0131r. UBL kodlar\u0131 sayesinde faturalar; g\u00f6nderici, al\u0131c\u0131, \u00fcr\u00fcn, miktar, vergi oran\u0131 gibi bilgileri belirli bir standartta i\u00e7erir. [&hellip;]\" \/>\n<meta property=\"og:url\" content=\"https:\/\/goktas.net\/de\/ubl-kodlari\/\" \/>\n<meta property=\"og:site_name\" content=\"G\u00f6kta\u015f Bilgisayar\" \/>\n<meta property=\"article:modified_time\" content=\"2025-09-12T21:29:30+00:00\" \/>\n<meta property=\"og:image\" content=\"https:\/\/goktas.net\/wp-content\/uploads\/2025\/09\/1-1.png\" \/>\n\t<meta property=\"og:image:width\" content=\"500\" \/>\n\t<meta property=\"og:image:height\" content=\"500\" \/>\n\t<meta property=\"og:image:type\" content=\"image\/png\" \/>\n<meta name=\"twitter:card\" content=\"summary_large_image\" \/>\n<meta name=\"twitter:label1\" content=\"Gesch\u00e4tzte Lesezeit\" \/>\n\t<meta name=\"twitter:data1\" content=\"1\u00a0Minute\" \/>\n<script type=\"application\/ld+json\" class=\"yoast-schema-graph\">{\"@context\":\"https:\/\/schema.org\",\"@graph\":[{\"@type\":\"WebPage\",\"@id\":\"https:\/\/goktas.net\/ubl-kodlari\/\",\"url\":\"https:\/\/goktas.net\/ubl-kodlari\/\",\"name\":\"UBL Kodlar\u0131 - G\u00f6kta\u015f Bilgisayar\",\"isPartOf\":{\"@id\":\"https:\/\/goktas.net\/#website\"},\"primaryImageOfPage\":{\"@id\":\"https:\/\/goktas.net\/ubl-kodlari\/#primaryimage\"},\"image\":{\"@id\":\"https:\/\/goktas.net\/ubl-kodlari\/#primaryimage\"},\"thumbnailUrl\":\"https:\/\/goktas.net\/wp-content\/uploads\/2025\/09\/1-1.png\",\"datePublished\":\"2025-09-09T19:20:54+00:00\",\"dateModified\":\"2025-09-12T21:29:30+00:00\",\"breadcrumb\":{\"@id\":\"https:\/\/goktas.net\/ubl-kodlari\/#breadcrumb\"},\"inLanguage\":\"de\",\"potentialAction\":[{\"@type\":\"ReadAction\",\"target\":[\"https:\/\/goktas.net\/ubl-kodlari\/\"]}]},{\"@type\":\"ImageObject\",\"inLanguage\":\"de\",\"@id\":\"https:\/\/goktas.net\/ubl-kodlari\/#primaryimage\",\"url\":\"https:\/\/goktas.net\/wp-content\/uploads\/2025\/09\/1-1.png\",\"contentUrl\":\"https:\/\/goktas.net\/wp-content\/uploads\/2025\/09\/1-1.png\",\"width\":500,\"height\":500},{\"@type\":\"BreadcrumbList\",\"@id\":\"https:\/\/goktas.net\/ubl-kodlari\/#breadcrumb\",\"itemListElement\":[{\"@type\":\"ListItem\",\"position\":1,\"name\":\"Anasayfa\",\"item\":\"https:\/\/goktas.net\/\"},{\"@type\":\"ListItem\",\"position\":2,\"name\":\"UBL Kodlar\u0131\"}]},{\"@type\":\"WebSite\",\"@id\":\"https:\/\/goktas.net\/#website\",\"url\":\"https:\/\/goktas.net\/\",\"name\":\"G\u00f6kta\u015f Bilgisayar\",\"description\":\"G\u00f6kta\u015f Bilgisayar\",\"potentialAction\":[{\"@type\":\"SearchAction\",\"target\":{\"@type\":\"EntryPoint\",\"urlTemplate\":\"https:\/\/goktas.net\/?s={search_term_string}\"},\"query-input\":{\"@type\":\"PropertyValueSpecification\",\"valueRequired\":true,\"valueName\":\"search_term_string\"}}],\"inLanguage\":\"de\"}]}<\/script>\n<!-- \/ Yoast SEO plugin. -->","yoast_head_json":{"title":"UBL Kodlar\u0131 - G\u00f6kta\u015f Bilgisayar","robots":{"index":"index","follow":"follow","max-snippet":"max-snippet:-1","max-image-preview":"max-image-preview:large","max-video-preview":"max-video-preview:-1"},"canonical":"https:\/\/goktas.net\/de\/ubl-kodlari\/","og_locale":"de_DE","og_type":"article","og_title":"UBL Kodlar\u0131 - G\u00f6kta\u015f Bilgisayar","og_description":"UBL Kodlar\u0131 Nedir UBL Kodlar\u0131 Nedir UBL, yani Universal Business Language, e-faturalar\u0131n standart bir formatta haz\u0131rlanmas\u0131n\u0131 ve sistemler aras\u0131nda sorunsuz \u015fekilde i\u015flenmesini sa\u011flayan uluslararas\u0131 bir i\u015f dilidir. T\u00fcrkiye\u2019de kullan\u0131lan e-fatura sisteminde, Gelir \u0130daresi Ba\u015fkanl\u0131\u011f\u0131 taraf\u0131ndan belirlenen UBL-TR format\u0131 kullan\u0131lmaktad\u0131r. UBL kodlar\u0131 sayesinde faturalar; g\u00f6nderici, al\u0131c\u0131, \u00fcr\u00fcn, miktar, vergi oran\u0131 gibi bilgileri belirli bir standartta i\u00e7erir. [&hellip;]","og_url":"https:\/\/goktas.net\/de\/ubl-kodlari\/","og_site_name":"G\u00f6kta\u015f Bilgisayar","article_modified_time":"2025-09-12T21:29:30+00:00","og_image":[{"width":500,"height":500,"url":"https:\/\/goktas.net\/wp-content\/uploads\/2025\/09\/1-1.png","type":"image\/png"}],"twitter_card":"summary_large_image","twitter_misc":{"Gesch\u00e4tzte Lesezeit":"1\u00a0Minute"},"schema":{"@context":"https:\/\/schema.org","@graph":[{"@type":"WebPage","@id":"https:\/\/goktas.net\/ubl-kodlari\/","url":"https:\/\/goktas.net\/ubl-kodlari\/","name":"UBL Kodlar\u0131 - G\u00f6kta\u015f Bilgisayar","isPartOf":{"@id":"https:\/\/goktas.net\/#website"},"primaryImageOfPage":{"@id":"https:\/\/goktas.net\/ubl-kodlari\/#primaryimage"},"image":{"@id":"https:\/\/goktas.net\/ubl-kodlari\/#primaryimage"},"thumbnailUrl":"https:\/\/goktas.net\/wp-content\/uploads\/2025\/09\/1-1.png","datePublished":"2025-09-09T19:20:54+00:00","dateModified":"2025-09-12T21:29:30+00:00","breadcrumb":{"@id":"https:\/\/goktas.net\/ubl-kodlari\/#breadcrumb"},"inLanguage":"de","potentialAction":[{"@type":"ReadAction","target":["https:\/\/goktas.net\/ubl-kodlari\/"]}]},{"@type":"ImageObject","inLanguage":"de","@id":"https:\/\/goktas.net\/ubl-kodlari\/#primaryimage","url":"https:\/\/goktas.net\/wp-content\/uploads\/2025\/09\/1-1.png","contentUrl":"https:\/\/goktas.net\/wp-content\/uploads\/2025\/09\/1-1.png","width":500,"height":500},{"@type":"BreadcrumbList","@id":"https:\/\/goktas.net\/ubl-kodlari\/#breadcrumb","itemListElement":[{"@type":"ListItem","position":1,"name":"Anasayfa","item":"https:\/\/goktas.net\/"},{"@type":"ListItem","position":2,"name":"UBL Kodlar\u0131"}]},{"@type":"WebSite","@id":"https:\/\/goktas.net\/#website","url":"https:\/\/goktas.net\/","name":"G\u00f6kta\u015f Bilgisayar","description":"G\u00f6kta\u015f Bilgisayar","potentialAction":[{"@type":"SearchAction","target":{"@type":"EntryPoint","urlTemplate":"https:\/\/goktas.net\/?s={search_term_string}"},"query-input":{"@type":"PropertyValueSpecification","valueRequired":true,"valueName":"search_term_string"}}],"inLanguage":"de"}]}},"_links":{"self":[{"href":"https:\/\/goktas.net\/de\/wp-json\/wp\/v2\/pages\/669","targetHints":{"allow":["GET"]}}],"collection":[{"href":"https:\/\/goktas.net\/de\/wp-json\/wp\/v2\/pages"}],"about":[{"href":"https:\/\/goktas.net\/de\/wp-json\/wp\/v2\/types\/page"}],"author":[{"embeddable":true,"href":"https:\/\/goktas.net\/de\/wp-json\/wp\/v2\/users\/1"}],"replies":[{"embeddable":true,"href":"https:\/\/goktas.net\/de\/wp-json\/wp\/v2\/comments?post=669"}],"version-history":[{"count":7,"href":"https:\/\/goktas.net\/de\/wp-json\/wp\/v2\/pages\/669\/revisions"}],"predecessor-version":[{"id":852,"href":"https:\/\/goktas.net\/de\/wp-json\/wp\/v2\/pages\/669\/revisions\/852"}],"wp:featuredmedia":[{"embeddable":true,"href":"https:\/\/goktas.net\/de\/wp-json\/wp\/v2\/media\/641"}],"wp:attachment":[{"href":"https:\/\/goktas.net\/de\/wp-json\/wp\/v2\/media?parent=669"}],"curies":[{"name":"wp","href":"https:\/\/api.w.org\/{rel}","templated":true}]}}