{"id":666,"date":"2025-09-09T22:20:08","date_gmt":"2025-09-09T19:20:08","guid":{"rendered":"https:\/\/goktas.net\/?page_id=666"},"modified":"2025-09-13T00:27:19","modified_gmt":"2025-09-12T21:27:19","slug":"kep-adresi-nedir","status":"publish","type":"page","link":"https:\/\/goktas.net\/de\/kep-adresi-nedir\/","title":{"rendered":"Was ist eine KEP-Adresse?"},"content":{"rendered":"<div data-elementor-type=\"wp-page\" data-elementor-id=\"666\" class=\"elementor elementor-666\">\n\t\t\t\t<div class=\"elementor-element elementor-element-e4ad5b3 e-flex e-con-boxed e-con e-parent\" data-id=\"e4ad5b3\" data-element_type=\"container\" data-settings=\"{&quot;background_background&quot;:&quot;classic&quot;,&quot;jet_parallax_layout_list&quot;:[]}\">\n\t\t\t\t\t<div class=\"e-con-inner\">\n\t\t<div class=\"elementor-element elementor-element-4dd36d6 e-con-full e-flex e-con e-child\" data-id=\"4dd36d6\" data-element_type=\"container\" data-settings=\"{&quot;jet_parallax_layout_list&quot;:[]}\">\n\t\t\t\t<div class=\"elementor-element elementor-element-dd2bcee elementor-widget elementor-widget-heading\" data-id=\"dd2bcee\" data-element_type=\"widget\" data-widget_type=\"heading.default\">\n\t\t\t\t\t<h2 class=\"elementor-heading-title elementor-size-default\">Wie lautet die Kep-Adresse?<\/h2>\t\t\t\t<\/div>\n\t\t\t\t<\/div>\n\t\t\t\t\t<\/div>\n\t\t\t\t<\/div>\n\t\t<div class=\"elementor-element elementor-element-70df26e e-flex e-con-boxed elementor-invisible e-con e-parent\" data-id=\"70df26e\" data-element_type=\"container\" data-settings=\"{&quot;jet_parallax_layout_list&quot;:[],&quot;animation&quot;:&quot;fadeInUp&quot;}\">\n\t\t\t\t\t<div class=\"e-con-inner\">\n\t\t<div class=\"elementor-element elementor-element-ee18d4f e-con-full e-flex e-con e-child\" data-id=\"ee18d4f\" data-element_type=\"container\" data-settings=\"{&quot;jet_parallax_layout_list&quot;:[]}\">\n\t\t\t\t<div class=\"elementor-element elementor-element-0996ed2 elementor-widget elementor-widget-html\" data-id=\"0996ed2\" data-element_type=\"widget\" data-widget_type=\"html.default\">\n\t\t\t\t\t<!-- KEP Adresi Nedir \u2013 ikonlu kart (inline, same system) -->\r\n<section style=\"--max:1100px; --pad:22px; --gap:18px; --radius:16px; --ring:#e5e7eb; --text:#0f172a; --muted:#334155; --shadow:0 16px 30px rgba(0,0,0,.12); --wash:#f8fafc; --acc1:#3b82f6; --acc2:#22c55e; font-family:system-ui,-apple-system,Segoe UI,Roboto,Arial,sans-serif; color:var(--text);\">\r\n\r\n  <style>\r\n    .card{max-width:var(--max); margin:0 auto 18px; background:#fff; border:1px solid var(--ring); border-radius:var(--radius); box-shadow:var(--shadow); overflow:hidden;}\r\n    .card .topline{height:4px; background:linear-gradient(90deg,var(--acc1),var(--acc2)); opacity:.85;}\r\n    .card .inner{display:grid; grid-template-columns:84px 1fr; gap:var(--gap); align-items:flex-start; padding:var(--pad);}\r\n    .ico-wrap{display:flex; align-items:center; justify-content:center; width:84px; height:84px; border-radius:14px; background:var(--wash); border:1px solid var(--ring);}\r\n    .title{margin:0 0 10px; font-size:24px; line-height:1.25; background:linear-gradient(transparent calc(100% - 5px), rgba(59,130,246,.14)); display:inline; box-decoration-break:clone;}\r\n    .text{color:var(--muted); line-height:1.85; margin:0;}\r\n    @media (max-width: 820px){\r\n      .card .inner{grid-template-columns:1fr; gap:12px;}\r\n      .ico-wrap{width:72px; height:72px;}\r\n      .title{font-size:22px;}\r\n    }\r\n  <\/style>\r\n\r\n  <!-- KEP Adresi Nedir? -->\r\n  <article class=\"card\">\r\n    <div class=\"topline\"><\/div>\r\n    <div class=\"inner\">\r\n      <!-- \u0130KON: Zarf + kilit + onay -->\r\n      <div class=\"ico-wrap\" aria-hidden=\"true\">\r\n        <svg width=\"40\" height=\"40\" viewbox=\"0 0 24 24\" fill=\"none\">\r\n          <!-- zarf g\u00f6vdesi -->\r\n          <rect x=\"3.5\" y=\"7.5\" width=\"17\" height=\"10\" rx=\"2\" stroke=\"#3b82f6\" stroke-width=\"1.6\"\/>\r\n          <path d=\"M3.8 8l8.2 6 8.2-6\" stroke=\"#22c55e\" stroke-width=\"1.6\" stroke-linecap=\"round\"\/>\r\n          <!-- kilit rozeti -->\r\n          <circle cx=\"18.8\" cy=\"16.6\" r=\"2.2\" fill=\"#22c55e\" opacity=\".9\"\/>\r\n          <path d=\"M17.8 16.6l.8.8 1.7-1.7\" stroke=\"#fff\" stroke-width=\"1.4\" stroke-linecap=\"round\" stroke-linejoin=\"round\"\/>\r\n        <\/svg>\r\n      <\/div>\r\n      <div>\r\n        <h2 class=\"title\">Was ist eine KEP-Adresse?<\/h2>\r\n        <p class=\"text\">Eingeschriebene E-Mails (KEP) gew\u00e4hrleisten die Rechtsg\u00fcltigkeit elektronisch versendeter E-Mails. Eine KEP-Adresse gew\u00e4hrleistet die Sicherheit der offiziellen Korrespondenz, der Inhalt der Nachrichten kann nicht ver\u00e4ndert werden und der Zeitpunkt des Versands wird aufgezeichnet.<\/p>\r\n        <p class=\"text\">Eine KEP-Adresse ist insbesondere f\u00fcr Unternehmen wichtig. Offizielle Korrespondenz wie Handelsvertr\u00e4ge, Vertragsmitteilungen, Abmahnungen und Mitteilungen, die \u00fcber KEP versendet wird, dient als Beweismittel vor Gericht. So werden bei Streitigkeiten zwischen Parteien Zweifel an der G\u00fcltigkeit von E-Mails ausgeschlossen.<\/p>\r\n        <p class=\"text\">Das KEP-System ist eine elektronische Adaption des traditionellen Postsystems. Der entscheidende Unterschied besteht jedoch darin, dass Sicherheit und Rechtsg\u00fcltigkeit auch in der digitalen Umgebung erhalten bleiben. Sobald eine \u00fcber KEP versendete E-Mail im System des Empf\u00e4ngers eintrifft, wird sowohl dem Absender als auch dem Empf\u00e4nger ein rechtsg\u00fcltiger Zustellbericht angezeigt.<\/p>\r\n        <p class=\"text\">F\u00fcr Unternehmen ist eine KEP-Adresse unerl\u00e4sslich, um ihre offizielle Korrespondenz sicher, schnell und kosteng\u00fcnstig abzuwickeln. Beantragen Sie eine KEP-Adresse, um die offizielle Kommunikation Ihres Unternehmens zu sch\u00fctzen. Weitere Informationen finden Sie auf unserer KEP-Adressseite.<\/p>\r\n      <\/div>\r\n    <\/div>\r\n  <\/article>\r\n\r\n<\/section>\r\n\t\t\t\t<\/div>\n\t\t\t\t<\/div>\n\t\t\t\t\t<\/div>\n\t\t\t\t<\/div>\n\t\t\t\t<\/div>","protected":false},"excerpt":{"rendered":"<p>Was ist eine registrierte E-Mail-Adresse (KEP-Adresse)? KEP, kurz f\u00fcr Registered Electronic Mail, ist ein System, das die Rechtsg\u00fcltigkeit elektronisch versendeter E-Mails sicherstellt. Eine KEP-Adresse garantiert sichere offizielle Korrespondenz, verhindert die Manipulation von Nachrichteninhalten und protokolliert den Sendezeitpunkt. KEP-Adressen sind insbesondere f\u00fcr Unternehmen wichtig. Sie werden unter anderem f\u00fcr Handelsvertr\u00e4ge, Vertragsmitteilungen, Warnungen und offizielle Bekanntmachungen verwendet.<\/p>","protected":false},"author":1,"featured_media":641,"parent":0,"menu_order":0,"comment_status":"closed","ping_status":"closed","template":"elementor_header_footer","meta":{"_acf_changed":false,"footnotes":""},"class_list":["post-666","page","type-page","status-publish","has-post-thumbnail","hentry"],"acf":[],"yoast_head":"<!-- This site is optimized with the Yoast SEO plugin v25.6 - https:\/\/yoast.com\/wordpress\/plugins\/seo\/ -->\n<title>KEP Adresi Nedir - G\u00f6kta\u015f Bilgisayar<\/title>\n<meta name=\"robots\" content=\"index, follow, max-snippet:-1, max-image-preview:large, max-video-preview:-1\" \/>\n<link rel=\"canonical\" href=\"https:\/\/goktas.net\/de\/kep-adresi-nedir\/\" \/>\n<meta property=\"og:locale\" content=\"de_DE\" \/>\n<meta property=\"og:type\" content=\"article\" \/>\n<meta property=\"og:title\" content=\"KEP Adresi Nedir - G\u00f6kta\u015f Bilgisayar\" \/>\n<meta property=\"og:description\" content=\"Kep Adresi Nedir KEP Adresi Nedir? KEP, yani Kay\u0131tl\u0131 Elektronik Posta, elektronik ortamda g\u00f6nderilen e-postalar\u0131n hukuken ge\u00e7erli olmas\u0131n\u0131 sa\u011flayan sistemdir. KEP adresi, resmi yaz\u0131\u015fmalar\u0131n g\u00fcvenli \u015fekilde yap\u0131lmas\u0131n\u0131, g\u00f6nderilen mesajlar\u0131n i\u00e7eri\u011finin de\u011fi\u015ftirilememesini ve g\u00f6nderim zaman\u0131n\u0131n kay\u0131t alt\u0131na al\u0131nmas\u0131n\u0131 garanti eder. KEP adresi \u00f6zellikle \u015firketler i\u00e7in b\u00fcy\u00fck \u00f6nem ta\u015f\u0131r. Ticari anla\u015fmalar, s\u00f6zle\u015fme bildirimleri, ihtar ve tebligatlar gibi [&hellip;]\" \/>\n<meta property=\"og:url\" content=\"https:\/\/goktas.net\/de\/kep-adresi-nedir\/\" \/>\n<meta property=\"og:site_name\" content=\"G\u00f6kta\u015f Bilgisayar\" \/>\n<meta property=\"article:modified_time\" content=\"2025-09-12T21:27:19+00:00\" \/>\n<meta property=\"og:image\" content=\"https:\/\/goktas.net\/wp-content\/uploads\/2025\/09\/1-1.png\" \/>\n\t<meta property=\"og:image:width\" content=\"500\" \/>\n\t<meta property=\"og:image:height\" content=\"500\" \/>\n\t<meta property=\"og:image:type\" content=\"image\/png\" \/>\n<meta name=\"twitter:card\" content=\"summary_large_image\" \/>\n<meta name=\"twitter:label1\" content=\"Gesch\u00e4tzte Lesezeit\" \/>\n\t<meta name=\"twitter:data1\" content=\"1\u00a0Minute\" \/>\n<script type=\"application\/ld+json\" class=\"yoast-schema-graph\">{\"@context\":\"https:\/\/schema.org\",\"@graph\":[{\"@type\":\"WebPage\",\"@id\":\"https:\/\/goktas.net\/kep-adresi-nedir\/\",\"url\":\"https:\/\/goktas.net\/kep-adresi-nedir\/\",\"name\":\"KEP Adresi Nedir - G\u00f6kta\u015f Bilgisayar\",\"isPartOf\":{\"@id\":\"https:\/\/goktas.net\/#website\"},\"primaryImageOfPage\":{\"@id\":\"https:\/\/goktas.net\/kep-adresi-nedir\/#primaryimage\"},\"image\":{\"@id\":\"https:\/\/goktas.net\/kep-adresi-nedir\/#primaryimage\"},\"thumbnailUrl\":\"https:\/\/goktas.net\/wp-content\/uploads\/2025\/09\/1-1.png\",\"datePublished\":\"2025-09-09T19:20:08+00:00\",\"dateModified\":\"2025-09-12T21:27:19+00:00\",\"breadcrumb\":{\"@id\":\"https:\/\/goktas.net\/kep-adresi-nedir\/#breadcrumb\"},\"inLanguage\":\"de\",\"potentialAction\":[{\"@type\":\"ReadAction\",\"target\":[\"https:\/\/goktas.net\/kep-adresi-nedir\/\"]}]},{\"@type\":\"ImageObject\",\"inLanguage\":\"de\",\"@id\":\"https:\/\/goktas.net\/kep-adresi-nedir\/#primaryimage\",\"url\":\"https:\/\/goktas.net\/wp-content\/uploads\/2025\/09\/1-1.png\",\"contentUrl\":\"https:\/\/goktas.net\/wp-content\/uploads\/2025\/09\/1-1.png\",\"width\":500,\"height\":500},{\"@type\":\"BreadcrumbList\",\"@id\":\"https:\/\/goktas.net\/kep-adresi-nedir\/#breadcrumb\",\"itemListElement\":[{\"@type\":\"ListItem\",\"position\":1,\"name\":\"Anasayfa\",\"item\":\"https:\/\/goktas.net\/\"},{\"@type\":\"ListItem\",\"position\":2,\"name\":\"KEP Adresi Nedir\"}]},{\"@type\":\"WebSite\",\"@id\":\"https:\/\/goktas.net\/#website\",\"url\":\"https:\/\/goktas.net\/\",\"name\":\"G\u00f6kta\u015f Bilgisayar\",\"description\":\"G\u00f6kta\u015f Bilgisayar\",\"potentialAction\":[{\"@type\":\"SearchAction\",\"target\":{\"@type\":\"EntryPoint\",\"urlTemplate\":\"https:\/\/goktas.net\/?s={search_term_string}\"},\"query-input\":{\"@type\":\"PropertyValueSpecification\",\"valueRequired\":true,\"valueName\":\"search_term_string\"}}],\"inLanguage\":\"de\"}]}<\/script>\n<!-- \/ Yoast SEO plugin. -->","yoast_head_json":{"title":"KEP Adresi Nedir - G\u00f6kta\u015f Bilgisayar","robots":{"index":"index","follow":"follow","max-snippet":"max-snippet:-1","max-image-preview":"max-image-preview:large","max-video-preview":"max-video-preview:-1"},"canonical":"https:\/\/goktas.net\/de\/kep-adresi-nedir\/","og_locale":"de_DE","og_type":"article","og_title":"KEP Adresi Nedir - G\u00f6kta\u015f Bilgisayar","og_description":"Kep Adresi Nedir KEP Adresi Nedir? KEP, yani Kay\u0131tl\u0131 Elektronik Posta, elektronik ortamda g\u00f6nderilen e-postalar\u0131n hukuken ge\u00e7erli olmas\u0131n\u0131 sa\u011flayan sistemdir. KEP adresi, resmi yaz\u0131\u015fmalar\u0131n g\u00fcvenli \u015fekilde yap\u0131lmas\u0131n\u0131, g\u00f6nderilen mesajlar\u0131n i\u00e7eri\u011finin de\u011fi\u015ftirilememesini ve g\u00f6nderim zaman\u0131n\u0131n kay\u0131t alt\u0131na al\u0131nmas\u0131n\u0131 garanti eder. KEP adresi \u00f6zellikle \u015firketler i\u00e7in b\u00fcy\u00fck \u00f6nem ta\u015f\u0131r. Ticari anla\u015fmalar, s\u00f6zle\u015fme bildirimleri, ihtar ve tebligatlar gibi [&hellip;]","og_url":"https:\/\/goktas.net\/de\/kep-adresi-nedir\/","og_site_name":"G\u00f6kta\u015f Bilgisayar","article_modified_time":"2025-09-12T21:27:19+00:00","og_image":[{"width":500,"height":500,"url":"https:\/\/goktas.net\/wp-content\/uploads\/2025\/09\/1-1.png","type":"image\/png"}],"twitter_card":"summary_large_image","twitter_misc":{"Gesch\u00e4tzte Lesezeit":"1\u00a0Minute"},"schema":{"@context":"https:\/\/schema.org","@graph":[{"@type":"WebPage","@id":"https:\/\/goktas.net\/kep-adresi-nedir\/","url":"https:\/\/goktas.net\/kep-adresi-nedir\/","name":"KEP Adresi Nedir - G\u00f6kta\u015f Bilgisayar","isPartOf":{"@id":"https:\/\/goktas.net\/#website"},"primaryImageOfPage":{"@id":"https:\/\/goktas.net\/kep-adresi-nedir\/#primaryimage"},"image":{"@id":"https:\/\/goktas.net\/kep-adresi-nedir\/#primaryimage"},"thumbnailUrl":"https:\/\/goktas.net\/wp-content\/uploads\/2025\/09\/1-1.png","datePublished":"2025-09-09T19:20:08+00:00","dateModified":"2025-09-12T21:27:19+00:00","breadcrumb":{"@id":"https:\/\/goktas.net\/kep-adresi-nedir\/#breadcrumb"},"inLanguage":"de","potentialAction":[{"@type":"ReadAction","target":["https:\/\/goktas.net\/kep-adresi-nedir\/"]}]},{"@type":"ImageObject","inLanguage":"de","@id":"https:\/\/goktas.net\/kep-adresi-nedir\/#primaryimage","url":"https:\/\/goktas.net\/wp-content\/uploads\/2025\/09\/1-1.png","contentUrl":"https:\/\/goktas.net\/wp-content\/uploads\/2025\/09\/1-1.png","width":500,"height":500},{"@type":"BreadcrumbList","@id":"https:\/\/goktas.net\/kep-adresi-nedir\/#breadcrumb","itemListElement":[{"@type":"ListItem","position":1,"name":"Anasayfa","item":"https:\/\/goktas.net\/"},{"@type":"ListItem","position":2,"name":"KEP Adresi Nedir"}]},{"@type":"WebSite","@id":"https:\/\/goktas.net\/#website","url":"https:\/\/goktas.net\/","name":"G\u00f6kta\u015f Bilgisayar","description":"G\u00f6kta\u015f Bilgisayar","potentialAction":[{"@type":"SearchAction","target":{"@type":"EntryPoint","urlTemplate":"https:\/\/goktas.net\/?s={search_term_string}"},"query-input":{"@type":"PropertyValueSpecification","valueRequired":true,"valueName":"search_term_string"}}],"inLanguage":"de"}]}},"_links":{"self":[{"href":"https:\/\/goktas.net\/de\/wp-json\/wp\/v2\/pages\/666","targetHints":{"allow":["GET"]}}],"collection":[{"href":"https:\/\/goktas.net\/de\/wp-json\/wp\/v2\/pages"}],"about":[{"href":"https:\/\/goktas.net\/de\/wp-json\/wp\/v2\/types\/page"}],"author":[{"embeddable":true,"href":"https:\/\/goktas.net\/de\/wp-json\/wp\/v2\/users\/1"}],"replies":[{"embeddable":true,"href":"https:\/\/goktas.net\/de\/wp-json\/wp\/v2\/comments?post=666"}],"version-history":[{"count":7,"href":"https:\/\/goktas.net\/de\/wp-json\/wp\/v2\/pages\/666\/revisions"}],"predecessor-version":[{"id":848,"href":"https:\/\/goktas.net\/de\/wp-json\/wp\/v2\/pages\/666\/revisions\/848"}],"wp:featuredmedia":[{"embeddable":true,"href":"https:\/\/goktas.net\/de\/wp-json\/wp\/v2\/media\/641"}],"wp:attachment":[{"href":"https:\/\/goktas.net\/de\/wp-json\/wp\/v2\/media?parent=666"}],"curies":[{"name":"wp","href":"https:\/\/api.w.org\/{rel}","templated":true}]}}