{"id":654,"date":"2025-09-09T22:18:10","date_gmt":"2025-09-09T19:18:10","guid":{"rendered":"https:\/\/goktas.net\/?page_id=654"},"modified":"2025-09-13T00:18:57","modified_gmt":"2025-09-12T21:18:57","slug":"e-donusum-nedir","status":"publish","type":"page","link":"https:\/\/goktas.net\/de\/e-donusum-nedir\/","title":{"rendered":"Was ist E-Transformation?"},"content":{"rendered":"<div data-elementor-type=\"wp-page\" data-elementor-id=\"654\" class=\"elementor elementor-654\">\n\t\t\t\t<div class=\"elementor-element elementor-element-5907e97 e-flex e-con-boxed e-con e-parent\" data-id=\"5907e97\" data-element_type=\"container\" data-settings=\"{&quot;background_background&quot;:&quot;classic&quot;,&quot;jet_parallax_layout_list&quot;:[]}\">\n\t\t\t\t\t<div class=\"e-con-inner\">\n\t\t<div class=\"elementor-element elementor-element-582793e e-con-full e-flex e-con e-child\" data-id=\"582793e\" data-element_type=\"container\" data-settings=\"{&quot;jet_parallax_layout_list&quot;:[]}\">\n\t\t\t\t<div class=\"elementor-element elementor-element-9403c12 elementor-widget elementor-widget-heading\" data-id=\"9403c12\" data-element_type=\"widget\" data-widget_type=\"heading.default\">\n\t\t\t\t\t<h2 class=\"elementor-heading-title elementor-size-default\">Was ist E-Transformation?<\/h2>\t\t\t\t<\/div>\n\t\t\t\t<\/div>\n\t\t\t\t\t<\/div>\n\t\t\t\t<\/div>\n\t\t<div class=\"elementor-element elementor-element-c0aa4dd e-flex e-con-boxed elementor-invisible e-con e-parent\" data-id=\"c0aa4dd\" data-element_type=\"container\" data-settings=\"{&quot;jet_parallax_layout_list&quot;:[],&quot;animation&quot;:&quot;fadeInUp&quot;}\">\n\t\t\t\t\t<div class=\"e-con-inner\">\n\t\t<div class=\"elementor-element elementor-element-133a081 e-con-full e-flex e-con e-child\" data-id=\"133a081\" data-element_type=\"container\" data-settings=\"{&quot;jet_parallax_layout_list&quot;:[]}\">\n\t\t\t\t<div class=\"elementor-element elementor-element-0032cae elementor-widget elementor-widget-html\" data-id=\"0032cae\" data-element_type=\"widget\" data-widget_type=\"html.default\">\n\t\t\t\t\t<!-- E-D\u00f6n\u00fc\u015f\u00fcm Bilgilendirme \u2013 ikonlu kartlar (inline) -->\r\n<section style=\"--max:1100px; --pad:22px; --gap:18px; --radius:16px; --ring:#e5e7eb; --text:#0f172a; --muted:#334155; --shadow:0 16px 30px rgba(0,0,0,.12); --wash:#f8fafc; --acc1:#3b82f6; --acc2:#22c55e; font-family:system-ui,-apple-system,Segoe UI,Roboto,Arial,sans-serif; color:var(--text);\">\r\n\r\n  <!-- KART B\u0130LE\u015eEN \u015eABLONU: .card -->\r\n  <style>\r\n    .card{max-width:var(--max); margin:0 auto 18px; background:#fff; border:1px solid var(--ring); border-radius:var(--radius); box-shadow:var(--shadow); overflow:hidden;}\r\n    .card .topline{height:4px; background:linear-gradient(90deg,var(--acc1),var(--acc2)); opacity:.85;}\r\n    .card .inner{display:grid; grid-template-columns:84px 1fr; gap:var(--gap); align-items:flex-start; padding:var(--pad);}\r\n    .ico-wrap{display:flex; align-items:center; justify-content:center; width:84px; height:84px; border-radius:14px; background:var(--wash); border:1px solid var(--ring);}\r\n    .title{margin:0 0 10px; font-size:24px; line-height:1.25; background:linear-gradient(transparent calc(100% - 5px), rgba(59,130,246,.14)); display:inline; box-decoration-break:clone;}\r\n    .text{color:var(--muted); line-height:1.85; margin:0;}\r\n    @media (max-width: 820px){\r\n      .card .inner{grid-template-columns:1fr; gap:12px;}\r\n      .ico-wrap{width:72px; height:72px;}\r\n      .title{font-size:22px;}\r\n    }\r\n  <\/style>\r\n\r\n  <!-- 1) E-D\u00f6n\u00fc\u015f\u00fcm Nedir (ba\u015fl\u0131k + ikon) -->\r\n  <article class=\"card\">\r\n    <div class=\"topline\"><\/div>\r\n    <div class=\"inner\">\r\n      <!-- \u0130KON: D\u00f6n\u00fc\u015f\u00fcm \/ bulut + di\u015fli -->\r\n      <div class=\"ico-wrap\" aria-hidden=\"true\">\r\n        <svg width=\"38\" height=\"38\" viewbox=\"0 0 24 24\" fill=\"none\">\r\n          <path d=\"M7 10a5 5 0 019.584-1.003A4 4 0 1118 17H7.5\" stroke=\"#3b82f6\" stroke-width=\"1.7\" stroke-linecap=\"round\"\/>\r\n          <path d=\"M7.5 17l-2 2m2-2l-2-2\" stroke=\"#22c55e\" stroke-width=\"1.7\" stroke-linecap=\"round\" stroke-linejoin=\"round\"\/>\r\n        <\/svg>\r\n      <\/div>\r\n      <div>\r\n        <h2 class=\"title\">Was ist E-Transformation?<\/h2>\r\n        <!-- Bu ba\u015fl\u0131k i\u00e7in metin verilmedi; talebine uygun olarak ba\u015fl\u0131\u011f\u0131 oldu\u011fu gibi yerle\u015ftirdim. -->\r\n      <\/div>\r\n    <\/div>\r\n  <\/article>\r\n\r\n  <!-- 2) E-Fatura Nedir? -->\r\n  <article class=\"card\">\r\n    <div class=\"topline\"><\/div>\r\n    <div class=\"inner\">\r\n      <!-- \u0130KON: Fatura \/ belge + damga -->\r\n      <div class=\"ico-wrap\" aria-hidden=\"true\">\r\n        <svg width=\"40\" height=\"40\" viewbox=\"0 0 24 24\" fill=\"none\">\r\n          <path d=\"M7 3h7l3 3v12a3 3 0 0 1-3 3H7a3 3 0 0 1-3-3V6a3 3 0 0 1 3-3z\" stroke=\"#3b82f6\" stroke-width=\"1.7\"\/>\r\n          <path d=\"M9 9h6M9 13h6\" stroke=\"#0f172a\" stroke-width=\"1.5\" stroke-linecap=\"round\"\/>\r\n          <circle cx=\"17.5\" cy=\"17.5\" r=\"2.5\" fill=\"#22c55e\" opacity=\".9\"\/>\r\n        <\/svg>\r\n      <\/div>\r\n      <div>\r\n        <h2 class=\"title\">Was ist eine E-Rechnung?<\/h2>\r\n        <p class=\"text\">E-Rechnungen sind die elektronische Version von Papierrechnungen, die Unternehmen f\u00fcr ihre Gesch\u00e4ftst\u00e4tigkeiten ausstellen. Sie werden gem\u00e4\u00df den Standards der Finanzverwaltung erstellt und haben die gleiche Rechtsg\u00fcltigkeit wie Papierrechnungen. Dieses System erm\u00f6glicht es Unternehmen, ihren gesetzlichen Verpflichtungen nachzukommen und ihre Gesch\u00e4ftsprozesse schneller und sicherer abzuwickeln.<\/p>\r\n        <p class=\"text\">Die Nutzung von E-Invoicing bietet Unternehmen viele Vorteile. Vor allem entfallen Kosten f\u00fcr Papier, Druck und Archivierung. Elektronisch gespeicherte Rechnungen sind leicht zu finden und k\u00f6nnen bei Bedarf schnell weitergegeben werden. Dar\u00fcber hinaus minimiert das E-Invoicing-System die Fehlerquote. Fehler bei Datum, Betrag oder Steuerberechnung, die bei manueller Rechnungsstellung h\u00e4ufig auftreten, werden mit dem E-Invoicing-System weitgehend vermieden.<\/p>\r\n        <p class=\"text\">E-Invoicing ist zudem eine umweltfreundliche L\u00f6sung. Die Reduzierung des Papierverbrauchs senkt nicht nur die Gesch\u00e4ftskosten, sondern tr\u00e4gt auch zum Umweltschutz bei. In der heutigen Welt, in der die Digitalisierung rasant voranschreitet, verlieren Unternehmen, die E-Invoicing nicht nutzen, Zeit und geraten gegen\u00fcber der Konkurrenz ins Hintertreffen. Auch Sie k\u00f6nnen auf E-Invoicing umsteigen, um Ihr Unternehmen zukunftsf\u00e4hig zu machen und Ihre offiziellen Dokumente sicher zu verwalten. Weitere Informationen finden Sie auf unserer Seite \u201eWas ist E-Invoicing?\u201c.<\/p>\r\n      <\/div>\r\n    <\/div>\r\n  <\/article>\r\n\r\n  <!-- 3) E-\u0130mza Nedir? -->\r\n  <article class=\"card\">\r\n    <div class=\"topline\"><\/div>\r\n    <div class=\"inner\">\r\n      <!-- \u0130KON: \u0130mza \/ kalem ucu -->\r\n      <div class=\"ico-wrap\" aria-hidden=\"true\">\r\n        <svg width=\"40\" height=\"40\" viewbox=\"0 0 24 24\" fill=\"none\">\r\n          <path d=\"M3 17c3-1 5 1 7 0s3-4 6-5 5 2 5 2\" stroke=\"#3b82f6\" stroke-width=\"1.6\" stroke-linecap=\"round\" opacity=\".9\"\/>\r\n          <path d=\"M14.5 5.5l4 4\" stroke=\"#22c55e\" stroke-width=\"1.6\" stroke-linecap=\"round\"\/>\r\n          <path d=\"M16 3l5 5-6 2 1-7z\" fill=\"#3b82f6\" opacity=\".25\"\/>\r\n        <\/svg>\r\n      <\/div>\r\n      <div>\r\n        <h2 class=\"title\">Was ist eine elektronische Signatur?<\/h2>\r\n        <p class=\"text\">Eine elektronische Signatur ist das elektronische \u00c4quivalent einer handschriftlichen Unterschrift. Gem\u00e4\u00df dem Gesetz Nr. 5070 zur elektronischen Signatur ist eine elektronische Signatur ein elektronisches Zertifikat, das die Datenquelle verifiziert und die Integrit\u00e4t der signierten Daten garantiert. Sie dient der \u00dcberpr\u00fcfung der pers\u00f6nlichen Identit\u00e4t und hat die gleiche Rechtsg\u00fcltigkeit wie eine handschriftliche Unterschrift.<\/p>\r\n        <p class=\"text\">Einer der gr\u00f6\u00dften Vorteile elektronischer Signaturen ist die M\u00f6glichkeit, offizielle Dokumente sicher digital zu unterzeichnen. Elektronische Signaturen k\u00f6nnen in E-Government-Anwendungen, der Korrespondenz mit Beh\u00f6rden, Handelsvertr\u00e4gen, Ausschreibungen und Bankgesch\u00e4ften eingesetzt werden. So k\u00f6nnen Einzelpersonen und Institutionen rechtsg\u00fcltige Unterschriften leisten, ohne dass daf\u00fcr physische Dokumente erforderlich sind.<\/p>\r\n        <p class=\"text\">Elektronische Signaturen erh\u00f6hen zudem die Dokumentensicherheit. Es ist unm\u00f6glich, das signierte Dokument sp\u00e4ter zu \u00e4ndern. Dies st\u00e4rkt das Vertrauen in gesch\u00e4ftliche und \u00f6ffentliche Transaktionen. Elektronische Signaturen k\u00f6nnen zudem mit einem Zeitstempel versehen werden, sodass das Datum der Freigabe des signierten Dokuments genau identifiziert werden kann.<\/p>\r\n        <p class=\"text\">Im Zuge der digitalen Transformation erm\u00f6glichen elektronische Signaturen Unternehmen und Privatpersonen die schnelle, sichere und moderne Abwicklung ihrer Gesch\u00e4ftsprozesse. Weitere Informationen zum sicheren elektronischen Signieren Ihrer Dokumente mit elektronischen Signaturen finden Sie auf unserer Seite \u201eWas ist eine elektronische Signatur?\u201c.<\/p>\r\n      <\/div>\r\n    <\/div>\r\n  <\/article>\r\n\r\n  <!-- 4) Mali M\u00fch\u00fcr Nedir? -->\r\n  <article class=\"card\">\r\n    <div class=\"topline\"><\/div>\r\n    <div class=\"inner\">\r\n      <!-- \u0130KON: M\u00fch\u00fcr \/ rozet + kilit -->\r\n      <div class=\"ico-wrap\" aria-hidden=\"true\">\r\n        <svg width=\"40\" height=\"40\" viewbox=\"0 0 24 24\" fill=\"none\">\r\n          <path d=\"M12 3l2.1 3.9 4.4.6-3.2 3.1.8 4.4L12 13.8 7.9 15l.8-4.4L5.6 7.5l4.4-.6L12 3z\" fill=\"#3b82f6\" opacity=\".25\"\/>\r\n          <rect x=\"8\" y=\"12.5\" width=\"8\" height=\"6.5\" rx=\"1.5\" stroke=\"#0f172a\" stroke-width=\"1.4\"\/>\r\n          <path d=\"M10 12.5v-1a2 2 0 1 1 4 0v1\" stroke=\"#22c55e\" stroke-width=\"1.4\" stroke-linecap=\"round\"\/>\r\n        <\/svg>\r\n      <\/div>\r\n      <div>\r\n        <h2 class=\"title\">Was ist ein Finanzsiegel?<\/h2>\r\n        <p class=\"text\">Ein Steuersiegel ist ein elektronisches Zertifikat, das juristische Personen, insbesondere Unternehmen, in ihren E-Dokumentenanwendungen verwenden m\u00fcssen. Das Steuersiegel ist f\u00fcr die Unterzeichnung und Verifizierung von E-Rechnungen, elektronischen Hauptb\u00fcchern und \u00e4hnlichen offiziellen Dokumenten obligatorisch und berechtigt zum Unterzeichnen im Namen des Unternehmens.<\/p>\r\n        <p class=\"text\">Ein Steuersiegel ist nicht mit einer elektronischen Signatur zu verwechseln. W\u00e4hrend eine elektronische Signatur f\u00fcr Einzelpersonen g\u00fcltig ist, dient ein Steuersiegel der rechtlichen Identit\u00e4t von Unternehmen. Daher ben\u00f6tigt ein Unternehmen f\u00fcr die Umstellung auf ein elektronisches Rechnungssystem ein Steuersiegel. Ein Steuersiegelger\u00e4t wird \u00fcblicherweise in Form einer Smartcard oder eines USB-Tokens ausgegeben. Mit diesem Ger\u00e4t werden elektronische Dokumente signiert und sicher an das Finanzamt \u00fcbermittelt.<\/p>\r\n        <p class=\"text\">Das Steuersiegel verifiziert die Herkunft der ausgestellten E-Rechnungen, gew\u00e4hrleistet die Dokumentensicherheit und beugt potenziellem Betrug vor. Dar\u00fcber hinaus verleiht das Steuersiegel allen von Unternehmen elektronisch durchgef\u00fchrten Finanztransaktionen Rechtsg\u00fcltigkeit.<\/p>\r\n        <p class=\"text\">Ein Finanzsiegel ist heute f\u00fcr jedes Unternehmen im digitalen Transformationsprozess unverzichtbar. Sie k\u00f6nnen ein Finanzsiegel als ersten Schritt in der Digitalisierung Ihres Unternehmens beantragen. Weitere Informationen finden Sie auf unserer Seite \u201eWas ist ein Finanzsiegel?\u201c.<\/p>\r\n      <\/div>\r\n    <\/div>\r\n  <\/article>\r\n\r\n  <!-- 5) KEP Adresi Nedir? -->\r\n  <article class=\"card\">\r\n    <div class=\"topline\"><\/div>\r\n    <div class=\"inner\">\r\n      <!-- \u0130KON: KEP \/ zarf + kilit -->\r\n      <div class=\"ico-wrap\" aria-hidden=\"true\">\r\n        <svg width=\"40\" height=\"40\" viewbox=\"0 0 24 24\" fill=\"none\">\r\n          <path d=\"M3.5 7.5h17v9a2 2 0 0 1-2 2h-13a2 2 0 0 1-2-2v-9z\" stroke=\"#3b82f6\" stroke-width=\"1.6\"\/>\r\n          <path d=\"M3.5 8l8.5 6L20.5 8\" stroke=\"#22c55e\" stroke-width=\"1.6\" stroke-linecap=\"round\"\/>\r\n          <circle cx=\"18.5\" cy=\"16.5\" r=\"2.2\" fill=\"#22c55e\" opacity=\".9\"\/>\r\n        <\/svg>\r\n      <\/div>\r\n      <div>\r\n        <h2 class=\"title\">Was ist eine KEP-Adresse?<\/h2>\r\n        <p class=\"text\">Eingeschriebene E-Mails (KEP) gew\u00e4hrleisten die Rechtsg\u00fcltigkeit elektronisch versendeter E-Mails. Eine KEP-Adresse gew\u00e4hrleistet die Sicherheit der offiziellen Korrespondenz, der Inhalt der Nachrichten kann nicht ver\u00e4ndert werden und der Zeitpunkt des Versands wird aufgezeichnet.<\/p>\r\n        <p class=\"text\">Eine KEP-Adresse ist insbesondere f\u00fcr Unternehmen wichtig. Offizielle Korrespondenz wie Handelsvertr\u00e4ge, Vertragsmitteilungen, Abmahnungen und Mitteilungen, die \u00fcber KEP versendet wird, dient als Beweismittel vor Gericht. So werden bei Streitigkeiten zwischen Parteien Zweifel an der G\u00fcltigkeit von E-Mails ausgeschlossen.<\/p>\r\n        <p class=\"text\">Das KEP-System ist eine elektronische Adaption des traditionellen Postsystems. Der entscheidende Unterschied besteht jedoch darin, dass Sicherheit und Rechtsg\u00fcltigkeit auch in der digitalen Umgebung erhalten bleiben. Sobald eine \u00fcber KEP versendete E-Mail im System des Empf\u00e4ngers eintrifft, wird sowohl dem Absender als auch dem Empf\u00e4nger ein rechtsg\u00fcltiger Zustellbericht angezeigt.<\/p>\r\n        <p class=\"text\">F\u00fcr Unternehmen ist eine KEP-Adresse unerl\u00e4sslich, um ihre offizielle Korrespondenz sicher, schnell und kosteng\u00fcnstig abzuwickeln. Beantragen Sie eine KEP-Adresse, um die offizielle Kommunikation Ihres Unternehmens zu sch\u00fctzen. Weitere Informationen finden Sie auf unserer KEP-Adressseite.<\/p>\r\n      <\/div>\r\n    <\/div>\r\n  <\/article>\r\n\r\n  <!-- 6) UBL Kodlar\u0131 -->\r\n  <article class=\"card\">\r\n    <div class=\"topline\"><\/div>\r\n    <div class=\"inner\">\r\n      <!-- \u0130KON: Kod\/\u015fema -->\r\n      <div class=\"ico-wrap\" aria-hidden=\"true\">\r\n        <svg width=\"40\" height=\"40\" viewbox=\"0 0 24 24\" fill=\"none\">\r\n          <path d=\"M8 6l-4 6 4 6\" stroke=\"#3b82f6\" stroke-width=\"1.6\" stroke-linecap=\"round\" stroke-linejoin=\"round\"\/>\r\n          <path d=\"M16 6l4 6-4 6\" stroke=\"#22c55e\" stroke-width=\"1.6\" stroke-linecap=\"round\" stroke-linejoin=\"round\"\/>\r\n          <rect x=\"10\" y=\"4\" width=\"4\" height=\"16\" rx=\"1.2\" fill=\"#3b82f6\" opacity=\".15\"\/>\r\n        <\/svg>\r\n      <\/div>\r\n      <div>\r\n        <h2 class=\"title\">UBL-Codes<\/h2>\r\n        <p class=\"text\">UBL (Universal Business Language) ist eine internationale Gesch\u00e4ftssprache, die die Erstellung elektronischer Rechnungen in einem Standardformat und deren nahtlose system\u00fcbergreifende Verarbeitung erm\u00f6glicht. Das elektronische Rechnungsstellungssystem in der T\u00fcrkei verwendet das von der Steuerbeh\u00f6rde definierte UBL-TR-Format.<\/p>\r\n        <p class=\"text\">Dank UBL-Codes enthalten Rechnungen standardisierte Informationen wie Absender, Empf\u00e4nger, Produkt, Menge und Steuersatz. Dieser Standard gew\u00e4hrleistet nicht nur die Kompatibilit\u00e4t zwischen verschiedenen Softwareprogrammen, sondern vereinfacht auch die Rechnungspr\u00fcfung und -pr\u00fcfung. So erm\u00f6glichen UBL-Codes beispielsweise die korrekte Verarbeitung von Feldern wie \u201eMehrwertsteuerbefreiungscode\u201c oder \u201eEinbehaltungscode\u201c in einer E-Rechnung.<\/p>\r\n        <p class=\"text\">UBL-Codes verhindern Fehler bei der elektronischen Rechnungsstellung und verhindern Datenabweichungen auf Rechnungen. Dieses international anerkannte System vereinfacht zudem die internationalen Handelsgesch\u00e4fte von Unternehmen.<\/p>\r\n        <p class=\"text\">In der zunehmend digitalen Gesch\u00e4ftswelt muss jedes Unternehmen, das E-Rechnungen ausstellt, UBL-Codes kennen und korrekt anwenden. Weitere Informationen zu UBL-Codes und ihrer Verwendung finden Sie auf unserer Seite zu UBL-Codes.<\/p>\r\n      <\/div>\r\n    <\/div>\r\n  <\/article>\r\n\r\n<\/section>\r\n\t\t\t\t<\/div>\n\t\t\t\t<\/div>\n\t\t\t\t\t<\/div>\n\t\t\t\t<\/div>\n\t\t\t\t<\/div>","protected":false},"excerpt":{"rendered":"<p>E-D\u00f6n\u00fc\u015f\u00fcm Nedir E-D\u00f6n\u00fc\u015f\u00fcm Nedir E-Fatura Nedir? E-fatura, i\u015fletmelerin ticari faaliyetlerinde d\u00fczenledikleri ka\u011f\u0131t faturalar\u0131n elektronik ortama ta\u015f\u0131nm\u0131\u015f halidir. Gelir \u0130daresi Ba\u015fkanl\u0131\u011f\u0131 taraf\u0131ndan belirlenen standartlara uygun olarak haz\u0131rlanan e-faturalar, ka\u011f\u0131t faturalarla ayn\u0131 hukuki ge\u00e7erlili\u011fe sahiptir. Bu sistem sayesinde i\u015fletmeler hem yasal zorunluluklar\u0131n\u0131 yerine getirir hem de i\u015f s\u00fcre\u00e7lerini \u00e7ok daha h\u0131zl\u0131 ve g\u00fcvenli bir \u015fekilde y\u00fcr\u00fct\u00fcr. E-fatura [&hellip;]<\/p>","protected":false},"author":1,"featured_media":644,"parent":0,"menu_order":0,"comment_status":"closed","ping_status":"closed","template":"elementor_header_footer","meta":{"_acf_changed":false,"footnotes":""},"class_list":["post-654","page","type-page","status-publish","has-post-thumbnail","hentry"],"acf":[],"yoast_head":"<!-- This site is optimized with the Yoast SEO plugin v25.6 - https:\/\/yoast.com\/wordpress\/plugins\/seo\/ -->\n<title>E-D\u00f6n\u00fc\u015f\u00fcm Nedir - G\u00f6kta\u015f Bilgisayar<\/title>\n<meta name=\"robots\" content=\"index, follow, max-snippet:-1, max-image-preview:large, max-video-preview:-1\" \/>\n<link rel=\"canonical\" href=\"https:\/\/goktas.net\/de\/e-donusum-nedir\/\" \/>\n<meta property=\"og:locale\" content=\"de_DE\" \/>\n<meta property=\"og:type\" content=\"article\" \/>\n<meta property=\"og:title\" content=\"E-D\u00f6n\u00fc\u015f\u00fcm Nedir - G\u00f6kta\u015f Bilgisayar\" \/>\n<meta property=\"og:description\" content=\"E-D\u00f6n\u00fc\u015f\u00fcm Nedir E-D\u00f6n\u00fc\u015f\u00fcm Nedir E-Fatura Nedir? E-fatura, i\u015fletmelerin ticari faaliyetlerinde d\u00fczenledikleri ka\u011f\u0131t faturalar\u0131n elektronik ortama ta\u015f\u0131nm\u0131\u015f halidir. Gelir \u0130daresi Ba\u015fkanl\u0131\u011f\u0131 taraf\u0131ndan belirlenen standartlara uygun olarak haz\u0131rlanan e-faturalar, ka\u011f\u0131t faturalarla ayn\u0131 hukuki ge\u00e7erlili\u011fe sahiptir. Bu sistem sayesinde i\u015fletmeler hem yasal zorunluluklar\u0131n\u0131 yerine getirir hem de i\u015f s\u00fcre\u00e7lerini \u00e7ok daha h\u0131zl\u0131 ve g\u00fcvenli bir \u015fekilde y\u00fcr\u00fct\u00fcr. E-fatura [&hellip;]\" \/>\n<meta property=\"og:url\" content=\"https:\/\/goktas.net\/de\/e-donusum-nedir\/\" \/>\n<meta property=\"og:site_name\" content=\"G\u00f6kta\u015f Bilgisayar\" \/>\n<meta property=\"article:modified_time\" content=\"2025-09-12T21:18:57+00:00\" \/>\n<meta property=\"og:image\" content=\"https:\/\/goktas.net\/wp-content\/uploads\/2025\/09\/1-2.png\" \/>\n\t<meta property=\"og:image:width\" content=\"500\" \/>\n\t<meta property=\"og:image:height\" content=\"500\" \/>\n\t<meta property=\"og:image:type\" content=\"image\/png\" \/>\n<meta name=\"twitter:card\" content=\"summary_large_image\" \/>\n<meta name=\"twitter:label1\" content=\"Gesch\u00e4tzte Lesezeit\" \/>\n\t<meta name=\"twitter:data1\" content=\"5\u00a0Minuten\" \/>\n<script type=\"application\/ld+json\" class=\"yoast-schema-graph\">{\"@context\":\"https:\/\/schema.org\",\"@graph\":[{\"@type\":\"WebPage\",\"@id\":\"https:\/\/goktas.net\/e-donusum-nedir\/\",\"url\":\"https:\/\/goktas.net\/e-donusum-nedir\/\",\"name\":\"E-D\u00f6n\u00fc\u015f\u00fcm Nedir - G\u00f6kta\u015f Bilgisayar\",\"isPartOf\":{\"@id\":\"https:\/\/goktas.net\/#website\"},\"primaryImageOfPage\":{\"@id\":\"https:\/\/goktas.net\/e-donusum-nedir\/#primaryimage\"},\"image\":{\"@id\":\"https:\/\/goktas.net\/e-donusum-nedir\/#primaryimage\"},\"thumbnailUrl\":\"https:\/\/goktas.net\/wp-content\/uploads\/2025\/09\/1-2.png\",\"datePublished\":\"2025-09-09T19:18:10+00:00\",\"dateModified\":\"2025-09-12T21:18:57+00:00\",\"breadcrumb\":{\"@id\":\"https:\/\/goktas.net\/e-donusum-nedir\/#breadcrumb\"},\"inLanguage\":\"de\",\"potentialAction\":[{\"@type\":\"ReadAction\",\"target\":[\"https:\/\/goktas.net\/e-donusum-nedir\/\"]}]},{\"@type\":\"ImageObject\",\"inLanguage\":\"de\",\"@id\":\"https:\/\/goktas.net\/e-donusum-nedir\/#primaryimage\",\"url\":\"https:\/\/goktas.net\/wp-content\/uploads\/2025\/09\/1-2.png\",\"contentUrl\":\"https:\/\/goktas.net\/wp-content\/uploads\/2025\/09\/1-2.png\",\"width\":500,\"height\":500},{\"@type\":\"BreadcrumbList\",\"@id\":\"https:\/\/goktas.net\/e-donusum-nedir\/#breadcrumb\",\"itemListElement\":[{\"@type\":\"ListItem\",\"position\":1,\"name\":\"Anasayfa\",\"item\":\"https:\/\/goktas.net\/\"},{\"@type\":\"ListItem\",\"position\":2,\"name\":\"E-D\u00f6n\u00fc\u015f\u00fcm Nedir\"}]},{\"@type\":\"WebSite\",\"@id\":\"https:\/\/goktas.net\/#website\",\"url\":\"https:\/\/goktas.net\/\",\"name\":\"G\u00f6kta\u015f Bilgisayar\",\"description\":\"G\u00f6kta\u015f Bilgisayar\",\"potentialAction\":[{\"@type\":\"SearchAction\",\"target\":{\"@type\":\"EntryPoint\",\"urlTemplate\":\"https:\/\/goktas.net\/?s={search_term_string}\"},\"query-input\":{\"@type\":\"PropertyValueSpecification\",\"valueRequired\":true,\"valueName\":\"search_term_string\"}}],\"inLanguage\":\"de\"}]}<\/script>\n<!-- \/ Yoast SEO plugin. -->","yoast_head_json":{"title":"E-D\u00f6n\u00fc\u015f\u00fcm Nedir - G\u00f6kta\u015f Bilgisayar","robots":{"index":"index","follow":"follow","max-snippet":"max-snippet:-1","max-image-preview":"max-image-preview:large","max-video-preview":"max-video-preview:-1"},"canonical":"https:\/\/goktas.net\/de\/e-donusum-nedir\/","og_locale":"de_DE","og_type":"article","og_title":"E-D\u00f6n\u00fc\u015f\u00fcm Nedir - G\u00f6kta\u015f Bilgisayar","og_description":"E-D\u00f6n\u00fc\u015f\u00fcm Nedir E-D\u00f6n\u00fc\u015f\u00fcm Nedir E-Fatura Nedir? E-fatura, i\u015fletmelerin ticari faaliyetlerinde d\u00fczenledikleri ka\u011f\u0131t faturalar\u0131n elektronik ortama ta\u015f\u0131nm\u0131\u015f halidir. Gelir \u0130daresi Ba\u015fkanl\u0131\u011f\u0131 taraf\u0131ndan belirlenen standartlara uygun olarak haz\u0131rlanan e-faturalar, ka\u011f\u0131t faturalarla ayn\u0131 hukuki ge\u00e7erlili\u011fe sahiptir. Bu sistem sayesinde i\u015fletmeler hem yasal zorunluluklar\u0131n\u0131 yerine getirir hem de i\u015f s\u00fcre\u00e7lerini \u00e7ok daha h\u0131zl\u0131 ve g\u00fcvenli bir \u015fekilde y\u00fcr\u00fct\u00fcr. E-fatura [&hellip;]","og_url":"https:\/\/goktas.net\/de\/e-donusum-nedir\/","og_site_name":"G\u00f6kta\u015f Bilgisayar","article_modified_time":"2025-09-12T21:18:57+00:00","og_image":[{"width":500,"height":500,"url":"https:\/\/goktas.net\/wp-content\/uploads\/2025\/09\/1-2.png","type":"image\/png"}],"twitter_card":"summary_large_image","twitter_misc":{"Gesch\u00e4tzte Lesezeit":"5\u00a0Minuten"},"schema":{"@context":"https:\/\/schema.org","@graph":[{"@type":"WebPage","@id":"https:\/\/goktas.net\/e-donusum-nedir\/","url":"https:\/\/goktas.net\/e-donusum-nedir\/","name":"E-D\u00f6n\u00fc\u015f\u00fcm Nedir - G\u00f6kta\u015f Bilgisayar","isPartOf":{"@id":"https:\/\/goktas.net\/#website"},"primaryImageOfPage":{"@id":"https:\/\/goktas.net\/e-donusum-nedir\/#primaryimage"},"image":{"@id":"https:\/\/goktas.net\/e-donusum-nedir\/#primaryimage"},"thumbnailUrl":"https:\/\/goktas.net\/wp-content\/uploads\/2025\/09\/1-2.png","datePublished":"2025-09-09T19:18:10+00:00","dateModified":"2025-09-12T21:18:57+00:00","breadcrumb":{"@id":"https:\/\/goktas.net\/e-donusum-nedir\/#breadcrumb"},"inLanguage":"de","potentialAction":[{"@type":"ReadAction","target":["https:\/\/goktas.net\/e-donusum-nedir\/"]}]},{"@type":"ImageObject","inLanguage":"de","@id":"https:\/\/goktas.net\/e-donusum-nedir\/#primaryimage","url":"https:\/\/goktas.net\/wp-content\/uploads\/2025\/09\/1-2.png","contentUrl":"https:\/\/goktas.net\/wp-content\/uploads\/2025\/09\/1-2.png","width":500,"height":500},{"@type":"BreadcrumbList","@id":"https:\/\/goktas.net\/e-donusum-nedir\/#breadcrumb","itemListElement":[{"@type":"ListItem","position":1,"name":"Anasayfa","item":"https:\/\/goktas.net\/"},{"@type":"ListItem","position":2,"name":"E-D\u00f6n\u00fc\u015f\u00fcm Nedir"}]},{"@type":"WebSite","@id":"https:\/\/goktas.net\/#website","url":"https:\/\/goktas.net\/","name":"G\u00f6kta\u015f Bilgisayar","description":"G\u00f6kta\u015f Bilgisayar","potentialAction":[{"@type":"SearchAction","target":{"@type":"EntryPoint","urlTemplate":"https:\/\/goktas.net\/?s={search_term_string}"},"query-input":{"@type":"PropertyValueSpecification","valueRequired":true,"valueName":"search_term_string"}}],"inLanguage":"de"}]}},"_links":{"self":[{"href":"https:\/\/goktas.net\/de\/wp-json\/wp\/v2\/pages\/654","targetHints":{"allow":["GET"]}}],"collection":[{"href":"https:\/\/goktas.net\/de\/wp-json\/wp\/v2\/pages"}],"about":[{"href":"https:\/\/goktas.net\/de\/wp-json\/wp\/v2\/types\/page"}],"author":[{"embeddable":true,"href":"https:\/\/goktas.net\/de\/wp-json\/wp\/v2\/users\/1"}],"replies":[{"embeddable":true,"href":"https:\/\/goktas.net\/de\/wp-json\/wp\/v2\/comments?post=654"}],"version-history":[{"count":7,"href":"https:\/\/goktas.net\/de\/wp-json\/wp\/v2\/pages\/654\/revisions"}],"predecessor-version":[{"id":835,"href":"https:\/\/goktas.net\/de\/wp-json\/wp\/v2\/pages\/654\/revisions\/835"}],"wp:featuredmedia":[{"embeddable":true,"href":"https:\/\/goktas.net\/de\/wp-json\/wp\/v2\/media\/644"}],"wp:attachment":[{"href":"https:\/\/goktas.net\/de\/wp-json\/wp\/v2\/media?parent=654"}],"curies":[{"name":"wp","href":"https:\/\/api.w.org\/{rel}","templated":true}]}}