{"id":616,"date":"2025-08-10T16:32:42","date_gmt":"2025-08-10T13:32:42","guid":{"rendered":"https:\/\/goktas.net\/?page_id=616"},"modified":"2025-09-13T00:36:55","modified_gmt":"2025-09-12T21:36:55","slug":"sikca-sorulan-sorular","status":"publish","type":"page","link":"https:\/\/goktas.net\/de\/sikca-sorulan-sorular\/","title":{"rendered":"H\u00e4ufig gestellte Fragen"},"content":{"rendered":"<div data-elementor-type=\"wp-page\" data-elementor-id=\"616\" class=\"elementor elementor-616\">\n\t\t\t\t<div class=\"elementor-element elementor-element-710ea0a e-flex e-con-boxed e-con e-parent\" data-id=\"710ea0a\" data-element_type=\"container\" data-settings=\"{&quot;background_background&quot;:&quot;classic&quot;,&quot;jet_parallax_layout_list&quot;:[]}\">\n\t\t\t\t\t<div class=\"e-con-inner\">\n\t\t<div class=\"elementor-element elementor-element-305e7d8 e-con-full e-flex e-con e-child\" data-id=\"305e7d8\" data-element_type=\"container\" data-settings=\"{&quot;jet_parallax_layout_list&quot;:[]}\">\n\t\t\t\t<div class=\"elementor-element elementor-element-ddf0f53 elementor-widget elementor-widget-heading\" data-id=\"ddf0f53\" data-element_type=\"widget\" data-widget_type=\"heading.default\">\n\t\t\t\t\t<h2 class=\"elementor-heading-title elementor-size-default\">H\u00e4ufig gestellte Fragen<\/h2>\t\t\t\t<\/div>\n\t\t\t\t<\/div>\n\t\t\t\t\t<\/div>\n\t\t\t\t<\/div>\n\t\t<div class=\"elementor-element elementor-element-7b05369 e-flex e-con-boxed elementor-invisible e-con e-parent\" data-id=\"7b05369\" data-element_type=\"container\" data-settings=\"{&quot;jet_parallax_layout_list&quot;:[],&quot;animation&quot;:&quot;fadeInUp&quot;}\">\n\t\t\t\t\t<div class=\"e-con-inner\">\n\t\t<div class=\"elementor-element elementor-element-ee656ac e-con-full e-flex e-con e-child\" data-id=\"ee656ac\" data-element_type=\"container\" data-settings=\"{&quot;jet_parallax_layout_list&quot;:[]}\">\n\t\t\t\t<div class=\"elementor-element elementor-element-222fdd6 elementor-widget elementor-widget-html\" data-id=\"222fdd6\" data-element_type=\"widget\" data-widget_type=\"html.default\">\n\t\t\t\t\t<!-- SSS - Renkli Akordeon -->\r\n<div style=\"--gap:12px; --radius:14px; --ring:#e5e7eb; --text:#0f172a; --muted:#374151; --shadow:0 10px 22px rgba(0,0,0,.10); --chip:#ffffff; font-family:system-ui,-apple-system,Segoe UI,Roboto,Arial,sans-serif; max-width:1100px; margin:0 auto;\">\r\n  \r\n  <!-- Ba\u015fl\u0131k -->\r\n  <div style=\"text-align:center; margin:0 0 16px;\">\r\n    <div style=\"display:inline-block; padding:6px 14px; border-radius:999px; font-size:12px; letter-spacing:.05em; color:#0f172a; background:linear-gradient(90deg,#f0abfc 0%, #93c5fd 100%); border:1px solid rgba(255,255,255,.7); box-shadow:0 6px 14px rgba(0,0,0,.08);\">\r\n      H\u00e4ufig gestellte Fragen\r\n    <\/div>\r\n    <h2 style=\"margin:10px 0 0; font-size:28px; line-height:1.2; color:#0f172a;\">H\u00e4ufig gestellte Fragen<\/h2>\r\n  <\/div>\r\n\r\n  <!-- Akordeon -->\r\n  <div class=\"faq\" style=\"display:flex; flex-direction:column; gap:var(--gap);\">\r\n    \r\n    <!-- Item -->\r\n    <details open class=\"faq-item\" style=\"border-radius:var(--radius); overflow:hidden; background:linear-gradient(135deg,#fde68a 0%, #fca5a5 45%, #f0abfc 100%); border:1px solid var(--ring); box-shadow:var(--shadow);\">\r\n      <summary style=\"list-style:none; display:flex; align-items:center; gap:10px; cursor:pointer; padding:16px 18px; font-weight:700; color:#0b1220; background:rgba(255,255,255,.55); -webkit-backdrop-filter:saturate(140%) blur(2px); backdrop-filter:saturate(140%) blur(2px);\">\r\n        <span class=\"ico\" style=\"flex:0 0 28px; width:28px; height:28px; border-radius:999px; background:#fff; display:inline-flex; align-items:center; justify-content:center; box-shadow:0 3px 8px rgba(0,0,0,.12); position:relative;\">\r\n          <span class=\"pm\" style=\"font-weight:900; font-size:18px; line-height:1;\">\u2212<\/span>\r\n        <\/span>\r\n        <span>Was ist E-Transformation und welche Vorteile bietet sie Unternehmen?<\/span>\r\n      <\/summary>\r\n      <div style=\"padding:16px 20px; background:#fff;\">\r\n        <p style=\"margin:0; color:var(--muted); line-height:1.75;\">\r\n          Durch die E-Transformation k\u00f6nnen Unternehmen ihre offiziellen Prozesse schnell, sicher und effizient verwalten, indem sie sie in die digitale Umgebung verlagern.\r\n          <strong>E-Rechnung<\/strong>, <strong>E-Archiv<\/strong>, <strong>E-Ledger<\/strong>, <strong>elektronische Signatur<\/strong> Und <strong>KAPPE<\/strong> Dank solcher Anwendungen werden Papierkosten reduziert und gesetzliche Verpflichtungen problemlos erf\u00fcllt.\r\n        <\/p>\r\n      <\/div>\r\n    <\/details>\r\n\r\n    <!-- Item -->\r\n    <details class=\"faq-item\" style=\"border-radius:var(--radius); overflow:hidden; background:linear-gradient(135deg,#a7f3d0 0%, #34d399 45%, #22d3ee 100%); border:1px solid var(--ring); box-shadow:var(--shadow);\">\r\n      <summary style=\"list-style:none; display:flex; align-items:center; gap:10px; cursor:pointer; padding:16px 18px; font-weight:700; color:#0b1220; background:rgba(255,255,255,.55); -webkit-backdrop-filter:saturate(140%) blur(2px); backdrop-filter:saturate(140%) blur(2px);\">\r\n        <span class=\"ico\" style=\"flex:0 0 28px; width:28px; height:28px; border-radius:999px; background:#fff; display:inline-flex; align-items:center; justify-content:center; box-shadow:0 3px 8px rgba(0,0,0,.12);\"><span class=\"pm\" style=\"font-weight:900; font-size:18px;\">+<\/span><\/span>\r\n        <span>Was ist eine elektronische Rechnung und wer muss sie verwenden?<\/span>\r\n      <\/summary>\r\n      <div style=\"padding:16px 20px; background:#fff;\">\r\n        <p style=\"margin:0; color:var(--muted); line-height:1.75;\">\r\n          E-Rechnungen sind die elektronische Version von Papierrechnungen. Sie sind f\u00fcr Unternehmen ab einem bestimmten Umsatz obligatorisch; alle Unternehmen k\u00f6nnen auch freiwillig umstellen. G\u00f6kta\u015f Bilgisayar integriert Ihr Unternehmen schnell in das System und bietet Ihnen w\u00e4hrend des gesamten Prozesses technischen Support.\r\n        <\/p>\r\n      <\/div>\r\n    <\/details>\r\n\r\n    <!-- Item -->\r\n    <details class=\"faq-item\" style=\"border-radius:var(--radius); overflow:hidden; background:linear-gradient(135deg,#bfdbfe 0%, #93c5fd 45%, #a78bfa 100%); border:1px solid var(--ring); box-shadow:var(--shadow);\">\r\n      <summary style=\"list-style:none; display:flex; align-items:center; gap:10px; cursor:pointer; padding:16px 18px; font-weight:700; color:#0b1220; background:rgba(255,255,255,.55); -webkit-backdrop-filter:saturate(140%) blur(2px); backdrop-filter:saturate(140%) blur(2px);\">\r\n        <span class=\"ico\" style=\"flex:0 0 28px; width:28px; height:28px; border-radius:999px; background:#fff; display:inline-flex; align-items:center; justify-content:center; box-shadow:0 3px 8px rgba(0,0,0,.12);\"><span class=\"pm\" style=\"font-weight:900; font-size:18px;\">+<\/span><\/span>\r\n        <span>Wie lange dauert die Umstellung auf elektronische Rechnungen?<\/span>\r\n      <\/summary>\r\n      <div style=\"padding:16px 20px; background:#fff;\">\r\n        <p style=\"margin:0; color:var(--muted); line-height:1.75;\">\r\n          Sobald die notwendigen Dokumente vorbereitet sind, ist der Prozess sehr kurz. Mit unserem Expertenteam k\u00f6nnen die meisten Unternehmen <strong>am selben Tag<\/strong> k\u00f6nnen auf das E-Rechnungssystem umsteigen und es nutzen.\r\n        <\/p>\r\n      <\/div>\r\n    <\/details>\r\n\r\n    <!-- Item -->\r\n    <details class=\"faq-item\" style=\"border-radius:var(--radius); overflow:hidden; background:linear-gradient(135deg,#fbcfe8 0%, #f472b6 45%, #60a5fa 100%); border:1px solid var(--ring); box-shadow:var(--shadow);\">\r\n      <summary style=\"list-style:none; display:flex; align-items:center; gap:10px; cursor:pointer; padding:16px 18px; font-weight:700; color:#0b1220; background:rgba(255,255,255,.55); -webkit-backdrop-filter:saturate(140%) blur(2px); backdrop-filter:saturate(140%) blur(2px);\">\r\n        <span class=\"ico\" style=\"flex:0 0 28px; width:28px; height:28px; border-radius:999px; background:#fff; display:inline-flex; align-items:center; justify-content:center; box-shadow:0 3px 8px rgba(0,0,0,.12);\"><span class=\"pm\" style=\"font-weight:900; font-size:18px;\">+<\/span><\/span>\r\n        <span>Was ist eine elektronische Signatur und wo wird sie verwendet?<\/span>\r\n      <\/summary>\r\n      <div style=\"padding:16px 20px; background:#fff;\">\r\n        <p style=\"margin:0; color:var(--muted); line-height:1.75;\">\r\n          Eine elektronische Signatur (E-Signatur) ist das digitale \u00c4quivalent einer handschriftlichen Unterschrift. Sie wird in offiziellen Dokumenten, E-Government-Anwendungen, Handelsvertr\u00e4gen, der Unterzeichnung elektronischer Rechnungen usw. verwendet. Mit G\u00f6kta\u015f Computer <strong>am selben Tag<\/strong> Sie k\u00f6nnen Ihre elektronische Signatur erhalten.\r\n        <\/p>\r\n      <\/div>\r\n    <\/details>\r\n\r\n    <!-- Item -->\r\n    <details class=\"faq-item\" style=\"border-radius:var(--radius); overflow:hidden; background:linear-gradient(135deg,#fde68a 0%, #86efac 45%, #22d3ee 100%); border:1px solid var(--ring); box-shadow:var(--shadow);\">\r\n      <summary style=\"list-style:none; display:flex; align-items:center; gap:10px; cursor:pointer; padding:16px 18px; font-weight:700; color:#0b1220; background:rgba(255,255,255,.55); -webkit-backdrop-filter:saturate(140%) blur(2px); backdrop-filter:saturate(140%) blur(2px);\">\r\n        <span class=\"ico\" style=\"flex:0 0 28px; width:28px; height:28px; border-radius:999px; background:#fff; display:inline-flex; align-items:center; justify-content:center; box-shadow:0 3px 8px rgba(0,0,0,.12);\"><span class=\"pm\" style=\"font-weight:900; font-size:18px;\">+<\/span><\/span>\r\n        <span>Was ist ein Finanzsiegel und wie unterscheidet es sich von einer elektronischen Signatur?<\/span>\r\n      <\/summary>\r\n      <div style=\"padding:16px 20px; background:#fff;\">\r\n        <p style=\"margin:0; color:var(--muted); line-height:1.75;\">\r\n          <strong>Finanzsiegel<\/strong> Es ist f\u00fcr juristische Personen erforderlich und erm\u00f6glicht die Unterzeichnung von Dokumenten wie E-Rechnungen im Namen des Unternehmens.\r\n          <strong>Elektronische Signatur<\/strong> Es ist f\u00fcr den individuellen Gebrauch bestimmt, w\u00e4hrend das Finanzsiegel f\u00fcr die juristische Person des Unternehmens g\u00fcltig ist. Gemeinsam ermitteln wir die L\u00f6sung, die Ihren Anforderungen am besten entspricht.\r\n        <\/p>\r\n      <\/div>\r\n    <\/details>\r\n\r\n    <!-- Item -->\r\n    <details class=\"faq-item\" style=\"border-radius:var(--radius); overflow:hidden; background:linear-gradient(135deg,#c7d2fe 0%, #93c5fd 45%, #67e8f9 100%); border:1px solid var(--ring); box-shadow:var(--shadow);\">\r\n      <summary style=\"list-style:none; display:flex; align-items:center; gap:10px; cursor:pointer; padding:16px 18px; font-weight:700; color:#0b1220; background:rgba(255,255,255,.55); -webkit-backdrop-filter:saturate(140%) blur(2px); backdrop-filter:saturate(140%) blur(2px);\">\r\n        <span class=\"ico\" style=\"flex:0 0 28px; width:28px; height:28px; border-radius:999px; background:#fff; display:inline-flex; align-items:center; justify-content:center; box-shadow:0 3px 8px rgba(0,0,0,.12);\"><span class=\"pm\" style=\"font-weight:900; font-size:18px;\">+<\/span><\/span>\r\n        <span>Was ist eine KEP-Adresse und wozu dient sie?<\/span>\r\n      <\/summary>\r\n      <div style=\"padding:16px 20px; background:#fff;\">\r\n        <p style=\"margin:0; color:var(--muted); line-height:1.75;\">\r\n          Eingeschriebene elektronische Post (KEP) gew\u00e4hrleistet die rechtssichere und sichere \u00dcbermittlung amtlicher Korrespondenz. KEP-Sendungen unterliegen gerichtlichen Verfahren.\r\n          <em>Beweis<\/em> Wir helfen Ihnen, Ihre Bewerbungen schnell fertigzustellen.\r\n        <\/p>\r\n      <\/div>\r\n    <\/details>\r\n\r\n    <!-- Item -->\r\n    <details class=\"faq-item\" style=\"border-radius:var(--radius); overflow:hidden; background:linear-gradient(135deg,#f0abfc 0%, #a78bfa 50%, #60a5fa 100%); border:1px solid var(--ring); box-shadow:var(--shadow);\">\r\n      <summary style=\"list-style:none; display:flex; align-items:center; gap:10px; cursor:pointer; padding:16px 18px; font-weight:700; color:#0b1220; background:rgba(255,255,255,.55); -webkit-backdrop-filter:saturate(140%) blur(2px); backdrop-filter:saturate(140%) blur(2px);\">\r\n        <span class=\"ico\" style=\"flex:0 0 28px; width:28px; height:28px; border-radius:999px; background:#fff; display:inline-flex; align-items:center; justify-content:center; box-shadow:0 3px 8px rgba(0,0,0,.12);\"><span class=\"pm\" style=\"font-weight:900; font-size:18px;\">+<\/span><\/span>\r\n        <span>Was sind UBL-Codes und wozu dienen sie?<\/span>\r\n      <\/summary>\r\n      <div style=\"padding:16px 20px; background:#fff;\">\r\n        <p style=\"margin:0; color:var(--muted); line-height:1.75;\">\r\n          UBL (Universal Business Language) stellt sicher, dass E-Rechnungen in einem Standardformat erstellt und system\u00fcbergreifend nahtlos verarbeitet werden. Unsere Infrastruktur unterst\u00fctzt alle UBL-Systeme und gew\u00e4hrleistet so die sichere Verarbeitung Ihrer Rechnungen.\r\n        <\/p>\r\n      <\/div>\r\n    <\/details>\r\n\r\n    <!-- Item -->\r\n    <details class=\"faq-item\" style=\"border-radius:var(--radius); overflow:hidden; background:linear-gradient(135deg,#fde68a 0%, #fca5a5 45%, #93c5fd 100%); border:1px solid var(--ring); box-shadow:var(--shadow);\">\r\n      <summary style=\"list-style:none; display:flex; align-items:center; gap:10px; cursor:pointer; padding:16px 18px; font-weight:700; color:#0b1220; background:rgba(255,255,255,.55); -webkit-backdrop-filter:saturate(140%) blur(2px); backdrop-filter:saturate(140%) blur(2px);\">\r\n        <span class=\"ico\" style=\"flex:0 0 28px; width:28px; height:28px; border-radius:999px; background:#fff; display:inline-flex; align-items:center; justify-content:center; box-shadow:0 3px 8px rgba(0,0,0,.12);\"><span class=\"pm\" style=\"font-weight:900; font-size:18px;\">+<\/span><\/span>\r\n        <span>Was ist Hotelmanagement-Software, warum ElektraWeb?<\/span>\r\n      <\/summary>\r\n      <div style=\"padding:16px 20px; background:#fff;\">\r\n        <p style=\"margin:0; color:var(--muted); line-height:1.75;\">\r\n          Es erm\u00f6glicht Hotels, ihre Prozesse wie Reservierung, Rezeption, Housekeeping, Restaurant-POS und Berichterstattung digital zu verwalten.\r\n          <strong>ElektraWeb<\/strong>ist T\u00fcrkiyes fortschrittliche cloudbasierte L\u00f6sung; G\u00f6kta\u015f Bilgisayar ist der autorisierte Gesch\u00e4ftspartner in Alanya.\r\n        <\/p>\r\n      <\/div>\r\n    <\/details>\r\n\r\n    <!-- Item -->\r\n    <details class=\"faq-item\" style=\"border-radius:var(--radius); overflow:hidden; background:linear-gradient(135deg,#a7f3d0 0%, #22d3ee 45%, #93c5fd 100%); border:1px solid var(--ring); box-shadow:var(--shadow);\">\r\n      <summary style=\"list-style:none; display:flex; align-items:center; gap:10px; cursor:pointer; padding:16px 18px; font-weight:700; color:#0b1220; background:rgba(255,255,255,.55); -webkit-backdrop-filter:saturate(140%) blur(2px); backdrop-filter:saturate(140%) blur(2px);\">\r\n        <span class=\"ico\" style=\"flex:0 0 28px; width:28px; height:28px; border-radius:999px; background:#fff; display:inline-flex; align-items:center; justify-content:center; box-shadow:0 3px 8px rgba(0,0,0,.12);\"><span class=\"pm\" style=\"font-weight:900; font-size:18px;\">+<\/span><\/span>\r\n        <span>Wie funktioniert der Installations- und Supportprozess von ElektraWeb?<\/span>\r\n      <\/summary>\r\n      <div style=\"padding:16px 20px; background:#fff;\">\r\n        <p style=\"margin:0; color:var(--muted); line-height:1.75;\">\r\n          Wir \u00fcbernehmen die Installation, schulen Ihre Mitarbeiter und gew\u00e4hrleisten einen unterbrechungsfreien technischen Support. Alle Prozesse, von der Reservierung bis zum Finanzmanagement, laufen effizient und integriert ab.\r\n        <\/p>\r\n      <\/div>\r\n    <\/details>\r\n\r\n    <!-- Item -->\r\n    <details class=\"faq-item\" style=\"border-radius:var(--radius); overflow:hidden; background:linear-gradient(135deg,#c7d2fe 0%, #86efac 45%, #f0abfc 100%); border:1px solid var(--ring); box-shadow:var(--shadow);\">\r\n      <summary style=\"list-style:none; display:flex; align-items:center; gap:10px; cursor:pointer; padding:16px 18px; font-weight:700; color:#0b1220; background:rgba(255,255,255,.55); -webkit-backdrop-filter:saturate(140%) blur(2px); backdrop-filter:saturate(140%) blur(2px);\">\r\n        <span class=\"ico\" style=\"flex:0 0 28px; width:28px; height:28px; border-radius:999px; background:#fff; display:inline-flex; align-items:center; justify-content:center; box-shadow:0 3px 8px rgba(0,0,0,.12);\"><span class=\"pm\" style=\"font-weight:900; font-size:18px;\">+<\/span><\/span>\r\n        <span>Warum sollte G\u00f6kta\u015f-Computer bevorzugt werden?<\/span>\r\n      <\/summary>\r\n      <div style=\"padding:16px 20px; background:#fff;\">\r\n        <p style=\"margin:0; color:var(--muted); line-height:1.75;\">\r\n          Sitz in Alanya <strong>Vor-Ort-Support<\/strong>, schnelle E-Transformationsl\u00f6sungen, <strong>E-Signatur am selben Tag<\/strong> und autorisiert\r\n          <strong>ElektraWeb<\/strong> Gemeinsam bieten wir Vorteile durch eine gesch\u00e4ftliche Partnerschaft. Regionale Erfahrung + Unternehmensansatz = sichere digitale Transformation.\r\n        <\/p>\r\n      <\/div>\r\n    <\/details>\r\n\r\n  <\/div>\r\n\r\n  <!-- Stil: +\/\u2212 ikonu, hover, responsive -->\r\n  <style>\r\n    .faq-item summary::-webkit-details-marker{ display:none; }\r\n    .faq-item summary{ transition: background .2s ease, color .2s ease; }\r\n    .faq-item[open] summary .pm{ content:\"\u2212\"; }\r\n    .faq-item:not([open]) summary .pm{ content:\"+\"; }\r\n    .faq-item:hover summary{ background:rgba(255,255,255,.75); }\r\n    @media (max-width: 640px){\r\n      .faq-item summary{ padding:14px 16px !important; }\r\n    }\r\n  <\/style>\r\n<\/div>\r\n\t\t\t\t<\/div>\n\t\t\t\t<\/div>\n\t\t\t\t\t<\/div>\n\t\t\t\t<\/div>\n\t\t\t\t<\/div>","protected":false},"excerpt":{"rendered":"<p>S\u0131k\u00e7a Sorulan Sorular SSS S\u0131k\u00e7a Sorulan Sorular \u2212 E-D\u00f6n\u00fc\u015f\u00fcm Nedir ve \u0130\u015fletmelere Ne Fayda Sa\u011flar? E-d\u00f6n\u00fc\u015f\u00fcm, i\u015fletmelerin resmi s\u00fcre\u00e7lerini dijital ortama ta\u015f\u0131yarak h\u0131zl\u0131, g\u00fcvenli ve verimli bir \u015fekilde y\u00f6netmelerini sa\u011flar. E-fatura, e-ar\u015fiv, e-defter, e-imza ve KEP gibi uygulamalar sayesinde hem k\u00e2\u011f\u0131t maliyetleri d\u00fc\u015fer hem de yasal y\u00fck\u00fcml\u00fcl\u00fckler kolayca yerine getirilir. + E-Fatura Nedir, Kimler Kullanmak [&hellip;]<\/p>","protected":false},"author":1,"featured_media":633,"parent":0,"menu_order":0,"comment_status":"closed","ping_status":"closed","template":"elementor_header_footer","meta":{"_acf_changed":false,"footnotes":""},"class_list":["post-616","page","type-page","status-publish","has-post-thumbnail","hentry"],"acf":[],"yoast_head":"<!-- This site is optimized with the Yoast SEO plugin v25.6 - https:\/\/yoast.com\/wordpress\/plugins\/seo\/ -->\n<title>S\u0131k\u00e7a Sorulan Sorular - G\u00f6kta\u015f Bilgisayar<\/title>\n<meta name=\"robots\" content=\"index, follow, max-snippet:-1, max-image-preview:large, max-video-preview:-1\" \/>\n<link rel=\"canonical\" href=\"https:\/\/goktas.net\/de\/sikca-sorulan-sorular\/\" \/>\n<meta property=\"og:locale\" content=\"de_DE\" \/>\n<meta property=\"og:type\" content=\"article\" \/>\n<meta property=\"og:title\" content=\"S\u0131k\u00e7a Sorulan Sorular - G\u00f6kta\u015f Bilgisayar\" \/>\n<meta property=\"og:description\" content=\"S\u0131k\u00e7a Sorulan Sorular SSS S\u0131k\u00e7a Sorulan Sorular \u2212 E-D\u00f6n\u00fc\u015f\u00fcm Nedir ve \u0130\u015fletmelere Ne Fayda Sa\u011flar? E-d\u00f6n\u00fc\u015f\u00fcm, i\u015fletmelerin resmi s\u00fcre\u00e7lerini dijital ortama ta\u015f\u0131yarak h\u0131zl\u0131, g\u00fcvenli ve verimli bir \u015fekilde y\u00f6netmelerini sa\u011flar. E-fatura, e-ar\u015fiv, e-defter, e-imza ve KEP gibi uygulamalar sayesinde hem k\u00e2\u011f\u0131t maliyetleri d\u00fc\u015fer hem de yasal y\u00fck\u00fcml\u00fcl\u00fckler kolayca yerine getirilir. + E-Fatura Nedir, Kimler Kullanmak [&hellip;]\" \/>\n<meta property=\"og:url\" content=\"https:\/\/goktas.net\/de\/sikca-sorulan-sorular\/\" \/>\n<meta property=\"og:site_name\" content=\"G\u00f6kta\u015f Bilgisayar\" \/>\n<meta property=\"article:modified_time\" content=\"2025-09-12T21:36:55+00:00\" \/>\n<meta property=\"og:image\" content=\"https:\/\/goktas.net\/wp-content\/uploads\/2025\/09\/cropped-1.png\" \/>\n\t<meta property=\"og:image:width\" content=\"512\" \/>\n\t<meta property=\"og:image:height\" content=\"512\" \/>\n\t<meta property=\"og:image:type\" content=\"image\/png\" \/>\n<meta name=\"twitter:card\" content=\"summary_large_image\" \/>\n<meta name=\"twitter:label1\" content=\"Gesch\u00e4tzte Lesezeit\" \/>\n\t<meta name=\"twitter:data1\" content=\"3\u00a0Minuten\" \/>\n<script type=\"application\/ld+json\" class=\"yoast-schema-graph\">{\"@context\":\"https:\/\/schema.org\",\"@graph\":[{\"@type\":\"WebPage\",\"@id\":\"https:\/\/goktas.net\/sikca-sorulan-sorular\/\",\"url\":\"https:\/\/goktas.net\/sikca-sorulan-sorular\/\",\"name\":\"S\u0131k\u00e7a Sorulan Sorular - G\u00f6kta\u015f Bilgisayar\",\"isPartOf\":{\"@id\":\"https:\/\/goktas.net\/#website\"},\"primaryImageOfPage\":{\"@id\":\"https:\/\/goktas.net\/sikca-sorulan-sorular\/#primaryimage\"},\"image\":{\"@id\":\"https:\/\/goktas.net\/sikca-sorulan-sorular\/#primaryimage\"},\"thumbnailUrl\":\"https:\/\/goktas.net\/wp-content\/uploads\/2025\/09\/cropped-1.png\",\"datePublished\":\"2025-08-10T13:32:42+00:00\",\"dateModified\":\"2025-09-12T21:36:55+00:00\",\"breadcrumb\":{\"@id\":\"https:\/\/goktas.net\/sikca-sorulan-sorular\/#breadcrumb\"},\"inLanguage\":\"de\",\"potentialAction\":[{\"@type\":\"ReadAction\",\"target\":[\"https:\/\/goktas.net\/sikca-sorulan-sorular\/\"]}]},{\"@type\":\"ImageObject\",\"inLanguage\":\"de\",\"@id\":\"https:\/\/goktas.net\/sikca-sorulan-sorular\/#primaryimage\",\"url\":\"https:\/\/goktas.net\/wp-content\/uploads\/2025\/09\/cropped-1.png\",\"contentUrl\":\"https:\/\/goktas.net\/wp-content\/uploads\/2025\/09\/cropped-1.png\",\"width\":512,\"height\":512},{\"@type\":\"BreadcrumbList\",\"@id\":\"https:\/\/goktas.net\/sikca-sorulan-sorular\/#breadcrumb\",\"itemListElement\":[{\"@type\":\"ListItem\",\"position\":1,\"name\":\"Anasayfa\",\"item\":\"https:\/\/goktas.net\/\"},{\"@type\":\"ListItem\",\"position\":2,\"name\":\"S\u0131k\u00e7a Sorulan Sorular\"}]},{\"@type\":\"WebSite\",\"@id\":\"https:\/\/goktas.net\/#website\",\"url\":\"https:\/\/goktas.net\/\",\"name\":\"G\u00f6kta\u015f Bilgisayar\",\"description\":\"G\u00f6kta\u015f Bilgisayar\",\"potentialAction\":[{\"@type\":\"SearchAction\",\"target\":{\"@type\":\"EntryPoint\",\"urlTemplate\":\"https:\/\/goktas.net\/?s={search_term_string}\"},\"query-input\":{\"@type\":\"PropertyValueSpecification\",\"valueRequired\":true,\"valueName\":\"search_term_string\"}}],\"inLanguage\":\"de\"}]}<\/script>\n<!-- \/ Yoast SEO plugin. -->","yoast_head_json":{"title":"S\u0131k\u00e7a Sorulan Sorular - G\u00f6kta\u015f Bilgisayar","robots":{"index":"index","follow":"follow","max-snippet":"max-snippet:-1","max-image-preview":"max-image-preview:large","max-video-preview":"max-video-preview:-1"},"canonical":"https:\/\/goktas.net\/de\/sikca-sorulan-sorular\/","og_locale":"de_DE","og_type":"article","og_title":"S\u0131k\u00e7a Sorulan Sorular - G\u00f6kta\u015f Bilgisayar","og_description":"S\u0131k\u00e7a Sorulan Sorular SSS S\u0131k\u00e7a Sorulan Sorular \u2212 E-D\u00f6n\u00fc\u015f\u00fcm Nedir ve \u0130\u015fletmelere Ne Fayda Sa\u011flar? E-d\u00f6n\u00fc\u015f\u00fcm, i\u015fletmelerin resmi s\u00fcre\u00e7lerini dijital ortama ta\u015f\u0131yarak h\u0131zl\u0131, g\u00fcvenli ve verimli bir \u015fekilde y\u00f6netmelerini sa\u011flar. E-fatura, e-ar\u015fiv, e-defter, e-imza ve KEP gibi uygulamalar sayesinde hem k\u00e2\u011f\u0131t maliyetleri d\u00fc\u015fer hem de yasal y\u00fck\u00fcml\u00fcl\u00fckler kolayca yerine getirilir. + E-Fatura Nedir, Kimler Kullanmak [&hellip;]","og_url":"https:\/\/goktas.net\/de\/sikca-sorulan-sorular\/","og_site_name":"G\u00f6kta\u015f Bilgisayar","article_modified_time":"2025-09-12T21:36:55+00:00","og_image":[{"width":512,"height":512,"url":"https:\/\/goktas.net\/wp-content\/uploads\/2025\/09\/cropped-1.png","type":"image\/png"}],"twitter_card":"summary_large_image","twitter_misc":{"Gesch\u00e4tzte Lesezeit":"3\u00a0Minuten"},"schema":{"@context":"https:\/\/schema.org","@graph":[{"@type":"WebPage","@id":"https:\/\/goktas.net\/sikca-sorulan-sorular\/","url":"https:\/\/goktas.net\/sikca-sorulan-sorular\/","name":"S\u0131k\u00e7a Sorulan Sorular - G\u00f6kta\u015f Bilgisayar","isPartOf":{"@id":"https:\/\/goktas.net\/#website"},"primaryImageOfPage":{"@id":"https:\/\/goktas.net\/sikca-sorulan-sorular\/#primaryimage"},"image":{"@id":"https:\/\/goktas.net\/sikca-sorulan-sorular\/#primaryimage"},"thumbnailUrl":"https:\/\/goktas.net\/wp-content\/uploads\/2025\/09\/cropped-1.png","datePublished":"2025-08-10T13:32:42+00:00","dateModified":"2025-09-12T21:36:55+00:00","breadcrumb":{"@id":"https:\/\/goktas.net\/sikca-sorulan-sorular\/#breadcrumb"},"inLanguage":"de","potentialAction":[{"@type":"ReadAction","target":["https:\/\/goktas.net\/sikca-sorulan-sorular\/"]}]},{"@type":"ImageObject","inLanguage":"de","@id":"https:\/\/goktas.net\/sikca-sorulan-sorular\/#primaryimage","url":"https:\/\/goktas.net\/wp-content\/uploads\/2025\/09\/cropped-1.png","contentUrl":"https:\/\/goktas.net\/wp-content\/uploads\/2025\/09\/cropped-1.png","width":512,"height":512},{"@type":"BreadcrumbList","@id":"https:\/\/goktas.net\/sikca-sorulan-sorular\/#breadcrumb","itemListElement":[{"@type":"ListItem","position":1,"name":"Anasayfa","item":"https:\/\/goktas.net\/"},{"@type":"ListItem","position":2,"name":"S\u0131k\u00e7a Sorulan Sorular"}]},{"@type":"WebSite","@id":"https:\/\/goktas.net\/#website","url":"https:\/\/goktas.net\/","name":"G\u00f6kta\u015f Bilgisayar","description":"G\u00f6kta\u015f Bilgisayar","potentialAction":[{"@type":"SearchAction","target":{"@type":"EntryPoint","urlTemplate":"https:\/\/goktas.net\/?s={search_term_string}"},"query-input":{"@type":"PropertyValueSpecification","valueRequired":true,"valueName":"search_term_string"}}],"inLanguage":"de"}]}},"_links":{"self":[{"href":"https:\/\/goktas.net\/de\/wp-json\/wp\/v2\/pages\/616","targetHints":{"allow":["GET"]}}],"collection":[{"href":"https:\/\/goktas.net\/de\/wp-json\/wp\/v2\/pages"}],"about":[{"href":"https:\/\/goktas.net\/de\/wp-json\/wp\/v2\/types\/page"}],"author":[{"embeddable":true,"href":"https:\/\/goktas.net\/de\/wp-json\/wp\/v2\/users\/1"}],"replies":[{"embeddable":true,"href":"https:\/\/goktas.net\/de\/wp-json\/wp\/v2\/comments?post=616"}],"version-history":[{"count":11,"href":"https:\/\/goktas.net\/de\/wp-json\/wp\/v2\/pages\/616\/revisions"}],"predecessor-version":[{"id":859,"href":"https:\/\/goktas.net\/de\/wp-json\/wp\/v2\/pages\/616\/revisions\/859"}],"wp:featuredmedia":[{"embeddable":true,"href":"https:\/\/goktas.net\/de\/wp-json\/wp\/v2\/media\/633"}],"wp:attachment":[{"href":"https:\/\/goktas.net\/de\/wp-json\/wp\/v2\/media?parent=616"}],"curies":[{"name":"wp","href":"https:\/\/api.w.org\/{rel}","templated":true}]}}