{"id":489,"date":"2025-08-10T02:27:39","date_gmt":"2025-08-09T23:27:39","guid":{"rendered":"https:\/\/goktas.net\/?page_id=489"},"modified":"2025-10-26T23:45:36","modified_gmt":"2025-10-26T20:45:36","slug":"iletisim","status":"publish","type":"page","link":"https:\/\/goktas.net\/de\/iletisim\/","title":{"rendered":"Kommunikation"},"content":{"rendered":"<div data-elementor-type=\"wp-page\" data-elementor-id=\"489\" class=\"elementor elementor-489\">\n\t\t\t\t<div class=\"elementor-element elementor-element-2dac910 e-flex e-con-boxed e-con e-parent\" data-id=\"2dac910\" data-element_type=\"container\" data-settings=\"{&quot;background_background&quot;:&quot;classic&quot;,&quot;jet_parallax_layout_list&quot;:[]}\">\n\t\t\t\t\t<div class=\"e-con-inner\">\n\t\t<div class=\"elementor-element elementor-element-6e7a736 e-con-full e-flex e-con e-child\" data-id=\"6e7a736\" data-element_type=\"container\" data-settings=\"{&quot;jet_parallax_layout_list&quot;:[]}\">\n\t\t\t\t<div class=\"elementor-element elementor-element-911ef1a elementor-widget elementor-widget-heading\" data-id=\"911ef1a\" data-element_type=\"widget\" data-widget_type=\"heading.default\">\n\t\t\t\t\t<h2 class=\"elementor-heading-title elementor-size-default\">Kommunikation<\/h2>\t\t\t\t<\/div>\n\t\t\t\t<\/div>\n\t\t\t\t\t<\/div>\n\t\t\t\t<\/div>\n\t\t<div class=\"elementor-element elementor-element-6b5227b e-flex e-con-boxed elementor-invisible e-con e-parent\" data-id=\"6b5227b\" data-element_type=\"container\" data-settings=\"{&quot;jet_parallax_layout_list&quot;:[],&quot;animation&quot;:&quot;fadeInUp&quot;}\">\n\t\t\t\t\t<div class=\"e-con-inner\">\n\t\t<div class=\"elementor-element elementor-element-46ccff8 e-con-full e-flex e-con e-child\" data-id=\"46ccff8\" data-element_type=\"container\" data-settings=\"{&quot;jet_parallax_layout_list&quot;:[]}\">\n\t\t\t\t<div class=\"elementor-element elementor-element-c70443d elementor-widget elementor-widget-html\" data-id=\"c70443d\" data-element_type=\"widget\" data-widget_type=\"html.default\">\n\t\t\t\t\t<!-- Bize Ula\u015f\u0131n - Renkli Kartlar -->\r\n<div style=\"--gap:24px; --radius:16px; --ring:#e5e7eb; --shadow:0 10px 20px rgba(0,0,0,.12); --text:#0f172a; --muted:#334155; font-family:system-ui,-apple-system,Segoe UI,Roboto,Arial,sans-serif;\">\r\n\r\n  <h2 style=\"margin:0 0 18px; text-align:center; font-size:28px; line-height:1.2; color:var(--text);\">\r\n    Kontaktieren Sie uns\r\n  <\/h2>\r\n\r\n  <div class=\"u-grid\" style=\"display:grid; gap:var(--gap); grid-template-columns:repeat(4,minmax(0,1fr)); max-width:1200px; margin:0 auto;\">\r\n\r\n    <!-- Telefon -->\r\n    <section class=\"u-card\" style=\"position:relative; border-radius:var(--radius); box-shadow:var(--shadow); overflow:hidden; border:1px solid var(--ring); background:linear-gradient(135deg,#fde68a 0%, #fca5a5 50%, #f0abfc 100%);\">\r\n      <div style=\"padding:22px;\">\r\n        <div style=\"display:flex; align-items:center; gap:12px; margin-bottom:10px;\">\r\n          <!-- phone svg -->\r\n          <span aria-hidden=\"true\" style=\"display:inline-flex; width:42px; height:42px; border-radius:999px; background:#fff; align-items:center; justify-content:center; box-shadow:0 4px 10px rgba(0,0,0,.12);\">\r\n            <svg width=\"22\" height=\"22\" viewbox=\"0 0 24 24\" fill=\"none\" style=\"display:block\">\r\n              <path d=\"M22 16.92v3a2 2 0 0 1-2.18 2 19.8 19.8 0 0 1-8.63-3.07 19.5 19.5 0 0 1-6-6A19.8 19.8 0 0 1 2.1 4.18 2 2 0 0 1 4.11 2h3a2 2 0 0 1 2 1.72c.12.9.32 1.77.59 2.6a2 2 0 0 1-.45 2.11L8.09 9.91a16 16 0 0 0 6 6l1.48-1.16a2 2 0 0 1 2.11-.45c.83.27 1.7.47 2.6.59A2 2 0 0 1 22 16.92z\" stroke=\"#0f172a\" stroke-width=\"1.6\" stroke-linecap=\"round\" stroke-linejoin=\"round\"\/>\r\n            <\/svg>\r\n          <\/span>\r\n          <h3 style=\"margin:0; font-size:20px; font-weight:800; color:#0b1220; text-shadow:0 1px 0 rgba(255,255,255,.6);\">Unsere Telefonnummer<\/h3>\r\n        <\/div>\r\n        <p style=\"margin:0; color:var(--muted); line-height:1.7;\">\r\n          <a href=\"tel: 905335248694\" style=\"text-decoration:none; color:inherit; border-bottom:1px dashed rgba(15,23,42,.35);\">\r\n            +90 (533) 524 86 94\r\n          <\/a>\r\n        <\/p>\r\n      <\/div>\r\n    <\/section>\r\n\r\n    <!-- E-Posta -->\r\n    <section class=\"u-card\" style=\"position:relative; border-radius:var(--radius); box-shadow:var(--shadow); overflow:hidden; border:1px solid var(--ring); background:linear-gradient(135deg,#a7f3d0 0%, #34d399 50%, #22d3ee 100%);\">\r\n      <div style=\"padding:22px;\">\r\n        <div style=\"display:flex; align-items:center; gap:12px; margin-bottom:10px;\">\r\n          <!-- mail svg -->\r\n          <span aria-hidden=\"true\" style=\"display:inline-flex; width:42px; height:42px; border-radius:999px; background:#fff; align-items:center; justify-content:center; box-shadow:0 4px 10px rgba(0,0,0,.12);\">\r\n            <svg width=\"22\" height=\"22\" viewbox=\"0 0 24 24\" fill=\"none\" style=\"display:block\">\r\n              <path d=\"M4 4h16a2 2 0 0 1 2 2v12a2 2 0 0 1-2 2H4a2 2 0 0 1-2-2V6a2 2 0 0 1 2-2z\" stroke=\"#0f172a\" stroke-width=\"1.6\" \/>\r\n              <path d=\"M22 6l-10 7L2 6\" stroke=\"#0f172a\" stroke-width=\"1.6\" stroke-linecap=\"round\" stroke-linejoin=\"round\"\/>\r\n            <\/svg>\r\n          <\/span>\r\n          <h3 style=\"margin:0; font-size:20px; font-weight:800; color:#0b1220; text-shadow:0 1px 0 rgba(255,255,255,.6);\">Unsere E-Mail-Adresse<\/h3>\r\n        <\/div>\r\n        <p style=\"margin:0; color:var(--muted); line-height:1.7;\">\r\n          <a href=\"mailto:info@goktas.net\" style=\"text-decoration:none; color:inherit; border-bottom:1px dashed rgba(15,23,42,.35);\">\r\n            info@goktas.net\r\n          <\/a>\r\n        <\/p>\r\n      <\/div>\r\n    <\/section>\r\n\r\n    <!-- Adres -->\r\n    <section class=\"u-card\" style=\"position:relative; border-radius:var(--radius); box-shadow:var(--shadow); overflow:hidden; border:1px solid var(--ring); background:linear-gradient(135deg,#bfdbfe 0%, #a78bfa 50%, #60a5fa 100%);\">\r\n      <div style=\"padding:22px;\">\r\n        <div style=\"display:flex; align-items:center; gap:12px; margin-bottom:10px;\">\r\n          <!-- pin svg -->\r\n          <span aria-hidden=\"true\" style=\"display:inline-flex; width:42px; height:42px; border-radius:999px; background:#fff; align-items:center; justify-content:center; box-shadow:0 4px 10px rgba(0,0,0,.12);\">\r\n            <svg width=\"22\" height=\"22\" viewbox=\"0 0 24 24\" fill=\"none\" style=\"display:block\">\r\n              <path d=\"M12 21s-7-5.33-7-11a7 7 0 0 1 14 0c0 5.67-7 11-7 11z\" stroke=\"#0f172a\" stroke-width=\"1.6\" stroke-linecap=\"round\" stroke-linejoin=\"round\"\/>\r\n              <circle cx=\"12\" cy=\"10\" r=\"2.5\" stroke=\"#0f172a\" stroke-width=\"1.6\"\/>\r\n            <\/svg>\r\n          <\/span>\r\n          <h3 style=\"margin:0; font-size:20px; font-weight:800; color:#0b1220; text-shadow:0 1px 0 rgba(255,255,255,.6);\">Unsere Adresse<\/h3>\r\n        <\/div>\r\n        <p style=\"margin:0; color:var(--muted); line-height:1.7;\">\r\n          <a href=\"https:\/\/maps.app.goo.gl\/8ZsGKXH1gcLv3Lwp6\" target=\"_blank\" rel=\"noopener\" style=\"text-decoration:none; color:inherit;\">\r\n            Kad\u0131pa\u015fa-Viertel. Bostanc\u0131p\u0131nar\u0131 Cd. Gegen\u00fcber Tutkcell Tuluklar 51-2 Alanya\r\n          <\/a>\r\n        <\/p>\r\n      <\/div>\r\n    <\/section>\r\n\r\n    <!-- Sosyal Medya -->\r\n    <section class=\"u-card\" style=\"position:relative; border-radius:var(--radius); box-shadow:var(--shadow); overflow:hidden; border:1px solid var(--ring); background:linear-gradient(135deg,#fbcfe8 0%, #f472b6 45%, #60a5fa 100%);\">\r\n      <div style=\"padding:22px;\">\r\n        <div style=\"display:flex; align-items:center; gap:12px; margin-bottom:10px;\">\r\n          <!-- chat svg -->\r\n          <span aria-hidden=\"true\" style=\"display:inline-flex; width:42px; height:42px; border-radius:999px; background:#fff; align-items:center; justify-content:center; box-shadow:0 4px 10px rgba(0,0,0,.12);\">\r\n            <svg width=\"22\" height=\"22\" viewbox=\"0 0 24 24\" fill=\"none\" style=\"display:block\">\r\n              <path d=\"M21 15a4 4 0 0 1-4 4H8l-5 3V7a4 4 0 0 1 4-4h10a4 4 0 0 1 4 4v8z\" stroke=\"#0f172a\" stroke-width=\"1.6\" stroke-linecap=\"round\" stroke-linejoin=\"round\"\/>\r\n            <\/svg>\r\n          <\/span>\r\n          <h3 style=\"margin:0; font-size:20px; font-weight:800; color:#0b1220; text-shadow:0 1px 0 rgba(255,255,255,.6);\">Soziale Medien<\/h3>\r\n        <\/div>\r\n\r\n        <div style=\"display:flex; gap:10px; align-items:center;\">\r\n          <!-- Instagram -->\r\n          <a href=\"https:\/\/www.instagram.com\/goktas_bilgisayar\/\" target=\"_blank\" rel=\"noopener\" aria-label=\"Instagram\" style=\"display:inline-flex; width:36px; height:36px; border-radius:999px; background:#fff; align-items:center; justify-content:center; box-shadow:0 4px 10px rgba(0,0,0,.12); text-decoration:none;\">\r\n            <svg width=\"18\" height=\"18\" viewbox=\"0 0 24 24\" fill=\"none\">\r\n              <rect x=\"3\" y=\"3\" width=\"18\" height=\"18\" rx=\"5\" stroke=\"#111827\" stroke-width=\"1.6\"\/>\r\n              <circle cx=\"12\" cy=\"12\" r=\"3.5\" stroke=\"#111827\" stroke-width=\"1.6\"\/>\r\n              <circle cx=\"17.5\" cy=\"6.5\" r=\"1.2\" fill=\"#111827\"\/>\r\n            <\/svg>\r\n          <\/a>\r\n          <!-- Facebook -->\r\n          <a href=\"https:\/\/www.facebook.com\/AlanyaGoktasBilgisayar\/\" target=\"_blank\" rel=\"noopener\" aria-label=\"Facebook\" style=\"display:inline-flex; width:36px; height:36px; border-radius:999px; background:#fff; align-items:center; justify-content:center; box-shadow:0 4px 10px rgba(0,0,0,.12); text-decoration:none;\">\r\n            <svg width=\"18\" height=\"18\" viewbox=\"0 0 24 24\" fill=\"#111827\" aria-hidden=\"true\">\r\n              <path d=\"M13 22v-8h3l.5-4H13V7.5c0-1.1.3-1.8 1.9-1.8H17V2.2C16.6 2.1 15.5 2 14.2 2 11.5 2 9.7 3.6 9.7 6.8V10H7v4h2.7v8H13z\"\/>\r\n            <\/svg>\r\n          <\/a>\r\n          <!-- WhatsApp -->\r\n          <a href=\"https:\/\/api.whatsapp.com\/send?phone=905335248694\" target=\"_blank\" rel=\"noopener\" aria-label=\"WhatsApp\" style=\"display:inline-flex; width:36px; height:36px; border-radius:999px; background:#fff; align-items:center; justify-content:center; box-shadow:0 4px 10px rgba(0,0,0,.12); text-decoration:none;\">\r\n            <svg width=\"18\" height=\"18\" viewbox=\"0 0 24 24\" fill=\"none\">\r\n              <path d=\"M20.5 12a8.5 8.5 0 1 1-15.6 4.5L3 22l5.7-1.8A8.5 8.5 0 1 1 20.5 12z\" stroke=\"#111827\" stroke-width=\"1.6\" fill=\"none\"\/>\r\n              <path d=\"M9.5 8.5c.3-1 1.4-.9 1.7-.6.3.3 1.2 2 .9 2.2-.7.6-1 .8-.6 1.5.3.6 1.2 1.5 1.8 1.8.6.3.9.1 1.5-.6.2-.3 1.9.6 2.2.9.3.3.4 1.4-.6 1.7-1.1.4-2.4.2-3.9-.6-1.5-.8-3.4-2.7-4.2-4.2-.8-1.5-1-2.8-.6-3.9z\" fill=\"#111827\"\/>\r\n            <\/svg>\r\n          <\/a>\r\n          <!-- Google Maps -->\r\n          <a href=\"https:\/\/maps.app.goo.gl\/8ZsGKXH1gcLv3Lwp6\" target=\"_blank\" rel=\"noopener\" aria-label=\"Google Maps\" style=\"display:inline-flex; width:36px; height:36px; border-radius:999px; background:#fff; align-items:center; justify-content:center; box-shadow:0 4px 10px rgba(0,0,0,.12); text-decoration:none;\">\r\n            <svg width=\"18\" height=\"18\" viewbox=\"0 0 24 24\" fill=\"none\">\r\n              <path d=\"M12 21s-7-5.33-7-11a7 7 0 0 1 14 0c0 5.67-7 11-7 11z\" stroke=\"#111827\" stroke-width=\"1.6\" stroke-linecap=\"round\" stroke-linejoin=\"round\"\/>\r\n              <circle cx=\"12\" cy=\"10\" r=\"2.5\" stroke=\"#111827\" stroke-width=\"1.6\"\/>\r\n            <\/svg>\r\n          <\/a>\r\n        <\/div>\r\n      <\/div>\r\n    <\/section>\r\n\r\n  <\/div>\r\n\r\n  <!-- Hover & Responsive -->\r\n  <style>\r\n    .u-card{ transition:.25s ease; }\r\n    .u-card:hover{ transform:translateY(-4px); }\r\n    @media (max-width:1100px){\r\n      .u-grid{ grid-template-columns:repeat(2,minmax(0,1fr)) !important; }\r\n    }\r\n    @media (max-width:640px){\r\n      .u-grid{ grid-template-columns:1fr !important; }\r\n    }\r\n  <\/style>\r\n<\/div>\r\n\t\t\t\t<\/div>\n\t\t\t\t<\/div>\n\t\t\t\t\t<\/div>\n\t\t\t\t<\/div>\n\t\t<div class=\"elementor-element elementor-element-4330853 e-flex e-con-boxed elementor-invisible e-con e-parent\" data-id=\"4330853\" data-element_type=\"container\" data-settings=\"{&quot;jet_parallax_layout_list&quot;:[],&quot;animation&quot;:&quot;fadeInUp&quot;}\">\n\t\t\t\t\t<div class=\"e-con-inner\">\n\t\t<div class=\"elementor-element elementor-element-0666628 e-con-full e-flex e-con e-child\" data-id=\"0666628\" data-element_type=\"container\" data-settings=\"{&quot;jet_parallax_layout_list&quot;:[]}\">\n\t\t\t\t<div class=\"elementor-element elementor-element-a4cc7dc elementor-widget elementor-widget-heading\" data-id=\"a4cc7dc\" data-element_type=\"widget\" data-widget_type=\"heading.default\">\n\t\t\t\t\t<h2 class=\"elementor-heading-title elementor-size-default\">Kontaktformular<\/h2>\t\t\t\t<\/div>\n\t\t\t\t<div class=\"elementor-element elementor-element-107d056 elementor-widget elementor-widget-wpforms\" data-id=\"107d056\" data-element_type=\"widget\" data-widget_type=\"wpforms.default\">\n\t\t\t\t<div class=\"elementor-widget-container\">\n\t\t\t\t\t<div class=\"wpforms-container wpforms-container-full wpforms-render-modern\" id=\"wpforms-595\"><form id=\"wpforms-form-595\" class=\"wpforms-validate wpforms-form wpforms-ajax-form\" data-formid=\"595\" method=\"post\" enctype=\"multipart\/form-data\" action=\"\/de\/wp-json\/wp\/v2\/pages\/489\" data-token=\"3c935521c4f22788a60a321bdcb4291e\" data-token-time=\"1776152834\" data-trp-original-action=\"\/de\/wp-json\/wp\/v2\/pages\/489\"><noscript class=\"wpforms-error-noscript\">Bitte aktivieren Sie JavaScript in Ihrem Browser, um dieses Formular fertigzustellen.<\/noscript><div id=\"wpforms-error-noscript\" style=\"display: none;\">Bitte aktivieren Sie JavaScript in Ihrem Browser, um dieses Formular fertigzustellen.<\/div><div class=\"wpforms-field-container\"><div id=\"wpforms-595-field_1-container\" class=\"wpforms-field wpforms-field-name\" data-field-id=\"1\"><fieldset><legend class=\"wpforms-field-label\">Vor- und Nachname <span class=\"wpforms-required-label\" aria-hidden=\"true\">*<\/span><\/legend><div class=\"wpforms-field-row wpforms-field-medium\"><div class=\"wpforms-field-row-block wpforms-first wpforms-one-half\"><input type=\"text\" id=\"wpforms-595-field_1\" class=\"wpforms-field-name-first wpforms-field-required\" name=\"wpforms[fields][1][first]\" aria-errormessage=\"wpforms-595-field_1-error\" required><label for=\"wpforms-595-field_1\" class=\"wpforms-field-sublabel after\">Vorname<\/label><\/div><div class=\"wpforms-field-row-block wpforms-one-half\"><input type=\"text\" id=\"wpforms-595-field_1-last\" class=\"wpforms-field-name-last wpforms-field-required\" name=\"wpforms[fields][1][last]\" aria-errormessage=\"wpforms-595-field_1-last-error\" required><label for=\"wpforms-595-field_1-last\" class=\"wpforms-field-sublabel after\">Nachname<\/label><\/div><\/div><\/fieldset><\/div><div id=\"wpforms-595-field_2-container\" class=\"wpforms-field wpforms-field-email\" data-field-id=\"2\"><label class=\"wpforms-field-label\" for=\"wpforms-595-field_2\">E-Mail <span class=\"wpforms-required-label\" aria-hidden=\"true\">*<\/span><\/label><input type=\"email\" id=\"wpforms-595-field_2\" class=\"wpforms-field-medium wpforms-field-required\" name=\"wpforms[fields][2]\" spellcheck=\"false\" aria-errormessage=\"wpforms-595-field_2-error\" required><\/div>\t\t<div id=\"wpforms-595-field_4-container\"\n\t\t\tclass=\"wpforms-field wpforms-field-text\"\n\t\t\tdata-field-type=\"text\"\n\t\t\tdata-field-id=\"4\"\n\t\t\t>\n\t\t\t<label class=\"wpforms-field-label\" for=\"wpforms-595-field_4\" >Yorum Mesaj E-posta<\/label>\n\t\t\t<input type=\"text\" id=\"wpforms-595-field_4\" class=\"wpforms-field-medium\" name=\"wpforms[fields][4]\" >\n\t\t<\/div>\n\t\t<div id=\"wpforms-595-field_3-container\" class=\"wpforms-field wpforms-field-textarea\" data-field-id=\"3\"><label class=\"wpforms-field-label\" for=\"wpforms-595-field_3\">Kommentar oder Nachricht<\/label><textarea id=\"wpforms-595-field_3\" class=\"wpforms-field-medium\" name=\"wpforms[fields][3]\" aria-errormessage=\"wpforms-595-field_3-error\" ><\/textarea><\/div><script>\n\t\t\t\t( function() {\n\t\t\t\t\tconst style = document.createElement( 'style' );\n\t\t\t\t\tstyle.appendChild( document.createTextNode( '#wpforms-595-field_4-container { position: absolute !important; overflow: hidden !important; display: inline !important; height: 1px !important; width: 1px !important; z-index: -1000 !important; padding: 0 !important; } #wpforms-595-field_4-container input { visibility: hidden; } #wpforms-conversational-form-page #wpforms-595-field_4-container label { counter-increment: none; }' ) );\n\t\t\t\t\tdocument.head.appendChild( style );\n\t\t\t\t\tdocument.currentScript?.remove();\n\t\t\t\t} )();\n\t\t\t<\/script><\/div><!-- .wpforms-field-container --><div class=\"wpforms-submit-container\" ><input type=\"hidden\" name=\"wpforms[id]\" value=\"595\"><input type=\"hidden\" name=\"page_title\" value=\"\"><input type=\"hidden\" name=\"page_url\" value=\"https:\/\/goktas.net\/de\/wp-json\/wp\/v2\/pages\/489\"><input type=\"hidden\" name=\"url_referer\" value=\"\"><button type=\"submit\" name=\"wpforms[submit]\" id=\"wpforms-submit-595\" class=\"wpforms-submit\" data-alt-text=\"G\u00f6nderiliyor...\" data-submit-text=\"G\u00f6nder\" aria-live=\"assertive\" value=\"wpforms-submit\">Schicken<\/button><img decoding=\"async\" src=\"https:\/\/goktas.net\/wp-content\/plugins\/wpforms-lite\/assets\/images\/submit-spin.svg\" class=\"wpforms-submit-spinner\" style=\"display: none;\" width=\"26\" height=\"26\" alt=\"Wird geladen\"><\/div><input type=\"hidden\" name=\"trp-form-language\" value=\"de\"\/><\/form><\/div>  <!-- .wpforms-container -->\t\t\t\t<\/div>\n\t\t\t\t<\/div>\n\t\t\t\t<\/div>\n\t\t<div class=\"elementor-element elementor-element-1f9f4f5 e-con-full e-flex e-con e-child\" data-id=\"1f9f4f5\" data-element_type=\"container\" data-settings=\"{&quot;jet_parallax_layout_list&quot;:[]}\">\n\t\t\t\t<div class=\"elementor-element elementor-element-c301739 elementor-widget elementor-widget-html\" data-id=\"c301739\" data-element_type=\"widget\" data-widget_type=\"html.default\">\n\t\t\t\t\t<iframe src=\"https:\/\/www.google.com\/maps\/embed?pb=!1m18!1m12!1m3!1d3205.2691166954046!2d31.995236876281194!3d36.54762358189598!2m3!1f0!2f0!3f0!3m2!1i1024!2i768!4f13.1!3m3!1m2!1s0x14dc987c75614051%3A0xfcd5fb62e61866d!2zR8O2a3RhxZ8gQmlsZ2lzYXlhcg!5e0!3m2!1str!2str!4v1761511471244!5m2!1str!2str\" width=\"600\" height=\"550\" style=\"border:0;\" allowfullscreen=\"\" loading=\"lazy\" referrerpolicy=\"no-referrer-when-downgrade\"><\/iframe>\t\t\t\t<\/div>\n\t\t\t\t<\/div>\n\t\t\t\t\t<\/div>\n\t\t\t\t<\/div>\n\t\t\t\t<\/div>","protected":false},"excerpt":{"rendered":"<p>Kontaktieren Sie uns Unsere Telefonnummer +90 (533) 524 86 94 Unsere E-Mail-Adresse info@goktas.net Unsere Adresse Kad\u0131pa\u015fa Mah. Bostanc\u0131p\u0131nar\u0131 Cd. Gegen\u00fcber Tutkcell Tuluklar 51-2 Alanya Kontaktformular f\u00fcr soziale Medien Bitte aktivieren Sie JavaScript in Ihrem Browser, um dieses Formular auszuf\u00fcllen. Bitte aktivieren Sie JavaScript in Ihrem Browser, um dieses Formular auszuf\u00fcllen. Name Nachname * Name Nachname E-Mail * Kommentar oder Nachricht senden<\/p>","protected":false},"author":1,"featured_media":633,"parent":0,"menu_order":0,"comment_status":"closed","ping_status":"closed","template":"elementor_header_footer","meta":{"_acf_changed":false,"footnotes":""},"class_list":["post-489","page","type-page","status-publish","has-post-thumbnail","hentry"],"acf":[],"yoast_head":"<!-- This site is optimized with the Yoast SEO plugin v25.6 - https:\/\/yoast.com\/wordpress\/plugins\/seo\/ -->\n<title>\u0130leti\u015fim - G\u00f6kta\u015f Bilgisayar<\/title>\n<meta name=\"robots\" content=\"index, follow, max-snippet:-1, max-image-preview:large, max-video-preview:-1\" \/>\n<link rel=\"canonical\" href=\"https:\/\/goktas.net\/de\/iletisim\/\" \/>\n<meta property=\"og:locale\" content=\"de_DE\" \/>\n<meta property=\"og:type\" content=\"article\" \/>\n<meta property=\"og:title\" content=\"\u0130leti\u015fim - G\u00f6kta\u015f Bilgisayar\" \/>\n<meta property=\"og:description\" content=\"\u0130leti\u015fim Bize Ula\u015f\u0131n Telefon Numaram\u0131z +90 (533) 524 86 94 E Posta Adresimiz info@goktas.net Adresimiz Kad\u0131pa\u015fa Mah. Bostanc\u0131p\u0131nar\u0131 Cd. Tutkcell tuluklar kar\u015f\u0131s\u0131 51-2 Alanya Sosyal Medya \u0130leti\u015fim Formu Bu formu bitirebilmek i\u00e7in taray\u0131c\u0131n\u0131zda JavaScript&#039;i etkinle\u015ftirin.Bu formu bitirebilmek i\u00e7in taray\u0131c\u0131n\u0131zda JavaScript&#039;i etkinle\u015ftirin. Ad\u0131 Soyad\u0131 * AdSoyad E-posta *Yorum veya Mesaj G\u00f6nder\" \/>\n<meta property=\"og:url\" content=\"https:\/\/goktas.net\/de\/iletisim\/\" \/>\n<meta property=\"og:site_name\" content=\"G\u00f6kta\u015f Bilgisayar\" \/>\n<meta property=\"article:modified_time\" content=\"2025-10-26T20:45:36+00:00\" \/>\n<meta property=\"og:image\" content=\"https:\/\/goktas.net\/wp-content\/uploads\/2025\/09\/cropped-1.png\" \/>\n\t<meta property=\"og:image:width\" content=\"512\" \/>\n\t<meta property=\"og:image:height\" content=\"512\" \/>\n\t<meta property=\"og:image:type\" content=\"image\/png\" \/>\n<meta name=\"twitter:card\" content=\"summary_large_image\" \/>\n<meta name=\"twitter:label1\" content=\"Gesch\u00e4tzte Lesezeit\" \/>\n\t<meta name=\"twitter:data1\" content=\"1\u00a0Minute\" \/>\n<script type=\"application\/ld+json\" class=\"yoast-schema-graph\">{\"@context\":\"https:\/\/schema.org\",\"@graph\":[{\"@type\":\"WebPage\",\"@id\":\"https:\/\/goktas.net\/iletisim\/\",\"url\":\"https:\/\/goktas.net\/iletisim\/\",\"name\":\"\u0130leti\u015fim - G\u00f6kta\u015f Bilgisayar\",\"isPartOf\":{\"@id\":\"https:\/\/goktas.net\/#website\"},\"primaryImageOfPage\":{\"@id\":\"https:\/\/goktas.net\/iletisim\/#primaryimage\"},\"image\":{\"@id\":\"https:\/\/goktas.net\/iletisim\/#primaryimage\"},\"thumbnailUrl\":\"https:\/\/goktas.net\/wp-content\/uploads\/2025\/09\/cropped-1.png\",\"datePublished\":\"2025-08-09T23:27:39+00:00\",\"dateModified\":\"2025-10-26T20:45:36+00:00\",\"breadcrumb\":{\"@id\":\"https:\/\/goktas.net\/iletisim\/#breadcrumb\"},\"inLanguage\":\"de\",\"potentialAction\":[{\"@type\":\"ReadAction\",\"target\":[\"https:\/\/goktas.net\/iletisim\/\"]}]},{\"@type\":\"ImageObject\",\"inLanguage\":\"de\",\"@id\":\"https:\/\/goktas.net\/iletisim\/#primaryimage\",\"url\":\"https:\/\/goktas.net\/wp-content\/uploads\/2025\/09\/cropped-1.png\",\"contentUrl\":\"https:\/\/goktas.net\/wp-content\/uploads\/2025\/09\/cropped-1.png\",\"width\":512,\"height\":512},{\"@type\":\"BreadcrumbList\",\"@id\":\"https:\/\/goktas.net\/iletisim\/#breadcrumb\",\"itemListElement\":[{\"@type\":\"ListItem\",\"position\":1,\"name\":\"Anasayfa\",\"item\":\"https:\/\/goktas.net\/\"},{\"@type\":\"ListItem\",\"position\":2,\"name\":\"\u0130leti\u015fim\"}]},{\"@type\":\"WebSite\",\"@id\":\"https:\/\/goktas.net\/#website\",\"url\":\"https:\/\/goktas.net\/\",\"name\":\"G\u00f6kta\u015f Bilgisayar\",\"description\":\"G\u00f6kta\u015f Bilgisayar\",\"potentialAction\":[{\"@type\":\"SearchAction\",\"target\":{\"@type\":\"EntryPoint\",\"urlTemplate\":\"https:\/\/goktas.net\/?s={search_term_string}\"},\"query-input\":{\"@type\":\"PropertyValueSpecification\",\"valueRequired\":true,\"valueName\":\"search_term_string\"}}],\"inLanguage\":\"de\"}]}<\/script>\n<!-- \/ Yoast SEO plugin. -->","yoast_head_json":{"title":"\u0130leti\u015fim - G\u00f6kta\u015f Bilgisayar","robots":{"index":"index","follow":"follow","max-snippet":"max-snippet:-1","max-image-preview":"max-image-preview:large","max-video-preview":"max-video-preview:-1"},"canonical":"https:\/\/goktas.net\/de\/iletisim\/","og_locale":"de_DE","og_type":"article","og_title":"\u0130leti\u015fim - G\u00f6kta\u015f Bilgisayar","og_description":"\u0130leti\u015fim Bize Ula\u015f\u0131n Telefon Numaram\u0131z +90 (533) 524 86 94 E Posta Adresimiz info@goktas.net Adresimiz Kad\u0131pa\u015fa Mah. Bostanc\u0131p\u0131nar\u0131 Cd. Tutkcell tuluklar kar\u015f\u0131s\u0131 51-2 Alanya Sosyal Medya \u0130leti\u015fim Formu Bu formu bitirebilmek i\u00e7in taray\u0131c\u0131n\u0131zda JavaScript&#039;i etkinle\u015ftirin.Bu formu bitirebilmek i\u00e7in taray\u0131c\u0131n\u0131zda JavaScript&#039;i etkinle\u015ftirin. Ad\u0131 Soyad\u0131 * AdSoyad E-posta *Yorum veya Mesaj G\u00f6nder","og_url":"https:\/\/goktas.net\/de\/iletisim\/","og_site_name":"G\u00f6kta\u015f Bilgisayar","article_modified_time":"2025-10-26T20:45:36+00:00","og_image":[{"width":512,"height":512,"url":"https:\/\/goktas.net\/wp-content\/uploads\/2025\/09\/cropped-1.png","type":"image\/png"}],"twitter_card":"summary_large_image","twitter_misc":{"Gesch\u00e4tzte Lesezeit":"1\u00a0Minute"},"schema":{"@context":"https:\/\/schema.org","@graph":[{"@type":"WebPage","@id":"https:\/\/goktas.net\/iletisim\/","url":"https:\/\/goktas.net\/iletisim\/","name":"\u0130leti\u015fim - G\u00f6kta\u015f Bilgisayar","isPartOf":{"@id":"https:\/\/goktas.net\/#website"},"primaryImageOfPage":{"@id":"https:\/\/goktas.net\/iletisim\/#primaryimage"},"image":{"@id":"https:\/\/goktas.net\/iletisim\/#primaryimage"},"thumbnailUrl":"https:\/\/goktas.net\/wp-content\/uploads\/2025\/09\/cropped-1.png","datePublished":"2025-08-09T23:27:39+00:00","dateModified":"2025-10-26T20:45:36+00:00","breadcrumb":{"@id":"https:\/\/goktas.net\/iletisim\/#breadcrumb"},"inLanguage":"de","potentialAction":[{"@type":"ReadAction","target":["https:\/\/goktas.net\/iletisim\/"]}]},{"@type":"ImageObject","inLanguage":"de","@id":"https:\/\/goktas.net\/iletisim\/#primaryimage","url":"https:\/\/goktas.net\/wp-content\/uploads\/2025\/09\/cropped-1.png","contentUrl":"https:\/\/goktas.net\/wp-content\/uploads\/2025\/09\/cropped-1.png","width":512,"height":512},{"@type":"BreadcrumbList","@id":"https:\/\/goktas.net\/iletisim\/#breadcrumb","itemListElement":[{"@type":"ListItem","position":1,"name":"Anasayfa","item":"https:\/\/goktas.net\/"},{"@type":"ListItem","position":2,"name":"\u0130leti\u015fim"}]},{"@type":"WebSite","@id":"https:\/\/goktas.net\/#website","url":"https:\/\/goktas.net\/","name":"G\u00f6kta\u015f Bilgisayar","description":"G\u00f6kta\u015f Bilgisayar","potentialAction":[{"@type":"SearchAction","target":{"@type":"EntryPoint","urlTemplate":"https:\/\/goktas.net\/?s={search_term_string}"},"query-input":{"@type":"PropertyValueSpecification","valueRequired":true,"valueName":"search_term_string"}}],"inLanguage":"de"}]}},"_links":{"self":[{"href":"https:\/\/goktas.net\/de\/wp-json\/wp\/v2\/pages\/489","targetHints":{"allow":["GET"]}}],"collection":[{"href":"https:\/\/goktas.net\/de\/wp-json\/wp\/v2\/pages"}],"about":[{"href":"https:\/\/goktas.net\/de\/wp-json\/wp\/v2\/types\/page"}],"author":[{"embeddable":true,"href":"https:\/\/goktas.net\/de\/wp-json\/wp\/v2\/users\/1"}],"replies":[{"embeddable":true,"href":"https:\/\/goktas.net\/de\/wp-json\/wp\/v2\/comments?post=489"}],"version-history":[{"count":59,"href":"https:\/\/goktas.net\/de\/wp-json\/wp\/v2\/pages\/489\/revisions"}],"predecessor-version":[{"id":1029,"href":"https:\/\/goktas.net\/de\/wp-json\/wp\/v2\/pages\/489\/revisions\/1029"}],"wp:featuredmedia":[{"embeddable":true,"href":"https:\/\/goktas.net\/de\/wp-json\/wp\/v2\/media\/633"}],"wp:attachment":[{"href":"https:\/\/goktas.net\/de\/wp-json\/wp\/v2\/media?parent=489"}],"curies":[{"name":"wp","href":"https:\/\/api.w.org\/{rel}","templated":true}]}}