{"id":455,"date":"2025-08-10T02:12:52","date_gmt":"2025-08-09T23:12:52","guid":{"rendered":"https:\/\/goktas.net\/?page_id=455"},"modified":"2025-09-09T22:16:36","modified_gmt":"2025-09-09T19:16:36","slug":"kisisel-verilerin-korunmasi-kanunu","status":"publish","type":"page","link":"https:\/\/goktas.net\/de\/kisisel-verilerin-korunmasi-kanunu\/","title":{"rendered":"Gesetz zum Schutz personenbezogener Daten"},"content":{"rendered":"<div data-elementor-type=\"wp-page\" data-elementor-id=\"455\" class=\"elementor elementor-455\">\n\t\t\t\t<div class=\"elementor-element elementor-element-73032ef e-flex e-con-boxed elementor-invisible e-con e-parent\" data-id=\"73032ef\" data-element_type=\"container\" data-settings=\"{&quot;jet_parallax_layout_list&quot;:[],&quot;animation&quot;:&quot;fadeInUp&quot;}\">\n\t\t\t\t\t<div class=\"e-con-inner\">\n\t\t\t\t<div class=\"elementor-element elementor-element-a290b8c elementor-widget elementor-widget-heading\" data-id=\"a290b8c\" data-element_type=\"widget\" data-widget_type=\"heading.default\">\n\t\t\t\t\t<h2 class=\"elementor-heading-title elementor-size-default\">Richtlinie zum Schutz und zur Verarbeitung personenbezogener Daten\n<\/h2>\t\t\t\t<\/div>\n\t\t\t\t<div class=\"elementor-element elementor-element-1f82239 elementor-widget elementor-widget-text-editor\" data-id=\"1f82239\" data-element_type=\"widget\" data-widget_type=\"text-editor.default\">\n\t\t\t\t\t\t\t\t\t<p>Diese Richtlinie legt die Grunds\u00e4tze f\u00fcr die Verarbeitung, Speicherung und den Schutz personenbezogener Daten von Personen fest, die unsere Website nutzen (\u201ebetroffene Person\u201c), im Rahmen des Gesetzes zum Schutz personenbezogener Daten Nr. 6698 (KVKK) und der Datenschutz-Grundverordnung der Europ\u00e4ischen Union (DSGVO).<\/p><p><strong>1. Verantwortlicher<\/strong><br \/>Als Verantwortlicher f\u00fcr die Datenverarbeitung sind wir gem\u00e4\u00df den geltenden Gesetzen f\u00fcr die auf dieser Website erhobenen personenbezogenen Daten verantwortlich. Sie k\u00f6nnen uns \u00fcber die auf der Website angegebenen Kan\u00e4le kontaktieren.<\/p><p><strong>2. Erhobene personenbezogene Daten<\/strong><br \/>Folgende Daten k\u00f6nnen vom Nutzer direkt oder automatisiert erhoben werden:<\/p><p>Identit\u00e4tsinformationen: Name, Nachname, Benutzername, Geburtsdatum<\/p><p>Kontaktinformationen: Telefonnummer, E-Mail-Adresse, Postanschrift<\/p><p>Technische Informationen: IP-Adresse, Browsertyp, Betriebssystem, Ger\u00e4teinformationen<\/p><p>Nutzungsinformationen: Site-Navigation, Transaktionsverlauf, Klickaufzeichnungen<\/p><p>Finanzinformationen: Zahlungs- und Rechnungsinformationen (im Falle einer Transaktion)<\/p><p>Cookie-Daten: Durch Cookies gesammelte Informationen<\/p><p><strong>3. Zwecke der Verarbeitung personenbezogener Daten<\/strong><br \/>Die erhobenen Daten k\u00f6nnen zu folgenden Zwecken verarbeitet werden:<\/p><p>Bereitstellung, Verbesserung und Personalisierung von Diensten<\/p><p>Durchf\u00fchrung von Mitgliedschafts- und Transaktionsprozessen<\/p><p>Beantwortung von Anfragen und Beschwerden<\/p><p>Erf\u00fcllung rechtlicher Verpflichtungen<\/p><p>Verbesserung der Benutzererfahrung<\/p><p>Marketing-, Kampagnen- und Informationsaktivit\u00e4ten (mit ausdr\u00fccklicher Einwilligung)<\/p><p><strong>4. Rechtsgrundlagen<\/strong><br \/>Ihre personenbezogenen Daten;<\/p><p>Ausdr\u00fcckliche Zustimmung<\/p><p>Vertragserf\u00fcllung<\/p><p>Erf\u00fcllung rechtlicher Verpflichtungen<\/p><p>Berechtigtes Interesse<br \/>erfolgt aus rechtlichen Gr\u00fcnden.<\/p><p><strong>5. Dauer der Datenspeicherung<\/strong><br \/>Personenbezogene Daten werden f\u00fcr die in den einschl\u00e4gigen Gesetzen festgelegten Zeitr\u00e4ume oder bis zum Wegfall des Verarbeitungszwecks gespeichert. Nach Ablauf dieser Frist werden die Daten sicher gel\u00f6scht, vernichtet oder anonymisiert.<\/p><p><strong>6. Weitergabe personenbezogener Daten<\/strong><br \/>Ihre personenbezogenen Daten werden ausschlie\u00dflich f\u00fcr folgende Zwecke verwendet:<\/p><p>Rechtliche Verpflichtungen<\/p><p>Anfragen autorisierter \u00f6ffentlicher Einrichtungen und Organisationen<\/p><p>Unsere Dienstleister-Partner (Hosting, Versand, Zahlung usw.)<br \/>wird in F\u00e4llen geteilt.<\/p><p>Daten werden weder verkauft noch zu kommerziellen Zwecken an Dritte weitergegeben.<\/p><p><strong>7. Daten\u00fcbermittlung ins Ausland<\/strong><br \/>Wenn der Dienst dies erfordert, k\u00f6nnen Ihre Daten ins Ausland in L\u00e4nder \u00fcbertragen werden, die einen angemessenen Schutz gem\u00e4\u00df den Anforderungen der KVKK und der DSGVO bieten, oder mit Ihrer ausdr\u00fccklichen Zustimmung.<\/p><p><strong>8. Datensicherheit<\/strong><br \/>Zur Sicherheit Ihrer personenbezogenen Daten;<\/p><p>Technische Ma\u00dfnahmen zum Schutz vor unbefugtem Zugriff (Verschl\u00fcsselung, Firewall, SSL etc.)<\/p><p>Autorisierung und Zugriffskontrolle<\/p><p>Personalvertraulichkeitsverpflichtungen<br \/>wird implementiert.<\/p><p><strong>9. Rechte des Dateneigent\u00fcmers<\/strong><br \/>Im Rahmen von Artikel 11 des KVKK und den Artikeln 15-22 der DSGVO haben Dateninhaber folgende Rechte:<\/p><p>Zugriff auf personenbezogene Daten anfordern<\/p><p>Berichtigung von Daten beantragen<\/p><p>L\u00f6schung oder Vernichtung von Daten beantragen<\/p><p>Einschr\u00e4nkung der Verarbeitung beantragen<\/p><p>Beantragung der Portabilit\u00e4t verarbeiteter Daten<\/p><p>Widerspruch gegen die Verarbeitung<\/p><p>Widerruf der ausdr\u00fccklichen Einwilligung<\/p><p>Zur Aus\u00fcbung dieser Rechte k\u00f6nnen Sie uns \u00fcber die auf unserer Website angegebenen Kontaktadressen kontaktieren.<\/p><p><strong>10. Richtlinien\u00e4nderungen<\/strong><br \/>Diese Richtlinie kann von Zeit zu Zeit aktualisiert werden. Die aktualisierte Version tritt mit der Ver\u00f6ffentlichung auf unserer Website in Kraft.<\/p>\t\t\t\t\t\t\t\t<\/div>\n\t\t\t\t\t<\/div>\n\t\t\t\t<\/div>\n\t\t\t\t<\/div>","protected":false},"excerpt":{"rendered":"<p>Datenschutzrichtlinie Diese Richtlinie legt die Grunds\u00e4tze f\u00fcr die Verarbeitung, Speicherung und den Schutz personenbezogener Daten von Nutzern unserer Website (\u201ebetroffene Person\u201c) im Rahmen des franz\u00f6sischen Datenschutzgesetzes Nr. 6698 (KVKK) und der EU-Datenschutz-Grundverordnung (DSGVO) fest. 1. Verantwortlicher Verantwortlicher f\u00fcr die Verarbeitung der auf dieser Website erhobenen personenbezogenen Daten im Rahmen der geltenden Rechtsvorschriften ist [...]<\/p>","protected":false},"author":1,"featured_media":633,"parent":0,"menu_order":0,"comment_status":"closed","ping_status":"closed","template":"elementor_header_footer","meta":{"_acf_changed":false,"footnotes":""},"class_list":["post-455","page","type-page","status-publish","has-post-thumbnail","hentry"],"acf":[],"yoast_head":"<!-- This site is optimized with the Yoast SEO plugin v25.6 - https:\/\/yoast.com\/wordpress\/plugins\/seo\/ -->\n<title>Ki\u015fisel Verilerin Korunmas\u0131 Kanunu - G\u00f6kta\u015f Bilgisayar<\/title>\n<meta name=\"robots\" content=\"index, follow, max-snippet:-1, max-image-preview:large, max-video-preview:-1\" \/>\n<link rel=\"canonical\" href=\"https:\/\/goktas.net\/de\/kisisel-verilerin-korunmasi-kanunu\/\" \/>\n<meta property=\"og:locale\" content=\"de_DE\" \/>\n<meta property=\"og:type\" content=\"article\" \/>\n<meta property=\"og:title\" content=\"Ki\u015fisel Verilerin Korunmas\u0131 Kanunu - G\u00f6kta\u015f Bilgisayar\" \/>\n<meta property=\"og:description\" content=\"Ki\u015fisel Verilerin Korunmas\u0131 ve \u0130\u015flenmesi Politikas\u0131 Bu politika, 6698 say\u0131l\u0131 Ki\u015fisel Verilerin Korunmas\u0131 Kanunu (KVKK) ve Avrupa Birli\u011fi Genel Veri Koruma T\u00fcz\u00fc\u011f\u00fc (GDPR) kapsam\u0131nda, web sitemizi kullanan ki\u015filerin (\u201cVeri Sahibi\u201d) ki\u015fisel verilerinin i\u015flenmesi, saklanmas\u0131 ve korunmas\u0131na ili\u015fkin esaslar\u0131 belirler. 1. Veri Sorumlusu Bu web sitesinde toplanan ki\u015fisel verilerden, ilgili yasal mevzuat \u00e7er\u00e7evesinde veri sorumlusu s\u0131fat\u0131yla [&hellip;]\" \/>\n<meta property=\"og:url\" content=\"https:\/\/goktas.net\/de\/kisisel-verilerin-korunmasi-kanunu\/\" \/>\n<meta property=\"og:site_name\" content=\"G\u00f6kta\u015f Bilgisayar\" \/>\n<meta property=\"article:modified_time\" content=\"2025-09-09T19:16:36+00:00\" \/>\n<meta property=\"og:image\" content=\"https:\/\/goktas.net\/wp-content\/uploads\/2025\/09\/cropped-1.png\" \/>\n\t<meta property=\"og:image:width\" content=\"512\" \/>\n\t<meta property=\"og:image:height\" content=\"512\" \/>\n\t<meta property=\"og:image:type\" content=\"image\/png\" \/>\n<meta name=\"twitter:card\" content=\"summary_large_image\" \/>\n<meta name=\"twitter:label1\" content=\"Gesch\u00e4tzte Lesezeit\" \/>\n\t<meta name=\"twitter:data1\" content=\"3\u00a0Minuten\" \/>\n<script type=\"application\/ld+json\" class=\"yoast-schema-graph\">{\"@context\":\"https:\/\/schema.org\",\"@graph\":[{\"@type\":\"WebPage\",\"@id\":\"https:\/\/goktas.net\/kisisel-verilerin-korunmasi-kanunu\/\",\"url\":\"https:\/\/goktas.net\/kisisel-verilerin-korunmasi-kanunu\/\",\"name\":\"Ki\u015fisel Verilerin Korunmas\u0131 Kanunu - G\u00f6kta\u015f Bilgisayar\",\"isPartOf\":{\"@id\":\"https:\/\/goktas.net\/#website\"},\"primaryImageOfPage\":{\"@id\":\"https:\/\/goktas.net\/kisisel-verilerin-korunmasi-kanunu\/#primaryimage\"},\"image\":{\"@id\":\"https:\/\/goktas.net\/kisisel-verilerin-korunmasi-kanunu\/#primaryimage\"},\"thumbnailUrl\":\"https:\/\/goktas.net\/wp-content\/uploads\/2025\/09\/cropped-1.png\",\"datePublished\":\"2025-08-09T23:12:52+00:00\",\"dateModified\":\"2025-09-09T19:16:36+00:00\",\"breadcrumb\":{\"@id\":\"https:\/\/goktas.net\/kisisel-verilerin-korunmasi-kanunu\/#breadcrumb\"},\"inLanguage\":\"de\",\"potentialAction\":[{\"@type\":\"ReadAction\",\"target\":[\"https:\/\/goktas.net\/kisisel-verilerin-korunmasi-kanunu\/\"]}]},{\"@type\":\"ImageObject\",\"inLanguage\":\"de\",\"@id\":\"https:\/\/goktas.net\/kisisel-verilerin-korunmasi-kanunu\/#primaryimage\",\"url\":\"https:\/\/goktas.net\/wp-content\/uploads\/2025\/09\/cropped-1.png\",\"contentUrl\":\"https:\/\/goktas.net\/wp-content\/uploads\/2025\/09\/cropped-1.png\",\"width\":512,\"height\":512},{\"@type\":\"BreadcrumbList\",\"@id\":\"https:\/\/goktas.net\/kisisel-verilerin-korunmasi-kanunu\/#breadcrumb\",\"itemListElement\":[{\"@type\":\"ListItem\",\"position\":1,\"name\":\"Anasayfa\",\"item\":\"https:\/\/goktas.net\/\"},{\"@type\":\"ListItem\",\"position\":2,\"name\":\"Ki\u015fisel Verilerin Korunmas\u0131 Kanunu\"}]},{\"@type\":\"WebSite\",\"@id\":\"https:\/\/goktas.net\/#website\",\"url\":\"https:\/\/goktas.net\/\",\"name\":\"G\u00f6kta\u015f Bilgisayar\",\"description\":\"G\u00f6kta\u015f Bilgisayar\",\"potentialAction\":[{\"@type\":\"SearchAction\",\"target\":{\"@type\":\"EntryPoint\",\"urlTemplate\":\"https:\/\/goktas.net\/?s={search_term_string}\"},\"query-input\":{\"@type\":\"PropertyValueSpecification\",\"valueRequired\":true,\"valueName\":\"search_term_string\"}}],\"inLanguage\":\"de\"}]}<\/script>\n<!-- \/ Yoast SEO plugin. -->","yoast_head_json":{"title":"Ki\u015fisel Verilerin Korunmas\u0131 Kanunu - G\u00f6kta\u015f Bilgisayar","robots":{"index":"index","follow":"follow","max-snippet":"max-snippet:-1","max-image-preview":"max-image-preview:large","max-video-preview":"max-video-preview:-1"},"canonical":"https:\/\/goktas.net\/de\/kisisel-verilerin-korunmasi-kanunu\/","og_locale":"de_DE","og_type":"article","og_title":"Ki\u015fisel Verilerin Korunmas\u0131 Kanunu - G\u00f6kta\u015f Bilgisayar","og_description":"Ki\u015fisel Verilerin Korunmas\u0131 ve \u0130\u015flenmesi Politikas\u0131 Bu politika, 6698 say\u0131l\u0131 Ki\u015fisel Verilerin Korunmas\u0131 Kanunu (KVKK) ve Avrupa Birli\u011fi Genel Veri Koruma T\u00fcz\u00fc\u011f\u00fc (GDPR) kapsam\u0131nda, web sitemizi kullanan ki\u015filerin (\u201cVeri Sahibi\u201d) ki\u015fisel verilerinin i\u015flenmesi, saklanmas\u0131 ve korunmas\u0131na ili\u015fkin esaslar\u0131 belirler. 1. Veri Sorumlusu Bu web sitesinde toplanan ki\u015fisel verilerden, ilgili yasal mevzuat \u00e7er\u00e7evesinde veri sorumlusu s\u0131fat\u0131yla [&hellip;]","og_url":"https:\/\/goktas.net\/de\/kisisel-verilerin-korunmasi-kanunu\/","og_site_name":"G\u00f6kta\u015f Bilgisayar","article_modified_time":"2025-09-09T19:16:36+00:00","og_image":[{"width":512,"height":512,"url":"https:\/\/goktas.net\/wp-content\/uploads\/2025\/09\/cropped-1.png","type":"image\/png"}],"twitter_card":"summary_large_image","twitter_misc":{"Gesch\u00e4tzte Lesezeit":"3\u00a0Minuten"},"schema":{"@context":"https:\/\/schema.org","@graph":[{"@type":"WebPage","@id":"https:\/\/goktas.net\/kisisel-verilerin-korunmasi-kanunu\/","url":"https:\/\/goktas.net\/kisisel-verilerin-korunmasi-kanunu\/","name":"Ki\u015fisel Verilerin Korunmas\u0131 Kanunu - G\u00f6kta\u015f Bilgisayar","isPartOf":{"@id":"https:\/\/goktas.net\/#website"},"primaryImageOfPage":{"@id":"https:\/\/goktas.net\/kisisel-verilerin-korunmasi-kanunu\/#primaryimage"},"image":{"@id":"https:\/\/goktas.net\/kisisel-verilerin-korunmasi-kanunu\/#primaryimage"},"thumbnailUrl":"https:\/\/goktas.net\/wp-content\/uploads\/2025\/09\/cropped-1.png","datePublished":"2025-08-09T23:12:52+00:00","dateModified":"2025-09-09T19:16:36+00:00","breadcrumb":{"@id":"https:\/\/goktas.net\/kisisel-verilerin-korunmasi-kanunu\/#breadcrumb"},"inLanguage":"de","potentialAction":[{"@type":"ReadAction","target":["https:\/\/goktas.net\/kisisel-verilerin-korunmasi-kanunu\/"]}]},{"@type":"ImageObject","inLanguage":"de","@id":"https:\/\/goktas.net\/kisisel-verilerin-korunmasi-kanunu\/#primaryimage","url":"https:\/\/goktas.net\/wp-content\/uploads\/2025\/09\/cropped-1.png","contentUrl":"https:\/\/goktas.net\/wp-content\/uploads\/2025\/09\/cropped-1.png","width":512,"height":512},{"@type":"BreadcrumbList","@id":"https:\/\/goktas.net\/kisisel-verilerin-korunmasi-kanunu\/#breadcrumb","itemListElement":[{"@type":"ListItem","position":1,"name":"Anasayfa","item":"https:\/\/goktas.net\/"},{"@type":"ListItem","position":2,"name":"Ki\u015fisel Verilerin Korunmas\u0131 Kanunu"}]},{"@type":"WebSite","@id":"https:\/\/goktas.net\/#website","url":"https:\/\/goktas.net\/","name":"G\u00f6kta\u015f Bilgisayar","description":"G\u00f6kta\u015f Bilgisayar","potentialAction":[{"@type":"SearchAction","target":{"@type":"EntryPoint","urlTemplate":"https:\/\/goktas.net\/?s={search_term_string}"},"query-input":{"@type":"PropertyValueSpecification","valueRequired":true,"valueName":"search_term_string"}}],"inLanguage":"de"}]}},"_links":{"self":[{"href":"https:\/\/goktas.net\/de\/wp-json\/wp\/v2\/pages\/455","targetHints":{"allow":["GET"]}}],"collection":[{"href":"https:\/\/goktas.net\/de\/wp-json\/wp\/v2\/pages"}],"about":[{"href":"https:\/\/goktas.net\/de\/wp-json\/wp\/v2\/types\/page"}],"author":[{"embeddable":true,"href":"https:\/\/goktas.net\/de\/wp-json\/wp\/v2\/users\/1"}],"replies":[{"embeddable":true,"href":"https:\/\/goktas.net\/de\/wp-json\/wp\/v2\/comments?post=455"}],"version-history":[{"count":11,"href":"https:\/\/goktas.net\/de\/wp-json\/wp\/v2\/pages\/455\/revisions"}],"predecessor-version":[{"id":648,"href":"https:\/\/goktas.net\/de\/wp-json\/wp\/v2\/pages\/455\/revisions\/648"}],"wp:featuredmedia":[{"embeddable":true,"href":"https:\/\/goktas.net\/de\/wp-json\/wp\/v2\/media\/633"}],"wp:attachment":[{"href":"https:\/\/goktas.net\/de\/wp-json\/wp\/v2\/media?parent=455"}],"curies":[{"name":"wp","href":"https:\/\/api.w.org\/{rel}","templated":true}]}}